{"id":952,"date":"2019-04-15T15:45:26","date_gmt":"2019-04-15T13:45:26","guid":{"rendered":"http:\/\/localhost\/?page_id=952"},"modified":"2024-11-22T15:32:09","modified_gmt":"2024-11-22T14:32:09","slug":"libro-de-familia","status":"publish","type":"page","link":"https:\/\/www.villeneuve-les-beziers.fr\/es\/demarches\/livret-de-famille\/","title":{"rendered":"Libro de familia"},"content":{"rendered":"<h2 class=\"wp-block-heading\">\u00bfQui\u00e9n puede obtener un libro de familia?<\/h2>\n\n\n\n<ul class=\"wp-block-list\">\n<li>Los novios en la ceremonia de boda<\/li>\n\n\n\n<li>El(los) progenitor(es) no casado(s) tras el nacimiento del 1er hijo, en la medida en que se haya establecido la filiaci\u00f3n con respecto al hijo<\/li>\n\n\n\n<li>La persona o personas que han adoptado a un ni\u00f1o<\/li>\n<\/ul>\n\n\n\n<h2 class=\"wp-block-heading\">\u00bfD\u00f3nde puedo solicitar un libro de familia?<\/h2>\n\n\n\n<p>En el ayuntamiento local :<\/p>\n\n\n\n<ul class=\"wp-block-list\">\n<li>para los novios<\/li>\n\n\n\n<li>certificado de nacimiento del 1er hijo de padres no casados<\/li>\n\n\n\n<li>del lugar de residencia de los interesados en todos los casos<\/li>\n<\/ul>\n\n\n\n<h2 class=\"wp-block-heading\">\u00bfCu\u00e1ndo puedo solicitar una segunda copia del libro de familia?<\/h2>\n\n\n\n<ul class=\"wp-block-list\">\n<li>En caso de p\u00e9rdida o robo de la libreta (presente una denuncia a la polic\u00eda o un certificado de p\u00e9rdida y un justificante de domicilio)<\/li>\n\n\n\n<li>En caso de divorcio, separaci\u00f3n legal, separaci\u00f3n de hecho o desacuerdo<\/li>\n\n\n\n<li>Cuando se produzca un cambio en la filiaci\u00f3n o en el nombre de las personas que figuran en la cartilla<\/li>\n<\/ul>\n\n\n\n<p>Entrega de registros familiares<\/p>\n\n\n\n<ul class=\"wp-block-list\">\n<li>En el ayuntamiento previa presentaci\u00f3n de un documento de identidad<\/li>\n<\/ul>\n\n\n\n<h2 class=\"wp-block-heading\">\u00a1Precauci\u00f3n!<\/h2>\n\n\n\n<p>La utilizaci\u00f3n de un libro de familia incompleto o que se haya vuelto inexacto debido a cambios en la situaci\u00f3n de las personas afectadas hace que la persona responsable pueda ser perseguida penalmente.<\/p>","protected":false},"excerpt":{"rendered":"<p>Qui peut obtenir un livret de famille ? O\u00f9 peut-on demander un livret de famille ? \u00c0 la mairie du lieu : Quand peut-on demander un second exemplaire du livret de famille ? Remise des livrets de famille Attention ! L\u2019usage d\u2019un livret de famille incomplet ou devenu inexact en raison des changements intervenus dans [&hellip;]<\/p>\n","protected":false},"author":1,"featured_media":1196,"parent":853,"menu_order":0,"comment_status":"closed","ping_status":"closed","template":"","meta":{"footnotes":""},"class_list":["post-952","page","type-page","status-publish","has-post-thumbnail","hentry"],"_links":{"self":[{"href":"https:\/\/www.villeneuve-les-beziers.fr\/es\/wp-json\/wp\/v2\/pages\/952","targetHints":{"allow":["GET"]}}],"collection":[{"href":"https:\/\/www.villeneuve-les-beziers.fr\/es\/wp-json\/wp\/v2\/pages"}],"about":[{"href":"https:\/\/www.villeneuve-les-beziers.fr\/es\/wp-json\/wp\/v2\/types\/page"}],"author":[{"embeddable":true,"href":"https:\/\/www.villeneuve-les-beziers.fr\/es\/wp-json\/wp\/v2\/users\/1"}],"replies":[{"embeddable":true,"href":"https:\/\/www.villeneuve-les-beziers.fr\/es\/wp-json\/wp\/v2\/comments?post=952"}],"version-history":[{"count":0,"href":"https:\/\/www.villeneuve-les-beziers.fr\/es\/wp-json\/wp\/v2\/pages\/952\/revisions"}],"up":[{"embeddable":true,"href":"https:\/\/www.villeneuve-les-beziers.fr\/es\/wp-json\/wp\/v2\/pages\/853"}],"wp:featuredmedia":[{"embeddable":true,"href":"https:\/\/www.villeneuve-les-beziers.fr\/es\/wp-json\/wp\/v2\/media\/1196"}],"wp:attachment":[{"href":"https:\/\/www.villeneuve-les-beziers.fr\/es\/wp-json\/wp\/v2\/media?parent=952"}],"curies":[{"name":"wp","href":"https:\/\/api.w.org\/{rel}","templated":true}]}}