{"id":964,"date":"2019-04-15T15:47:12","date_gmt":"2019-04-15T13:47:12","guid":{"rendered":"http:\/\/localhost\/?page_id=964"},"modified":"2024-11-22T15:37:28","modified_gmt":"2024-11-22T14:37:28","slug":"legalizacion-de-la-firma","status":"publish","type":"page","link":"https:\/\/www.villeneuve-les-beziers.fr\/es\/demarches\/legalisation-de-signature\/","title":{"rendered":"Legalizaci\u00f3n de la firma"},"content":{"rendered":"<h2 class=\"wp-block-heading\">\u00bfDe qu\u00e9 se trata?<\/h2>\n\n\n\n<p>Esta formalidad certifica que la firma del documento corresponde a la identidad de la persona que lo ha firmado.<\/p>\n\n\n\n<h2 class=\"wp-block-heading\">\u00bfD\u00f3nde?<\/h2>\n\n\n\n<p>Las solicitudes deben presentarse en el ayuntamiento.<\/p>\n\n\n\n<h2 class=\"wp-block-heading\">Requisitos previos<\/h2>\n\n\n\n<ul class=\"wp-block-list\">\n<li>El solicitante deber\u00e1 firmar en presencia del empleado autorizado.<\/li>\n\n\n\n<li>Deber\u00e1n acreditar su identidad (documento nacional de identidad, pasaporte, permiso de residencia v\u00e1lido).<\/li>\n\n\n\n<li>El documento en cuesti\u00f3n debe estar redactado en franc\u00e9s y debe ser legal, de inter\u00e9s p\u00fablico y cumplir las normas administrativas.<\/li>\n\n\n\n<li>Ning\u00fan documento privado puede ser autentificado como firma<\/li>\n\n\n\n<li>No se legalizar\u00e1 la autorizaci\u00f3n para prestar veh\u00edculos en el extranjero<\/li>\n<\/ul>\n\n\n\n<p>Las autenticaciones de firmas ya no se realizan en documentos que s\u00f3lo tienen inter\u00e9s privado.<\/p>\n\n\n\n<p>Para demostrar la obligaci\u00f3n administrativa de expedir el documento: presente la carta de solicitud de la organizaci\u00f3n que lo pide.<\/p>\n\n\n\n<p>M\u00e1s informaci\u00f3n en la p\u00e1gina oficial de la administraci\u00f3n francesa: <a href=\"http:\/\/www.service-public.fr\" target=\"_blank\" rel=\"noopener noreferrer nofollow\">servicio-p\u00fablico.fr<\/a><\/p>","protected":false},"excerpt":{"rendered":"<p>Qu&rsquo;est-ce que c&rsquo;est ? Cette formalit\u00e9 permet d&rsquo;attester que la signature appos\u00e9e sur le document correspond \u00e0 l&rsquo;identit\u00e9 de la personne qui a sign\u00e9 O\u00f9 ? La demande doit \u00eatre effectu\u00e9e \u00e0 la mairie. Conditions requises Les l\u00e9galisations de signature ne sont d\u00e9sormais plus r\u00e9alis\u00e9es sur des documents ne rev\u00eatant qu&rsquo;un int\u00e9r\u00eat priv\u00e9. Pour justifier [&hellip;]<\/p>\n","protected":false},"author":1,"featured_media":1027,"parent":853,"menu_order":0,"comment_status":"closed","ping_status":"closed","template":"","meta":{"footnotes":""},"class_list":["post-964","page","type-page","status-publish","has-post-thumbnail","hentry"],"_links":{"self":[{"href":"https:\/\/www.villeneuve-les-beziers.fr\/es\/wp-json\/wp\/v2\/pages\/964","targetHints":{"allow":["GET"]}}],"collection":[{"href":"https:\/\/www.villeneuve-les-beziers.fr\/es\/wp-json\/wp\/v2\/pages"}],"about":[{"href":"https:\/\/www.villeneuve-les-beziers.fr\/es\/wp-json\/wp\/v2\/types\/page"}],"author":[{"embeddable":true,"href":"https:\/\/www.villeneuve-les-beziers.fr\/es\/wp-json\/wp\/v2\/users\/1"}],"replies":[{"embeddable":true,"href":"https:\/\/www.villeneuve-les-beziers.fr\/es\/wp-json\/wp\/v2\/comments?post=964"}],"version-history":[{"count":0,"href":"https:\/\/www.villeneuve-les-beziers.fr\/es\/wp-json\/wp\/v2\/pages\/964\/revisions"}],"up":[{"embeddable":true,"href":"https:\/\/www.villeneuve-les-beziers.fr\/es\/wp-json\/wp\/v2\/pages\/853"}],"wp:featuredmedia":[{"embeddable":true,"href":"https:\/\/www.villeneuve-les-beziers.fr\/es\/wp-json\/wp\/v2\/media\/1027"}],"wp:attachment":[{"href":"https:\/\/www.villeneuve-les-beziers.fr\/es\/wp-json\/wp\/v2\/media?parent=964"}],"curies":[{"name":"wp","href":"https:\/\/api.w.org\/{rel}","templated":true}]}}