{"id":970,"date":"2019-04-15T15:48:02","date_gmt":"2019-04-15T13:48:02","guid":{"rendered":"http:\/\/localhost\/?page_id=970"},"modified":"2024-11-22T16:02:04","modified_gmt":"2024-11-22T15:02:04","slug":"certificados-de-bienvenida","status":"publish","type":"page","link":"https:\/\/www.villeneuve-les-beziers.fr\/es\/demarches\/attestations-daccueil\/","title":{"rendered":"Certificados de hosteler\u00eda"},"content":{"rendered":"<h2 class=\"wp-block-heading\">\u00bfD\u00f3nde?<\/h2>\n\n\n\n<p>Las solicitudes deben presentarse en el ayuntamiento.<\/p>\n\n\n\n<h2 class=\"wp-block-heading\">Requisitos previos<\/h2>\n\n\n\n<ul class=\"wp-block-list\">\n<li>el hu\u00e9sped debe rellenar un formulario in situ<\/li>\n\n\n\n<li>debe presentar \u00fanicamente documentos originales<\/li>\n\n\n\n<li>el plazo de tramitaci\u00f3n de la solicitud es de 1 mes<\/li>\n<\/ul>\n\n\n\n<h2 class=\"wp-block-heading\">Documentos que deben presentarse<\/h2>\n\n\n\n<ul class=\"wp-block-list\">\n<li>Documento de identidad o permiso de residencia del invitado<\/li>\n\n\n\n<li>Contrato de arrendamiento o t\u00edtulo de propiedad en el que se especifique, en particular, la superficie habitable del inmueble<\/li>\n\n\n\n<li>Justificante de domicilio con menos de 3 meses de antig\u00fcedad (EDF, factura de tel\u00e9fono o agua)<\/li>\n\n\n\n<li>Justificante de ingresos de los 3 meses anteriores a la solicitud<\/li>\n\n\n\n<li>Conocer el n\u00famero de pasaporte y la direcci\u00f3n completa de la persona tutelada, as\u00ed como su fecha y lugar de nacimiento.<\/li>\n\n\n\n<li>1 timbre fiscal de 45 euros a nombre del OMI- 1 sobre franqueado con su direcci\u00f3n<\/li>\n\n\n\n<li>Si el inquilino es menor de edad: un certificado en franc\u00e9s de la(s) persona(s) con autoridad legal que autorice(n) el viaje, con la firma autenticada de las autoridades extranjeras locales.<\/li>\n<\/ul>","protected":false},"excerpt":{"rendered":"<p>\u00bfD\u00f3nde puedo presentar mi solicitud? Las solicitudes deben presentarse en el ayuntamiento. Requisitos Documentos a presentar<\/p>","protected":false},"author":1,"featured_media":19325,"parent":853,"menu_order":0,"comment_status":"closed","ping_status":"closed","template":"","meta":{"footnotes":""},"class_list":["post-970","page","type-page","status-publish","has-post-thumbnail","hentry"],"_links":{"self":[{"href":"https:\/\/www.villeneuve-les-beziers.fr\/es\/wp-json\/wp\/v2\/pages\/970","targetHints":{"allow":["GET"]}}],"collection":[{"href":"https:\/\/www.villeneuve-les-beziers.fr\/es\/wp-json\/wp\/v2\/pages"}],"about":[{"href":"https:\/\/www.villeneuve-les-beziers.fr\/es\/wp-json\/wp\/v2\/types\/page"}],"author":[{"embeddable":true,"href":"https:\/\/www.villeneuve-les-beziers.fr\/es\/wp-json\/wp\/v2\/users\/1"}],"replies":[{"embeddable":true,"href":"https:\/\/www.villeneuve-les-beziers.fr\/es\/wp-json\/wp\/v2\/comments?post=970"}],"version-history":[{"count":0,"href":"https:\/\/www.villeneuve-les-beziers.fr\/es\/wp-json\/wp\/v2\/pages\/970\/revisions"}],"up":[{"embeddable":true,"href":"https:\/\/www.villeneuve-les-beziers.fr\/es\/wp-json\/wp\/v2\/pages\/853"}],"wp:featuredmedia":[{"embeddable":true,"href":"https:\/\/www.villeneuve-les-beziers.fr\/es\/wp-json\/wp\/v2\/media\/19325"}],"wp:attachment":[{"href":"https:\/\/www.villeneuve-les-beziers.fr\/es\/wp-json\/wp\/v2\/media?parent=970"}],"curies":[{"name":"wp","href":"https:\/\/api.w.org\/{rel}","templated":true}]}}