{"id":979,"date":"2019-04-15T15:49:14","date_gmt":"2019-04-15T13:49:14","guid":{"rendered":"http:\/\/localhost\/?page_id=979"},"modified":"2024-11-22T15:46:18","modified_gmt":"2024-11-22T14:46:18","slug":"declaracion-de-perros","status":"publish","type":"page","link":"https:\/\/www.villeneuve-les-beziers.fr\/es\/demarches\/declaration-de-chiens\/","title":{"rendered":"Declaraci\u00f3n de perros de 1\u00aa y 2\u00aa categor\u00eda"},"content":{"rendered":"<p>De acuerdo con las disposiciones legislativas y reglamentarias relativas a los animales peligrosos, si usted es propietario o poseedor de perros de 1\u00aa y 2\u00aa categor\u00eda, est\u00e1 obligado desde el 1 de enero de 2010 a obtener un permiso de posesi\u00f3n (para perros de m\u00e1s de un a\u00f1o) o un permiso de posesi\u00f3n provisional (para perros de menos de ocho meses) en su ayuntamiento.<\/p>\n\n\n\n<h2 class=\"wp-block-heading\">Procedimiento<\/h2>\n\n\n\n<p>La expedici\u00f3n de uno de estos permisos est\u00e1 supeditada a la presentaci\u00f3n, ante la Polic\u00eda Municipal, de un expediente que incluya los siguientes documentos:<\/p>\n\n\n\n<h2 class=\"wp-block-heading\">\u00bfD\u00f3nde?<\/h2>\n\n\n\n<p>En la Polic\u00eda Municipal, place Gabriel P\u00e9ri 34420 Villeneuve-l\u00e8s-B\u00e9ziers<br>Tel.: 04.67.39.90.01<\/p>\n\n\n\n<h2 class=\"wp-block-heading\">\u00bfQui\u00e9n es?<\/h2>\n\n\n\n<p>La declaraci\u00f3n debe hacerla el propietario del perro<\/p>\n\n\n\n<h2 class=\"wp-block-heading\">Documentos a presentar<\/h2>\n\n\n\n<ul class=\"wp-block-list\">\n<li>Libro del perro<\/li>\n\n\n\n<li>Tarjeta de identificaci\u00f3n (con n\u00famero de tatuaje)<\/li>\n\n\n\n<li>Certificado v\u00e1lido de vacunaci\u00f3n antirr\u00e1bica<\/li>\n\n\n\n<li>Certificado de seguro v\u00e1lido<\/li>\n\n\n\n<li>Para perros de 1\u00aa categor\u00eda: certificado de esterilizaci\u00f3n<\/li>\n\n\n\n<li>Certificado de aptitud del propietario expedido por un instructor autorizado<\/li>\n\n\n\n<li>Certificado de evaluaci\u00f3n del comportamiento del perro expedido por un veterinario autorizado. Dado que este certificado s\u00f3lo puede expedirse para perros de m\u00e1s de 8 meses, se expedir\u00e1 un permiso provisional para animales de menos de 8 meses.<\/li>\n<\/ul>","protected":false},"excerpt":{"rendered":"<p>Conform\u00e9ment aux dispositions l\u00e9gislatives et r\u00e9glementaires relatives aux animaux dangereux, si vous \u00eates propri\u00e9taire ou d\u00e9tenteur de chiens de 1\u00e8re et 2\u00e8me cat\u00e9gorie vous avez, depuis le 1er Janvier 2010, l\u2019obligation d\u2019obtenir aupr\u00e8s de la mairie de votre domicile un permis de d\u00e9tention (pour les chiens de plus de 1 an) ou un permis provisoire [&hellip;]<\/p>\n","protected":false},"author":1,"featured_media":15648,"parent":853,"menu_order":0,"comment_status":"closed","ping_status":"closed","template":"","meta":{"footnotes":""},"class_list":["post-979","page","type-page","status-publish","has-post-thumbnail","hentry"],"_links":{"self":[{"href":"https:\/\/www.villeneuve-les-beziers.fr\/es\/wp-json\/wp\/v2\/pages\/979","targetHints":{"allow":["GET"]}}],"collection":[{"href":"https:\/\/www.villeneuve-les-beziers.fr\/es\/wp-json\/wp\/v2\/pages"}],"about":[{"href":"https:\/\/www.villeneuve-les-beziers.fr\/es\/wp-json\/wp\/v2\/types\/page"}],"author":[{"embeddable":true,"href":"https:\/\/www.villeneuve-les-beziers.fr\/es\/wp-json\/wp\/v2\/users\/1"}],"replies":[{"embeddable":true,"href":"https:\/\/www.villeneuve-les-beziers.fr\/es\/wp-json\/wp\/v2\/comments?post=979"}],"version-history":[{"count":0,"href":"https:\/\/www.villeneuve-les-beziers.fr\/es\/wp-json\/wp\/v2\/pages\/979\/revisions"}],"up":[{"embeddable":true,"href":"https:\/\/www.villeneuve-les-beziers.fr\/es\/wp-json\/wp\/v2\/pages\/853"}],"wp:featuredmedia":[{"embeddable":true,"href":"https:\/\/www.villeneuve-les-beziers.fr\/es\/wp-json\/wp\/v2\/media\/15648"}],"wp:attachment":[{"href":"https:\/\/www.villeneuve-les-beziers.fr\/es\/wp-json\/wp\/v2\/media?parent=979"}],"curies":[{"name":"wp","href":"https:\/\/api.w.org\/{rel}","templated":true}]}}