{"id":986,"date":"2019-04-15T15:50:02","date_gmt":"2019-04-15T13:50:02","guid":{"rendered":"http:\/\/localhost\/?page_id=986"},"modified":"2024-11-22T15:25:55","modified_gmt":"2024-11-22T14:25:55","slug":"censo-militar","status":"publish","type":"page","link":"https:\/\/www.villeneuve-les-beziers.fr\/es\/demarches\/recensement-militaire\/","title":{"rendered":"Censo militar"},"content":{"rendered":"<p><\/p>\n\n\n\n<p>Todos los ciudadanos mayores de 16 a\u00f1os deben empadronarse en su ayuntamiento. Su representante legal puede hacerlo en su nombre. <\/p>\n\n\n\n<p>Desde 1999, los ni\u00f1os y ni\u00f1as nacidos a partir del 1 de enero de 1983 deben inscribirse en el mes de su cumplea\u00f1os.<br>Se expide un certificado de empadronamiento y un folleto informativo sobre el nuevo servicio nacional.<\/p>\n\n\n\n<p>Exposici\u00f3n :<br>- Libro de familia o certificado de nacimiento<br>- Documento de identidad v\u00e1lido.<\/p>\n\n\n\n<p>Si pierde este certificado, deber\u00e1 solicitar un duplicado a :<br>Centro Nacional de Servicios Caserne Mangin<br>BP 60910 - 66020 Perpi\u00f1\u00e1n Cedex<br>Tel.: 04 68 35 89 56<\/p>","protected":false},"excerpt":{"rendered":"<p>Tout citoyen \u00e2g\u00e9 de 16 ans est tenu de se faire recenser \u00e0 la mairie de son domicile. Le repr\u00e9sentant l\u00e9gal peut effectuer cette d\u00e9marche \u00e0 sa place. Depuis 1999, les gar\u00e7ons et les filles n\u00e9s \u00e0 partir du 1er janvier 1983 se font recenser dans leur mois d&rsquo;anniversaire.Une attestation de recensement est remise, ainsi [&hellip;]<\/p>\n","protected":false},"author":1,"featured_media":1187,"parent":853,"menu_order":0,"comment_status":"closed","ping_status":"closed","template":"","meta":{"footnotes":""},"class_list":["post-986","page","type-page","status-publish","has-post-thumbnail","hentry"],"_links":{"self":[{"href":"https:\/\/www.villeneuve-les-beziers.fr\/es\/wp-json\/wp\/v2\/pages\/986","targetHints":{"allow":["GET"]}}],"collection":[{"href":"https:\/\/www.villeneuve-les-beziers.fr\/es\/wp-json\/wp\/v2\/pages"}],"about":[{"href":"https:\/\/www.villeneuve-les-beziers.fr\/es\/wp-json\/wp\/v2\/types\/page"}],"author":[{"embeddable":true,"href":"https:\/\/www.villeneuve-les-beziers.fr\/es\/wp-json\/wp\/v2\/users\/1"}],"replies":[{"embeddable":true,"href":"https:\/\/www.villeneuve-les-beziers.fr\/es\/wp-json\/wp\/v2\/comments?post=986"}],"version-history":[{"count":0,"href":"https:\/\/www.villeneuve-les-beziers.fr\/es\/wp-json\/wp\/v2\/pages\/986\/revisions"}],"up":[{"embeddable":true,"href":"https:\/\/www.villeneuve-les-beziers.fr\/es\/wp-json\/wp\/v2\/pages\/853"}],"wp:featuredmedia":[{"embeddable":true,"href":"https:\/\/www.villeneuve-les-beziers.fr\/es\/wp-json\/wp\/v2\/media\/1187"}],"wp:attachment":[{"href":"https:\/\/www.villeneuve-les-beziers.fr\/es\/wp-json\/wp\/v2\/media?parent=986"}],"curies":[{"name":"wp","href":"https:\/\/api.w.org\/{rel}","templated":true}]}}