{"id":12444,"date":"2022-05-13T16:41:20","date_gmt":"2022-05-13T14:41:20","guid":{"rendered":"https:\/\/www.villeneuve-les-beziers.fr\/?page_id=12444"},"modified":"2024-11-25T17:49:29","modified_gmt":"2024-11-25T16:49:29","slug":"brigata-ambientale","status":"publish","type":"page","link":"https:\/\/www.villeneuve-les-beziers.fr\/it\/vie-pratique\/securite\/brigade-environnementale\/","title":{"rendered":"Brigata Ambientale"},"content":{"rendered":"<h2 class=\"wp-block-heading\">Presentazione della brigata ambientale<\/h2>\n\n\n\n<p class=\"has-text-align-left\">Il compito generale della brigata ambientale \u00e8 quello di prevenire e combattere l'incivismo, che assume la forma di attacchi alla salute pubblica e alla qualit\u00e0 della vita. La brigata effettua pattugliamenti pi\u00f9 volte al giorno.\u00a0<\/p>\n\n\n\n<div style=\"height:4em\" aria-hidden=\"true\" class=\"wp-block-spacer\"><\/div>\n\n\n\n<h2 class=\"wp-block-heading\">Le missioni della brigata<\/h2>\n\n\n\n<div class=\"wp-block-columns are-vertically-aligned-top is-layout-flex wp-container-core-columns-is-layout-28f84493 wp-block-columns-is-layout-flex\">\n<div class=\"wp-block-column is-vertically-aligned-top is-layout-flow wp-block-column-is-layout-flow\">\n<p>Le varie missioni e aree di azione della brigata ambientale sono:<\/p>\n\n\n\n<ul class=\"wp-block-list\">\n<li>Inquinamento acustico<\/li>\n\n\n\n<li>Scarico illegale<\/li>\n\n\n\n<li>Cabanizzazione<\/li>\n\n\n\n<li>Feci di cane 135 euro<\/li>\n\n\n\n<li>Inquinamento<\/li>\n\n\n\n<li>Taglio delle siepi<\/li>\n<\/ul>\n\n\n\n<p>La polizia municipale e la brigata ambientale le ricordano che \u00e8 vietato bruciare i rifiuti.<\/p>\n<\/div>\n\n\n\n<div class=\"wp-block-column is-vertically-aligned-top is-layout-flow wp-block-column-is-layout-flow\">\n<figure class=\"wp-block-image size-full\"><img loading=\"lazy\" decoding=\"async\" width=\"600\" height=\"400\" src=\"https:\/\/www.villeneuve-les-beziers.fr\/wp-content\/uploads\/2022\/05\/Brigade-environnement.jpg\" alt=\"\" class=\"wp-image-11892\" srcset=\"https:\/\/www.villeneuve-les-beziers.fr\/wp-content\/uploads\/2022\/05\/Brigade-environnement.jpg 600w, https:\/\/www.villeneuve-les-beziers.fr\/wp-content\/uploads\/2022\/05\/Brigade-environnement-150x100.jpg 150w, https:\/\/www.villeneuve-les-beziers.fr\/wp-content\/uploads\/2022\/05\/Brigade-environnement-300x200.jpg 300w, https:\/\/www.villeneuve-les-beziers.fr\/wp-content\/uploads\/2022\/05\/Brigade-environnement-391x260.jpg 391w, https:\/\/www.villeneuve-les-beziers.fr\/wp-content\/uploads\/2022\/05\/Brigade-environnement-24x16.jpg 24w, https:\/\/www.villeneuve-les-beziers.fr\/wp-content\/uploads\/2022\/05\/Brigade-environnement-36x24.jpg 36w, https:\/\/www.villeneuve-les-beziers.fr\/wp-content\/uploads\/2022\/05\/Brigade-environnement-48x32.jpg 48w\" sizes=\"auto, (max-width: 600px) 100vw, 600px\" \/><\/figure>\n<\/div>\n<\/div>\n\n\n\n<div style=\"height:4em\" aria-hidden=\"true\" class=\"wp-block-spacer\"><\/div>\n\n\n\n<h2 class=\"wp-block-heading\">Cabanizzazione<\/h2>\n\n\n\n<div class=\"wp-block-columns are-vertically-aligned-center is-layout-flex wp-container-core-columns-is-layout-28f84493 wp-block-columns-is-layout-flex\">\n<div class=\"wp-block-column is-vertically-aligned-center is-layout-flow wp-block-column-is-layout-flow\">\n<p>La cabanizzazione \u00e8 la costruzione, senza permesso di costruzione, di un'abitazione permanente o temporanea in aree agricole o naturali non edificabili, spesso in zone a rischio di inondazione.<\/p>\n\n\n\n<p>Il dipartimento dell'H\u00e9rault \u00e8 fortemente interessato da questo fenomeno, che ha molte implicazioni:<\/p>\n\n\n\n<ul class=\"wp-block-list\">\n<li>problemi sociali, oltre che di salute e igiene, quando le baracche sono il risultato della mancanza di alloggi a prezzi accessibili.<\/li>\n\n\n\n<li>questioni di sicurezza relative all'esposizione pi\u00f9 frequente delle baraccopoli ai rischi naturali (inondazioni\/incendi boschivi) e alla lontananza dei servizi di emergenza.<br>&nbsp;Non si tratta solo di un problema ambientale, ma anche economico, con lo scarico di acque reflue non trattate nell'ambiente naturale, il danno al paesaggio e il deterioramento dell'immagine del dipartimento.<\/li>\n<\/ul>\n<\/div>\n\n\n\n<div class=\"wp-block-column is-vertically-aligned-center is-layout-flow wp-block-column-is-layout-flow\">\n<figure data-wp-context=\"{&quot;imageId&quot;:&quot;6a0331e7dfc23&quot;}\" data-wp-interactive=\"core\/image\" data-wp-key=\"6a0331e7dfc23\" class=\"wp-block-image wp-lightbox-container\"><img decoding=\"async\" data-wp-class--hide=\"state.isContentHidden\" data-wp-class--show=\"state.isContentVisible\" data-wp-init=\"callbacks.setButtonStyles\" data-wp-on--click=\"actions.showLightbox\" data-wp-on--load=\"callbacks.setButtonStyles\" data-wp-on-window--resize=\"callbacks.setButtonStyles\" src=\"https:\/\/www.villeneuve-les-beziers.fr\/wp-content\/uploads\/2019\/06\/cabanisation.jpg\" alt=\"\"\/><button\n\t\t\tclass=\"lightbox-trigger\"\n\t\t\ttype=\"button\"\n\t\t\taria-haspopup=\"dialog\"\n\t\t\taria-label=\"Ingrandisci\"\n\t\t\tdata-wp-init=\"callbacks.initTriggerButton\"\n\t\t\tdata-wp-on--click=\"actions.showLightbox\"\n\t\t\tdata-wp-style--right=\"state.imageButtonRight\"\n\t\t\tdata-wp-style--top=\"state.imageButtonTop\"\n\t\t>\n\t\t\t<svg xmlns=\"http:\/\/www.w3.org\/2000\/svg\" width=\"12\" height=\"12\" fill=\"none\" viewbox=\"0 0 12 12\">\n\t\t\t\t<path fill=\"#fff\" d=\"M2 0a2 2 0 0 0-2 2v2h1.5V2a.5.5 0 0 1 .5-.5h2V0H2Zm2 10.5H2a.5.5 0 0 1-.5-.5V8H0v2a2 2 0 0 0 2 2h2v-1.5ZM8 12v-1.5h2a.5.5 0 0 0 .5-.5V8H12v2a2 2 0 0 1-2 2H8Zm2-12a2 2 0 0 1 2 2v2h-1.5V2a.5.5 0 0 0-.5-.5H8V0h2Z\" \/>\n\t\t\t<\/svg>\n\t\t<\/button><\/figure>\n<\/div>\n<\/div>\n\n\n\n<p>Il comitato anticabbanismo si riunisce ogni anno. \u00c8 copresieduta dal Prefetto dell'H\u00e9rault e dal Procuratore Generale.<\/p>\n\n\n\n<p>Lo scopo di questo incontro annuale \u00e8 quello di fare il punto sulle azioni intraprese e sui progressi della carta geografica delle autorit\u00e0 locali (tra cui Villeneuve-l\u00e8s-B\u00e9ziers) che lavorano a fianco dello Stato nella lotta contro le baraccopoli.<\/p>\n\n\n\n<p>Maggiori informazioni sul sito web della Prefettura dell'H\u00e9rault -&gt;&nbsp;<a href=\"http:\/\/www.herault.gouv.fr\/Actualites\/L-Etat-acteur-dans-le-departement\/comite-de-lutte-contre-la-cabanisation\" target=\"_blank\" rel=\"noopener noreferrer\"><strong>herault.gouv.fr<\/strong><\/a><\/p>\n\n\n\n<div style=\"height:4em\" aria-hidden=\"true\" class=\"wp-block-spacer\"><\/div>\n\n\n\n<h2 class=\"wp-block-heading\">Scarico non autorizzato<\/h2>\n\n\n\n<div class=\"wp-block-columns are-vertically-aligned-top is-layout-flex wp-container-core-columns-is-layout-28f84493 wp-block-columns-is-layout-flex\">\n<div class=\"wp-block-column is-vertically-aligned-top is-layout-flow wp-block-column-is-layout-flow\">\n<p>Si tratta di un sito unico, di solito il risultato di uno scarico illegale da parte di privati, commercianti e aziende, per liberarsi dei rifiuti a un costo inferiore.&nbsp;<\/p>\n<\/div>\n\n\n\n<div class=\"wp-block-column is-vertically-aligned-top is-layout-flow wp-block-column-is-layout-flow\">\n<figure class=\"wp-block-image size-medium\"><img loading=\"lazy\" decoding=\"async\" width=\"206\" height=\"300\" src=\"https:\/\/www.villeneuve-les-beziers.fr\/wp-content\/uploads\/2022\/06\/Capture-deecran-2022-06-15-aE-15.50.19-1-206x300.png\" alt=\"\" class=\"wp-image-15760\" srcset=\"https:\/\/www.villeneuve-les-beziers.fr\/wp-content\/uploads\/2022\/06\/Capture-deecran-2022-06-15-aE-15.50.19-1-206x300.png 206w, https:\/\/www.villeneuve-les-beziers.fr\/wp-content\/uploads\/2022\/06\/Capture-deecran-2022-06-15-aE-15.50.19-1-704x1024.png 704w, https:\/\/www.villeneuve-les-beziers.fr\/wp-content\/uploads\/2022\/06\/Capture-deecran-2022-06-15-aE-15.50.19-1-768x1118.png 768w, https:\/\/www.villeneuve-les-beziers.fr\/wp-content\/uploads\/2022\/06\/Capture-deecran-2022-06-15-aE-15.50.19-1.png 780w\" sizes=\"auto, (max-width: 206px) 100vw, 206px\" \/><\/figure>\n<\/div>\n<\/div>","protected":false},"excerpt":{"rendered":"<p>Pr\u00e9sentation de la brigade environnement La brigade environnement a pour mission g\u00e9n\u00e9rale la pr\u00e9vention et la lutte contre l\u2019incivisme se manifestant par des atteintes \u00e0 la salubrit\u00e9 publique et au cadre de vie. La brigade patrouille plusieurs fois par jour.\u00a0 Les missions de la brigade Les diff\u00e9rentes missions&nbsp; et domaine d\u2019action de la brigade environnement [&hellip;]<\/p>\n","protected":false},"author":1,"featured_media":11892,"parent":12169,"menu_order":0,"comment_status":"closed","ping_status":"closed","template":"","meta":{"footnotes":""},"class_list":["post-12444","page","type-page","status-publish","has-post-thumbnail","hentry"],"_links":{"self":[{"href":"https:\/\/www.villeneuve-les-beziers.fr\/it\/wp-json\/wp\/v2\/pages\/12444","targetHints":{"allow":["GET"]}}],"collection":[{"href":"https:\/\/www.villeneuve-les-beziers.fr\/it\/wp-json\/wp\/v2\/pages"}],"about":[{"href":"https:\/\/www.villeneuve-les-beziers.fr\/it\/wp-json\/wp\/v2\/types\/page"}],"author":[{"embeddable":true,"href":"https:\/\/www.villeneuve-les-beziers.fr\/it\/wp-json\/wp\/v2\/users\/1"}],"replies":[{"embeddable":true,"href":"https:\/\/www.villeneuve-les-beziers.fr\/it\/wp-json\/wp\/v2\/comments?post=12444"}],"version-history":[{"count":1,"href":"https:\/\/www.villeneuve-les-beziers.fr\/it\/wp-json\/wp\/v2\/pages\/12444\/revisions"}],"predecessor-version":[{"id":19450,"href":"https:\/\/www.villeneuve-les-beziers.fr\/it\/wp-json\/wp\/v2\/pages\/12444\/revisions\/19450"}],"up":[{"embeddable":true,"href":"https:\/\/www.villeneuve-les-beziers.fr\/it\/wp-json\/wp\/v2\/pages\/12169"}],"wp:featuredmedia":[{"embeddable":true,"href":"https:\/\/www.villeneuve-les-beziers.fr\/it\/wp-json\/wp\/v2\/media\/11892"}],"wp:attachment":[{"href":"https:\/\/www.villeneuve-les-beziers.fr\/it\/wp-json\/wp\/v2\/media?parent=12444"}],"curies":[{"name":"wp","href":"https:\/\/api.w.org\/{rel}","templated":true}]}}