{"id":12641,"date":"2022-05-17T11:32:51","date_gmt":"2022-05-17T09:32:51","guid":{"rendered":"https:\/\/www.villeneuve-les-beziers.fr\/?page_id=12641"},"modified":"2024-11-22T12:25:09","modified_gmt":"2024-11-22T11:25:09","slug":"oggetti-trovati","status":"publish","type":"page","link":"https:\/\/www.villeneuve-les-beziers.fr\/it\/vie-pratique\/securite\/objets-trouves\/","title":{"rendered":"Oggetti smarriti"},"content":{"rendered":"<h2 class=\"wp-block-heading\">Riconoscere un oggetto smarrito<\/h2>\n\n\n\n<p class=\"has-text-align-left\">Qualsiasi oggetto trovato sulla strada pubblica, in un luogo pubblico o in un luogo aperto al pubblico all'interno del Comune deve essere segnalato ai servizi municipali. Il periodo di tempo in cui gli oggetti trovati vengono conservati dal Comune dipende dalla loro natura. Chiunque trovi un oggetto deve segnalarlo e consegnarlo. Allo stesso modo, chi ha perso un oggetto deve segnalarlo al Comune.<\/p>\n\n\n\n<h2 class=\"wp-block-heading\">Procedure<\/h2>\n\n\n\n<ul class=\"wp-block-list\">\n<li><strong>Per segnalare un oggetto trovato :<\/strong>&nbsp;Basta recarsi alla stazione di polizia municipale dove viene fatta la dichiarazione. Viene fatto un inventario dettagliato degli oggetti e poi registrati. Gli oggetti di valore, i contanti, gli oggetti ingombranti e le due ruote vengono conservati in un'area sicura. Se la persona che ha trovato l'oggetto desidera conservarlo fino a quando non sar\u00e0 reclamato dal proprietario, i servizi municipali lo annoteranno e la persona rilascer\u00e0 una ricevuta.<\/li>\n\n\n\n<li><strong>Per segnalare un oggetto smarrito :<\/strong>&nbsp;contattare la polizia municipale.<\/li>\n\n\n\n<li><strong>Per recuperare un oggetto perso:<\/strong>&nbsp;quando l'identit\u00e0 del proprietario dell'oggetto \u00e8 nota, il Municipio lo informer\u00e0 rapidamente. Il proprietario dovr\u00e0 poi recarsi al Municipio per ritirare l'oggetto; dovr\u00e0 dimostrare la sua identit\u00e0 e la propriet\u00e0 dell'oggetto.<\/li>\n\n\n\n<li><strong>Animali :<\/strong>&nbsp;Se ha un animale randagio sulla strada pubblica, deve innanzitutto contattare la polizia municipale.<\/li>\n<\/ul>\n\n\n\n<div class=\"wp-block-group has-global-padding is-layout-constrained wp-container-core-group-is-layout-6ecc7d59 wp-block-group-is-layout-constrained\" style=\"margin-top:var(--wp--preset--spacing--40);margin-bottom:var(--wp--preset--spacing--40);padding-top:var(--wp--preset--spacing--30);padding-right:var(--wp--preset--spacing--30);padding-bottom:var(--wp--preset--spacing--30);padding-left:var(--wp--preset--spacing--30)\">\n<h2 class=\"wp-block-heading\">Contatto Polizia Municipale<\/h2>\n\n\n\n<div class=\"wp-block-group is-content-justification-space-between is-layout-flex wp-container-core-group-is-layout-9366075c wp-block-group-is-layout-flex\">\n<p>Luogo Gabriel Peri<br>34420 Villeneuve-l\u00e8s-B\u00e9ziers<br>Tel.: 04 67 39 90 01<\/p>\n\n\n\n<figure class=\"wp-block-image is-resized\"><a href=\"mailto:pm@villeneuve-les-beziers.fr\"><img loading=\"lazy\" decoding=\"async\" width=\"300\" height=\"300\" src=\"https:\/\/www.villeneuve-les-beziers.fr\/wp-content\/uploads\/2019\/04\/close-envelope-300x300.png\" alt=\"\" class=\"wp-image-600\" style=\"object-fit:cover;width:32px;height:32px\"\/><\/a><\/figure>\n\n\n\n<iframe src=\"https:\/\/www.google.com\/maps\/embed?pb=!1m18!1m12!1m3!1d2902.9822562646777!2d3.2755785775133903!3d43.314630871120315!2m3!1f0!2f0!3f0!3m2!1i1024!2i768!4f13.1!3m3!1m2!1s0x12b110362f575e11%3A0x22cca18efef55caf!2sPolice%20Municipale!5e0!3m2!1sfr!2sfr!4v1732273911412!5m2!1sfr!2sfr\" width=\"50%\" height=\"300\" style=\"border:0;\" allowfullscreen=\"\" loading=\"lazy\" referrerpolicy=\"no-referrer-when-downgrade\"><\/iframe>\n<\/div>\n<\/div>","protected":false},"excerpt":{"rendered":"<p>Reconnaitre un objet perdu Tout objet trouv\u00e9 sur la voie publique, dans un lieu public ou dans un lieu ouvert au public sur le territoire de la commune doit \u00eatre d\u00e9pos\u00e9 et d\u00e9clar\u00e9 aux services municipaux. Le d\u00e9lai de conservation par la Ville des objets trouv\u00e9s d\u00e9pend de leur nature. Toute personne ayant trouv\u00e9 un [&hellip;]<\/p>\n","protected":false},"author":1,"featured_media":12210,"parent":12169,"menu_order":0,"comment_status":"closed","ping_status":"closed","template":"","meta":{"footnotes":""},"class_list":["post-12641","page","type-page","status-publish","has-post-thumbnail","hentry"],"_links":{"self":[{"href":"https:\/\/www.villeneuve-les-beziers.fr\/it\/wp-json\/wp\/v2\/pages\/12641","targetHints":{"allow":["GET"]}}],"collection":[{"href":"https:\/\/www.villeneuve-les-beziers.fr\/it\/wp-json\/wp\/v2\/pages"}],"about":[{"href":"https:\/\/www.villeneuve-les-beziers.fr\/it\/wp-json\/wp\/v2\/types\/page"}],"author":[{"embeddable":true,"href":"https:\/\/www.villeneuve-les-beziers.fr\/it\/wp-json\/wp\/v2\/users\/1"}],"replies":[{"embeddable":true,"href":"https:\/\/www.villeneuve-les-beziers.fr\/it\/wp-json\/wp\/v2\/comments?post=12641"}],"version-history":[{"count":0,"href":"https:\/\/www.villeneuve-les-beziers.fr\/it\/wp-json\/wp\/v2\/pages\/12641\/revisions"}],"up":[{"embeddable":true,"href":"https:\/\/www.villeneuve-les-beziers.fr\/it\/wp-json\/wp\/v2\/pages\/12169"}],"wp:featuredmedia":[{"embeddable":true,"href":"https:\/\/www.villeneuve-les-beziers.fr\/it\/wp-json\/wp\/v2\/media\/12210"}],"wp:attachment":[{"href":"https:\/\/www.villeneuve-les-beziers.fr\/it\/wp-json\/wp\/v2\/media?parent=12641"}],"curies":[{"name":"wp","href":"https:\/\/api.w.org\/{rel}","templated":true}]}}