{"id":14883,"date":"2022-06-07T14:57:10","date_gmt":"2022-06-07T12:57:10","guid":{"rendered":"https:\/\/www.villeneuve-les-beziers.fr\/?page_id=14883"},"modified":"2026-04-13T15:46:54","modified_gmt":"2026-04-13T13:46:54","slug":"ccas","status":"publish","type":"page","link":"https:\/\/www.villeneuve-les-beziers.fr\/it\/mon-quotidien\/ccas\/","title":{"rendered":"CCAS - Centro comunitario per l'azione sociale"},"content":{"rendered":"<h2 class=\"wp-block-heading\">Il Centre Communal d'Action Sociale la sostiene quotidianamente<\/h2>\n\n\n\n<div class=\"wp-block-group is-nowrap is-layout-flex wp-container-core-group-is-layout-6c531013 wp-block-group-is-layout-flex\">\n<figure class=\"wp-block-image size-medium\"><img loading=\"lazy\" decoding=\"async\" width=\"300\" height=\"300\" src=\"https:\/\/www.villeneuve-les-beziers.fr\/wp-content\/uploads\/2026\/04\/LogoCCAS-300x300.png\" alt=\"\" class=\"wp-image-20716\" srcset=\"https:\/\/www.villeneuve-les-beziers.fr\/wp-content\/uploads\/2026\/04\/LogoCCAS-300x300.png 300w, https:\/\/www.villeneuve-les-beziers.fr\/wp-content\/uploads\/2026\/04\/LogoCCAS-150x150.png 150w, https:\/\/www.villeneuve-les-beziers.fr\/wp-content\/uploads\/2026\/04\/LogoCCAS-768x771.png 768w, https:\/\/www.villeneuve-les-beziers.fr\/wp-content\/uploads\/2026\/04\/LogoCCAS.png 811w\" sizes=\"auto, (max-width: 300px) 100vw, 300px\" \/><\/figure>\n\n\n\n<p>Il CCAS le offre soluzioni per migliorare la sua vita quotidiana e affrontare le difficolt\u00e0 della vita. Gestisce un programma di prevenzione generale e di sviluppo sociale nel comune, lavorando a stretto contatto con istituzioni pubbliche e private.<\/p>\n<\/div>\n\n\n\n<p>Il CCAS \u00e8 aperto a tutti i residenti di Villeneuve. Offre un'ampia gamma di servizi, dalle semplici informazioni al supporto personalizzato e all'assistenza di emergenza.<\/p>\n\n\n\n<h3 class=\"wp-block-heading\">Orari di apertura della reception<\/h3>\n\n\n\n<div class=\"wp-block-group has-global-padding is-layout-constrained wp-block-group-is-layout-constrained\">\n<p><strong>Non \u00e8 necessario un appuntamento - luned\u00ec<\/strong> Dalle 9.00 alle 12.00<br><strong>Solo su appuntamento<\/strong> Mercoled\u00ec: 14-16.30 &amp; Gioved\u00ec 9.00-12.00 \/ 14.00-16.30<br><strong>Linee telefoniche dirette<\/strong> Marted\u00ec e mercoled\u00ec: 8.30 - 12.00<br><strong>Indirizzo<\/strong> 34 Bis, Bd Gambetta - 34420 Villeneuve-l\u00e8s-B\u00e9ziers<strong><br>Telefono<\/strong> : 04 67 39 90 03<strong><br>Email<\/strong> : <a href=\"mailto:ccas@villeneuve-les-beziers.fr\" target=\"_blank\" rel=\"noreferrer noopener\">ccas@villeneuve-les-beziers.fr<\/a> <\/p>\n<\/div>\n\n\n\n<h2 class=\"wp-block-heading has-text-align-center\">I compiti del CCAS<\/h2>\n\n\n\n<div class=\"wp-block-columns alignwide is-layout-flex wp-container-core-columns-is-layout-28f84493 wp-block-columns-is-layout-flex\">\n<div class=\"wp-block-column is-vertically-aligned-center is-layout-flow wp-block-column-is-layout-flow\">\n<div class=\"wp-block-group is-style-section-1 has-global-padding is-layout-constrained wp-container-core-group-is-layout-825b88d4 wp-block-group-is-layout-constrained is-style-section-1--1\" style=\"border-radius:32px;margin-top:var(--wp--preset--spacing--50);margin-bottom:var(--wp--preset--spacing--50);padding-top:var(--wp--preset--spacing--30);padding-right:var(--wp--preset--spacing--30);padding-bottom:var(--wp--preset--spacing--30);padding-left:var(--wp--preset--spacing--30);box-shadow:var(--wp--preset--shadow--natural)\">\n<h3 class=\"wp-block-heading has-text-align-center\">Aiuti alimentari<\/h3>\n\n\n\n<div class=\"wp-block-group is-content-justification-center is-nowrap is-layout-flex wp-container-core-group-is-layout-e15f7caf wp-block-group-is-layout-flex\" style=\"margin-top:var(--wp--preset--spacing--30);margin-bottom:var(--wp--preset--spacing--30);padding-top:0;padding-right:0;padding-bottom:0;padding-left:0\">\n<figure class=\"wp-block-image size-medium\"><img loading=\"lazy\" decoding=\"async\" width=\"300\" height=\"149\" src=\"https:\/\/www.villeneuve-les-beziers.fr\/wp-content\/uploads\/2021\/08\/Aide-Alim-1-bandeau-300x149.jpg\" alt=\"\" class=\"wp-image-5886\" srcset=\"https:\/\/www.villeneuve-les-beziers.fr\/wp-content\/uploads\/2021\/08\/Aide-Alim-1-bandeau-300x149.jpg 300w, https:\/\/www.villeneuve-les-beziers.fr\/wp-content\/uploads\/2021\/08\/Aide-Alim-1-bandeau-768x383.jpg 768w, https:\/\/www.villeneuve-les-beziers.fr\/wp-content\/uploads\/2021\/08\/Aide-Alim-1-bandeau.jpg 1024w\" sizes=\"auto, (max-width: 300px) 100vw, 300px\" \/><\/figure>\n\n\n\n<div class=\"wp-block-buttons is-layout-flex wp-block-buttons-is-layout-flex\">\n<div class=\"wp-block-button\"><a class=\"wp-block-button__link wp-element-button\" href=\"\/it\/la-mia-vita-quotidiana\/ccas\/aiuti-alimentari\/\">Richiesta di aiuto alimentare<\/a><\/div>\n<\/div>\n<\/div>\n<\/div>\n\n\n\n<div class=\"wp-block-group is-style-section-1 has-global-padding is-layout-constrained wp-container-core-group-is-layout-d7a40c7c wp-block-group-is-layout-constrained is-style-section-1--2\" style=\"margin-top:var(--wp--preset--spacing--50);margin-bottom:var(--wp--preset--spacing--50);padding-top:var(--wp--preset--spacing--30);padding-right:var(--wp--preset--spacing--30);padding-bottom:var(--wp--preset--spacing--30);padding-left:var(--wp--preset--spacing--30)\">\n<h3 class=\"wp-block-heading has-text-align-center\">Alloggi<\/h3>\n\n\n\n<div class=\"wp-block-group is-vertical is-content-justification-center is-layout-flex wp-container-core-group-is-layout-81423f52 wp-block-group-is-layout-flex\">\n<h4 class=\"wp-block-heading has-text-align-center\">Domande di alloggio sociale<\/h4>\n\n\n\n<figure class=\"wp-block-image size-medium\"><img loading=\"lazy\" decoding=\"async\" width=\"300\" height=\"104\" src=\"https:\/\/www.villeneuve-les-beziers.fr\/wp-content\/uploads\/2019\/02\/lgtssociaux1-300x104.jpg\" alt=\"\" class=\"wp-image-3280\" srcset=\"https:\/\/www.villeneuve-les-beziers.fr\/wp-content\/uploads\/2019\/02\/lgtssociaux1-300x104.jpg 300w, https:\/\/www.villeneuve-les-beziers.fr\/wp-content\/uploads\/2019\/02\/lgtssociaux1-768x266.jpg 768w, https:\/\/www.villeneuve-les-beziers.fr\/wp-content\/uploads\/2019\/02\/lgtssociaux1.jpg 892w\" sizes=\"auto, (max-width: 300px) 100vw, 300px\" \/><\/figure>\n\n\n\n<p class=\"has-text-align-center\">Richiedere un file<\/p>\n<\/div>\n<\/div>\n\n\n\n<div class=\"wp-block-group is-style-section-1 has-global-padding is-layout-constrained wp-container-core-group-is-layout-d7a40c7c wp-block-group-is-layout-constrained is-style-section-1--3\" style=\"margin-top:var(--wp--preset--spacing--50);margin-bottom:var(--wp--preset--spacing--50);padding-top:var(--wp--preset--spacing--30);padding-right:var(--wp--preset--spacing--30);padding-bottom:var(--wp--preset--spacing--30);padding-left:var(--wp--preset--spacing--30)\">\n<h3 class=\"wp-block-heading has-text-align-center\">Trasporto<\/h3>\n\n\n\n<div class=\"wp-block-group is-vertical is-content-justification-center is-layout-flex wp-container-core-group-is-layout-81423f52 wp-block-group-is-layout-flex\">\n<h4 class=\"wp-block-heading has-text-align-center\">Navetta<\/h4>\n\n\n\n<figure class=\"wp-block-image size-medium\"><img loading=\"lazy\" decoding=\"async\" width=\"300\" height=\"136\" src=\"https:\/\/www.villeneuve-les-beziers.fr\/wp-content\/uploads\/2022\/06\/navette-ccas-300x136.png\" alt=\"\" class=\"wp-image-16022\" srcset=\"https:\/\/www.villeneuve-les-beziers.fr\/wp-content\/uploads\/2022\/06\/navette-ccas-300x136.png 300w, https:\/\/www.villeneuve-les-beziers.fr\/wp-content\/uploads\/2022\/06\/navette-ccas.png 440w\" sizes=\"auto, (max-width: 300px) 100vw, 300px\" \/><\/figure>\n\n\n\n<p class=\"has-text-align-center\">Servizio navetta disponibile per alcuni gruppi.<\/p>\n<\/div>\n<\/div>\n<\/div>\n\n\n\n<div class=\"wp-block-column is-vertically-aligned-center is-layout-flow wp-block-column-is-layout-flow\">\n<div class=\"wp-block-group is-style-section-1 has-global-padding is-layout-constrained wp-container-core-group-is-layout-e9d644b1 wp-block-group-is-layout-constrained is-style-section-1--4\" style=\"margin-top:var(--wp--preset--spacing--50);margin-bottom:var(--wp--preset--spacing--50);padding-top:var(--wp--preset--spacing--30);padding-right:var(--wp--preset--spacing--40);padding-bottom:var(--wp--preset--spacing--30);padding-left:var(--wp--preset--spacing--40)\">\n<h3 class=\"wp-block-heading has-text-align-center\">Aiuto<\/h3>\n\n\n\n<div class=\"wp-block-group is-vertical is-content-justification-center is-layout-flex wp-container-core-group-is-layout-81423f52 wp-block-group-is-layout-flex\">\n<h4 class=\"wp-block-heading has-text-align-center\">Piano per le ondate di calore<\/h4>\n\n\n\n<figure class=\"wp-block-image size-medium\"><img loading=\"lazy\" decoding=\"async\" width=\"300\" height=\"157\" src=\"https:\/\/www.villeneuve-les-beziers.fr\/wp-content\/uploads\/2022\/06\/287706396_1918371461692345_478633446096219473_n-300x157.jpg\" alt=\"\" class=\"wp-image-15840\" srcset=\"https:\/\/www.villeneuve-les-beziers.fr\/wp-content\/uploads\/2022\/06\/287706396_1918371461692345_478633446096219473_n-300x157.jpg 300w, https:\/\/www.villeneuve-les-beziers.fr\/wp-content\/uploads\/2022\/06\/287706396_1918371461692345_478633446096219473_n-1024x537.jpg 1024w, https:\/\/www.villeneuve-les-beziers.fr\/wp-content\/uploads\/2022\/06\/287706396_1918371461692345_478633446096219473_n-768x403.jpg 768w, https:\/\/www.villeneuve-les-beziers.fr\/wp-content\/uploads\/2022\/06\/287706396_1918371461692345_478633446096219473_n-1536x805.jpg 1536w, https:\/\/www.villeneuve-les-beziers.fr\/wp-content\/uploads\/2022\/06\/287706396_1918371461692345_478633446096219473_n.jpg 2022w\" sizes=\"auto, (max-width: 300px) 100vw, 300px\" \/><\/figure>\n\n\n\n<p class=\"has-text-align-center has-medium-font-size\">Il CCAS invita le persone vulnerabili e isolate a iscriversi al registro delle ondate di calore, in modo da poter essere assistite durante l'estate in caso di ondate di calore.<\/p>\n<\/div>\n\n\n\n<p><style id=\"eael-fg-inline-css-a58d288\">@media only screen and (max-width: 2399px) {<br \/>\n\t\t\t\t\t.elementor-element.elementor-element-a58d288 .eael-filterable-gallery-item-wrap {<br \/>\n\t\t\t\t\t        width: 33.333333333333%;<br \/>\n\t\t\t\t\t    }<br \/>\n\t\t\t\t\t}@media only screen and (max-width: 1024px) {<br \/>\n\t\t\t\t\t.elementor-element.elementor-element-a58d288  .eael-filterable-gallery-item-wrap {<br \/>\n\t\t\t\t\t        width: 50%;<br \/>\n\t\t\t\t\t    }<br \/>\n\t\t\t\t\t}@media only screen and (max-width: 767px) {<br \/>\n\t\t\t\t\t.elementor-element.elementor-element-a58d288  .eael-filterable-gallery-item-wrap {<br \/>\n\t\t\t\t\t        width: 100%;<br \/>\n\t\t\t\t\t    }<br \/>\n\t\t\t\t\t}<\/style><\/p>\n\n\n\n<div class=\"wp-block-group is-vertical is-content-justification-center is-layout-flex wp-container-core-group-is-layout-81423f52 wp-block-group-is-layout-flex\">\n<h4 class=\"wp-block-heading has-text-align-center\">Servizi di assistenza personale<\/h4>\n\n\n\n<figure class=\"wp-block-image size-medium\"><img loading=\"lazy\" decoding=\"async\" width=\"300\" height=\"200\" src=\"https:\/\/www.villeneuve-les-beziers.fr\/wp-content\/uploads\/2024\/11\/aide-a-domicile_upscayl-300x200.jpg\" alt=\"\" class=\"wp-image-19092\" srcset=\"https:\/\/www.villeneuve-les-beziers.fr\/wp-content\/uploads\/2024\/11\/aide-a-domicile_upscayl-300x200.jpg 300w, https:\/\/www.villeneuve-les-beziers.fr\/wp-content\/uploads\/2024\/11\/aide-a-domicile_upscayl-150x100.jpg 150w, https:\/\/www.villeneuve-les-beziers.fr\/wp-content\/uploads\/2024\/11\/aide-a-domicile_upscayl-768x512.jpg 768w, https:\/\/www.villeneuve-les-beziers.fr\/wp-content\/uploads\/2024\/11\/aide-a-domicile_upscayl-1024x683.jpg 1024w, https:\/\/www.villeneuve-les-beziers.fr\/wp-content\/uploads\/2024\/11\/aide-a-domicile_upscayl-1536x1024.jpg 1536w, https:\/\/www.villeneuve-les-beziers.fr\/wp-content\/uploads\/2024\/11\/aide-a-domicile_upscayl-2048x1365.jpg 2048w\" sizes=\"auto, (max-width: 300px) 100vw, 300px\" \/><\/figure>\n\n\n\n<p class=\"has-text-align-center\">Disposizioni che offrono vari tipi di assistenza.<\/p>\n<\/div>\n\n\n\n<div class=\"wp-block-group is-vertical is-content-justification-center is-layout-flex wp-container-core-group-is-layout-81423f52 wp-block-group-is-layout-flex\">\n<h4 class=\"wp-block-heading has-text-align-center\">Pasti a domicilio<\/h4>\n\n\n\n<figure class=\"wp-block-image size-medium\"><img loading=\"lazy\" decoding=\"async\" width=\"300\" height=\"179\" src=\"https:\/\/www.villeneuve-les-beziers.fr\/wp-content\/uploads\/2022\/05\/portage-repas-e1654609549526-300x179.jpg\" alt=\"\" class=\"wp-image-14341\" srcset=\"https:\/\/www.villeneuve-les-beziers.fr\/wp-content\/uploads\/2022\/05\/portage-repas-e1654609549526-300x179.jpg 300w, https:\/\/www.villeneuve-les-beziers.fr\/wp-content\/uploads\/2022\/05\/portage-repas-e1654609549526.jpg 600w\" sizes=\"auto, (max-width: 300px) 100vw, 300px\" \/><\/figure>\n\n\n\n<p class=\"has-text-align-center\">Il servizio di consegna pasti dell'autorit\u00e0 locale.<\/p>\n<\/div>\n\n\n\n<div class=\"wp-block-group is-vertical is-content-justification-center is-layout-flex wp-container-core-group-is-layout-81423f52 wp-block-group-is-layout-flex\">\n<h4 class=\"wp-block-heading has-text-align-center\">Assegno energetico<\/h4>\n\n\n\n<figure class=\"wp-block-image size-medium\"><img loading=\"lazy\" decoding=\"async\" width=\"300\" height=\"170\" src=\"https:\/\/www.villeneuve-les-beziers.fr\/wp-content\/uploads\/2022\/04\/logo_cheque_energie-300x170.png\" alt=\"\" class=\"wp-image-9539\" srcset=\"https:\/\/www.villeneuve-les-beziers.fr\/wp-content\/uploads\/2022\/04\/logo_cheque_energie-300x170.png 300w, https:\/\/www.villeneuve-les-beziers.fr\/wp-content\/uploads\/2022\/04\/logo_cheque_energie-1024x580.png 1024w, https:\/\/www.villeneuve-les-beziers.fr\/wp-content\/uploads\/2022\/04\/logo_cheque_energie-768x435.png 768w, https:\/\/www.villeneuve-les-beziers.fr\/wp-content\/uploads\/2022\/04\/logo_cheque_energie-1536x870.png 1536w, https:\/\/www.villeneuve-les-beziers.fr\/wp-content\/uploads\/2022\/04\/logo_cheque_energie-2048x1160.png 2048w, https:\/\/www.villeneuve-les-beziers.fr\/wp-content\/uploads\/2022\/04\/logo_cheque_energie-800x450.png 800w, https:\/\/www.villeneuve-les-beziers.fr\/wp-content\/uploads\/2022\/04\/logo_cheque_energie-24x14.png 24w, https:\/\/www.villeneuve-les-beziers.fr\/wp-content\/uploads\/2022\/04\/logo_cheque_energie-36x20.png 36w, https:\/\/www.villeneuve-les-beziers.fr\/wp-content\/uploads\/2022\/04\/logo_cheque_energie-48x27.png 48w\" sizes=\"auto, (max-width: 300px) 100vw, 300px\" \/><\/figure>\n\n\n\n<p class=\"has-text-align-center\">L'introduzione degli assegni energetici.<\/p>\n<\/div>\n<\/div>\n<\/div>\n<\/div>\n\n\n\n<h2 class=\"wp-block-heading\">Atti e deliberazioni<\/h2>\n\n\n\n<script src=\"https:\/\/publiact.fr\/files\/public\/integration\/script.js\" defer><\/script>\n<div class=\"publiact\" data-key=\"567aa14b-460e-44de-8100-e8338cc672a8\"><\/div>","protected":false},"excerpt":{"rendered":"<p>Le Centre Communal d&rsquo;Action Sociale vous accompagne au quotidien Le CCAS vous apporte des solutions pour am\u00e9liorer le quotidien et faire face aux difficult\u00e9s de la vie. Il anime une action g\u00e9n\u00e9rale de pr\u00e9vention et de d\u00e9veloppement social dans la commune, en liaison \u00e9troite avec les institutions publiques et priv\u00e9es. Tous les Villeneuvois peuvent faire [&hellip;]<\/p>\n","protected":false},"author":1,"featured_media":9333,"parent":501,"menu_order":0,"comment_status":"closed","ping_status":"closed","template":"","meta":{"footnotes":""},"class_list":["post-14883","page","type-page","status-publish","has-post-thumbnail","hentry"],"_links":{"self":[{"href":"https:\/\/www.villeneuve-les-beziers.fr\/it\/wp-json\/wp\/v2\/pages\/14883","targetHints":{"allow":["GET"]}}],"collection":[{"href":"https:\/\/www.villeneuve-les-beziers.fr\/it\/wp-json\/wp\/v2\/pages"}],"about":[{"href":"https:\/\/www.villeneuve-les-beziers.fr\/it\/wp-json\/wp\/v2\/types\/page"}],"author":[{"embeddable":true,"href":"https:\/\/www.villeneuve-les-beziers.fr\/it\/wp-json\/wp\/v2\/users\/1"}],"replies":[{"embeddable":true,"href":"https:\/\/www.villeneuve-les-beziers.fr\/it\/wp-json\/wp\/v2\/comments?post=14883"}],"version-history":[{"count":7,"href":"https:\/\/www.villeneuve-les-beziers.fr\/it\/wp-json\/wp\/v2\/pages\/14883\/revisions"}],"predecessor-version":[{"id":20717,"href":"https:\/\/www.villeneuve-les-beziers.fr\/it\/wp-json\/wp\/v2\/pages\/14883\/revisions\/20717"}],"up":[{"embeddable":true,"href":"https:\/\/www.villeneuve-les-beziers.fr\/it\/wp-json\/wp\/v2\/pages\/501"}],"wp:featuredmedia":[{"embeddable":true,"href":"https:\/\/www.villeneuve-les-beziers.fr\/it\/wp-json\/wp\/v2\/media\/9333"}],"wp:attachment":[{"href":"https:\/\/www.villeneuve-les-beziers.fr\/it\/wp-json\/wp\/v2\/media?parent=14883"}],"curies":[{"name":"wp","href":"https:\/\/api.w.org\/{rel}","templated":true}]}}