{"id":20572,"date":"2026-02-12T17:29:12","date_gmt":"2026-02-12T16:29:12","guid":{"rendered":"https:\/\/www.villeneuve-les-beziers.fr\/?page_id=20572"},"modified":"2026-02-12T18:29:52","modified_gmt":"2026-02-12T17:29:52","slug":"dichiarazione-di-accessibilita","status":"publish","type":"page","link":"https:\/\/www.villeneuve-les-beziers.fr\/it\/declaration-daccessibilite\/","title":{"rendered":"Dichiarazione di accessibilit\u00e0"},"content":{"rendered":"<h2 class=\"wp-block-heading\">Risultati del test e metodologia<\/h2>\n\n\n\n<p>Questa dichiarazione di accessibilit\u00e0 si basa su un audit di autovalutazione secondo il metodo raccomandato dal R\u00e9f\u00e9rentiel G\u00e9n\u00e9ral d'Am\u00e9lioration de l'Accessibilit\u00e9 (RGAA versione 4.1).<\/p>\n\n\n\n<p>Questo audit \u00e8 stato effettuato da <strong>LRob<\/strong>, il fornitore di servizi responsabile dell'hosting, della manutenzione e del monitoraggio tecnico del sito web di Villeneuve-l\u00e8s-B\u00e9ziers.<\/p>\n\n\n\n<p>L'ultima valutazione completa \u00e8 stata effettuata in data <strong>12 febbraio 2026<\/strong>.<\/p>\n\n\n\n<hr class=\"wp-block-separator has-alpha-channel-opacity\"\/>\n\n\n\n<h2 class=\"wp-block-heading\">Ambito dell'audit<\/h2>\n\n\n\n<p>La valutazione \u00e8 stata effettuata su un campione rappresentativo di pagine che coprono i principali modelli funzionali del sito:<\/p>\n\n\n\n<ul class=\"wp-block-list\">\n<li>Pagina iniziale<\/li>\n\n\n\n<li>Pagine aziendali<\/li>\n\n\n\n<li>Pagine editoriali<\/li>\n\n\n\n<li>Pagine sulle procedure amministrative<\/li>\n\n\n\n<li>Pagine di notizie (elenco e dettagli)<\/li>\n\n\n\n<li>Pagine che integrano media e mappe<\/li>\n\n\n\n<li>Pagine con moduli<\/li>\n<\/ul>\n\n\n\n<hr class=\"wp-block-separator has-alpha-channel-opacity\"\/>\n\n\n\n<h2 class=\"wp-block-heading\">Metodologia e strumenti di test<\/h2>\n\n\n\n<p>I controlli sono stati eseguiti utilizzando :<\/p>\n\n\n\n<ul class=\"wp-block-list\">\n<li>Strumenti automatizzati <strong>ONDA<\/strong>, <strong>Faro<\/strong> e <strong>Asse DevTools<\/strong><\/li>\n\n\n\n<li>Test di navigazione manuale da tastiera<\/li>\n\n\n\n<li>Controlli della struttura del titolo<\/li>\n\n\n\n<li>Analisi dei contrasti di colore<\/li>\n\n\n\n<li>Verifica delle alternative di testo<\/li>\n\n\n\n<li>Test di leggibilit\u00e0 su dispositivi zoom e mobili<\/li>\n<\/ul>\n\n\n\n<p>Tecnologie testate :<\/p>\n\n\n\n<ul class=\"wp-block-list\">\n<li>CMS: WordPress<\/li>\n\n\n\n<li>Tema: Ventiquattrore<\/li>\n\n\n\n<li>Lingue: HTML5, CSS3, JavaScript<\/li>\n<\/ul>\n\n\n\n<hr class=\"wp-block-separator has-alpha-channel-opacity\"\/>\n\n\n\n<h2 class=\"wp-block-heading\">Pagine controllate e punteggi ottenuti<\/h2>\n\n\n\n<ul class=\"wp-block-list\">\n<li>Pagina iniziale : 9,5 \/ 10<\/li>\n\n\n\n<li>Municipio: 9.7 \/ 10<\/li>\n\n\n\n<li>Rappresentanti eletti: 2,4 \/ 10<\/li>\n\n\n\n<li>Mappa della citt\u00e0: 9.8 \/ 10<\/li>\n\n\n\n<li>Ufficio turistico: 9.8 \/ 10<\/li>\n\n\n\n<li>Patrimonio: 9.1 \/ 10<\/li>\n\n\n\n<li>Associazioni: 9.1 \/ 10<\/li>\n\n\n\n<li>Arrivare a Villeneuve-l\u00e8s-B\u00e9ziers: 9,7 \/ 10<\/li>\n\n\n\n<li>Articolo di cronaca: 9.7 \/ 10<\/li>\n\n\n\n<li>Elenco delle notizie: 9,5 \/ 10<\/li>\n\n\n\n<li>Il mercato: 9,8 \/ 10<\/li>\n\n\n\n<li>Certificati di ospitalit\u00e0: 9.8 \/ 10<\/li>\n\n\n\n<li>Dichiarazione dei cani: 9.8 \/ 10<\/li>\n\n\n\n<li>Modulo Billboard: 9.7 \/ 10<\/li>\n<\/ul>\n\n\n\n<p><strong>Punteggio medio: 9,1 \/ 10<\/strong><\/p>\n\n\n\n<hr class=\"wp-block-separator has-alpha-channel-opacity\"\/>\n\n\n\n<h2 class=\"wp-block-heading\">Misure correttive gi\u00e0 attuate<\/h2>\n\n\n\n<p>A seguito di questa verifica, sono gi\u00e0 stati apportati alcuni miglioramenti per aumentare il livello di accessibilit\u00e0 del sito:<\/p>\n\n\n\n<ul class=\"wp-block-list\">\n<li>Correzione dei contrasti del testo :\n<ul class=\"wp-block-list\">\n<li>Vecchio colore principale : <code>#168D48<\/code><\/li>\n\n\n\n<li>Nuovo colore da abbinare: <code>#0C6F38<\/code><\/li>\n\n\n\n<li>La regolazione si applica anche agli stati di evidenziazione e hover<\/li>\n<\/ul>\n<\/li>\n\n\n\n<li>Aggiunta di alternative di testo mancanti a circa venti immagini.<\/li>\n\n\n\n<li>Eliminazione dei link \u00abLeggi di pi\u00f9\u00bb ridondanti nei loop di contenuti.<\/li>\n\n\n\n<li>Revisione e correzione della gerarchia dei titoli (da H1 a H6).<\/li>\n\n\n\n<li>Navigazione semplificata :\n<ul class=\"wp-block-list\">\n<li>Rimozione dei link duplicati<\/li>\n\n\n\n<li>Rimozione di un menu a pi\u00e8 di pagina identico al menu principale.<\/li>\n<\/ul>\n<\/li>\n<\/ul>\n\n\n\n<p>Questi aggiustamenti mirano in particolare a migliorare :<\/p>\n\n\n\n<ul class=\"wp-block-list\">\n<li>Leggibilit\u00e0<\/li>\n\n\n\n<li>Navigazione da tastiera<\/li>\n\n\n\n<li>Lettura da testo a voce<\/li>\n\n\n\n<li>Capire la struttura della pagina<\/li>\n<\/ul>\n\n\n\n<hr class=\"wp-block-separator has-alpha-channel-opacity\"\/>\n\n\n\n<h2 class=\"wp-block-heading\">Non conformit\u00e0 residue<\/h2>\n\n\n\n<p>Le non conformit\u00e0 persistono soprattutto in alcuni moduli di contatto, in particolare :<\/p>\n\n\n\n<ul class=\"wp-block-list\">\n<li>Manca o \u00e8 incompleta l'associazione delle etichette con alcuni campi.<\/li>\n<\/ul>\n\n\n\n<p>Questi fattori possono rendere difficile l'uso delle tecnologie assistive e saranno corretti nell'ambito del piano pluriennale di accessibilit\u00e0.<\/p>\n\n\n\n<hr class=\"wp-block-separator has-alpha-channel-opacity\"\/>\n\n\n\n<h2 class=\"wp-block-heading\">Livello di conformit\u00e0<\/h2>\n\n\n\n<p>Alla luce dei risultati ottenuti e delle misure correttive gi\u00e0 adottate, il sito \u00e8 stato dichiarato :<\/p>\n\n\n\n<p><strong>Parzialmente conforme alla RGAA (versione 4.1).<\/strong><\/p>\n\n\n\n<p>Il Comune si impegna a continuare i miglioramenti come parte di un approccio continuo all'accessibilit\u00e0 digitale.<\/p>\n\n\n\n<h2 class=\"wp-block-heading\">Contatti e feedback<\/h2>\n\n\n\n<p>Se ha difficolt\u00e0 ad accedere a qualsiasi contenuto o servizio del sito, pu\u00f2 informarci in modo che possiamo offrirle una soluzione alternativa o rendere accessibile il contenuto.<\/p>\n\n\n\n<p>Pu\u00f2 contattare :<\/p>\n\n\n\n<p><strong>Dipartimento IT - Ville de Villeneuve-l\u00e8s-B\u00e9ziers<\/strong><br>Email : <a href=\"mailto:service.informatique@villeneuve-les-beziers.fr\">service.informatique@villeneuve-les-beziers.fr<\/a><\/p>\n\n\n\n<p>Oppure il fornitore di servizi responsabile della manutenzione e del monitoraggio tecnico del sito:<\/p>\n\n\n\n<p><strong>LRob<\/strong><br>Modulo di contatto : <a href=\"https:\/\/www.lrob.fr\/contact\" target=\"_blank\" rel=\"noopener noreferrer nofollow\">https:\/\/www.lrob.fr\/contact<\/a><\/p>\n\n\n\n<p>Saremo attenti a tutti i feedback e saremo lieti di studiare e implementare qualsiasi suggerimento o idea di miglioramento per rendere il sito pi\u00f9 accessibile.<\/p>\n\n\n\n<h2 class=\"wp-block-heading\">Vie d'appello<\/h2>\n\n\n\n<p>Se nota una mancanza di accessibilit\u00e0 che le impedisce di accedere ai contenuti o a una funzione del sito, e ce lo segnala e non riesce a ottenere una risposta soddisfacente, ha il diritto di inviare i suoi reclami o una richiesta di rinvio al Difensore dei diritti.<\/p>\n\n\n\n<p>Ci sono diversi modi per farlo:<\/p>\n\n\n\n<ul class=\"wp-block-list\">\n<li>Scriva un messaggio al Difensore dei diritti umani: <a href=\"https:\/\/formulaire.defenseurdesdroits.fr\/\" target=\"_blank\" rel=\"noopener noreferrer nofollow\">https:\/\/formulaire.defenseurdesdroits.fr<\/a><\/li>\n\n\n\n<li>Contatti il delegato del Difensore dei diritti nella sua regione: <a href=\"https:\/\/www.defenseurdesdroits.fr\/saisir\/delegues\" target=\"_blank\" rel=\"noopener noreferrer nofollow\">https:\/\/www.defenseurdesdroits.fr\/saisir\/delegues<\/a><\/li>\n\n\n\n<li>Invii una lettera per posta:<br>Ombudsman<br>Risposta gratuita 71120<br>75342 Parigi CEDEX 07<\/li>\n<\/ul>\n\n\n\n<p>Pu\u00f2 anche segnalare una mancanza di accessibilit\u00e0 digitale all'Autorit\u00e9 de r\u00e9gulation de la communication audiovisuelle et num\u00e9rique (ARCOM).<\/p>","protected":false},"excerpt":{"rendered":"<p>R\u00e9sultats des tests et m\u00e9thodologie La pr\u00e9sente d\u00e9claration d\u2019accessibilit\u00e9 repose sur un audit r\u00e9alis\u00e9 en auto-\u00e9valuation selon la m\u00e9thode pr\u00e9conis\u00e9e par le R\u00e9f\u00e9rentiel G\u00e9n\u00e9ral d\u2019Am\u00e9lioration de l\u2019Accessibilit\u00e9 (RGAA version 4.1). Cet audit a \u00e9t\u00e9 conduit par LRob, prestataire en charge de l\u2019h\u00e9bergement, de la maintenance et du suivi technique du site de la Ville de [&hellip;]<\/p>\n","protected":false},"author":1,"featured_media":19674,"parent":0,"menu_order":0,"comment_status":"closed","ping_status":"closed","template":"","meta":{"footnotes":""},"class_list":["post-20572","page","type-page","status-publish","has-post-thumbnail","hentry"],"_links":{"self":[{"href":"https:\/\/www.villeneuve-les-beziers.fr\/it\/wp-json\/wp\/v2\/pages\/20572","targetHints":{"allow":["GET"]}}],"collection":[{"href":"https:\/\/www.villeneuve-les-beziers.fr\/it\/wp-json\/wp\/v2\/pages"}],"about":[{"href":"https:\/\/www.villeneuve-les-beziers.fr\/it\/wp-json\/wp\/v2\/types\/page"}],"author":[{"embeddable":true,"href":"https:\/\/www.villeneuve-les-beziers.fr\/it\/wp-json\/wp\/v2\/users\/1"}],"replies":[{"embeddable":true,"href":"https:\/\/www.villeneuve-les-beziers.fr\/it\/wp-json\/wp\/v2\/comments?post=20572"}],"version-history":[{"count":2,"href":"https:\/\/www.villeneuve-les-beziers.fr\/it\/wp-json\/wp\/v2\/pages\/20572\/revisions"}],"predecessor-version":[{"id":20603,"href":"https:\/\/www.villeneuve-les-beziers.fr\/it\/wp-json\/wp\/v2\/pages\/20572\/revisions\/20603"}],"wp:featuredmedia":[{"embeddable":true,"href":"https:\/\/www.villeneuve-les-beziers.fr\/it\/wp-json\/wp\/v2\/media\/19674"}],"wp:attachment":[{"href":"https:\/\/www.villeneuve-les-beziers.fr\/it\/wp-json\/wp\/v2\/media?parent=20572"}],"curies":[{"name":"wp","href":"https:\/\/api.w.org\/{rel}","templated":true}]}}