{"id":2079,"date":"2019-04-30T14:43:42","date_gmt":"2019-04-30T12:43:42","guid":{"rendered":"http:\/\/localhost\/?page_id=2079"},"modified":"2025-01-15T12:57:22","modified_gmt":"2025-01-15T11:57:22","slug":"vendita-a-domicilio","status":"publish","type":"page","link":"https:\/\/www.villeneuve-les-beziers.fr\/it\/vie-pratique\/securite\/demarchage-a-domicile\/","title":{"rendered":"Vendite porta a porta"},"content":{"rendered":"<h1 class=\"wp-block-heading\">Falsi agenti, vendite porta a porta, sondaggi: non si lasci ingannare!<\/h1>\n\n\n\n<p>A Villeneuve-l\u00e8s-B\u00e9ziers, il porta a porta, regolato da una legge comunale, \u00e8 soggetto all'autorizzazione preventiva del Sindaco, per un periodo determinato e dopo la verifica dei documenti amministrativi regolamentari richiesti ai canvasser.<\/p>\n\n\n\n<p>I residenti devono esigere di vedere questo documento, firmato dal Sindaco e dal capo della polizia municipale.<\/p>\n\n\n\n<p>-> <a href=\"https:\/\/www.villeneuve-les-beziers.fr\/wp-content\/uploads\/2025\/01\/ARRETE-ADMIN2023-009-reglementation-demarchage-a-domicile.pdf\">statuto comunale n\u00b0ADMlN2023-OO9<\/a><\/p>\n\n\n\n<p>Controllare il contatore dell'elettricit\u00e0, vendere calendari e articoli vari... Qualsiasi mezzo \u00e8 sufficiente per entrare in casa sua. Il canvassing abusivo \u00e8 attualmente in aumento e si rivolge principalmente agli anziani. Il modus operandi \u00e8 semplice: gli incaricati si presentano in coppia, sostenendo di essere incaricati dal Comune o da un servizio pubblico: EDF, GDF, Polizia, Assicurazione Sanitaria, ecc. Per sostenere il loro approccio, alcuni truffatori non esitano a dichiarare di essere incaricati dal Comune o da qualsiasi altro servizio pubblico. <b><i>La preghiamo di notare che la citt\u00e0 non svolge mai attivit\u00e0 di canvassing, che le persone autorizzate a svolgere sondaggi per conto dei servizi pubblici hanno un tesserino di accreditamento e che i residenti vengono informati in anticipo.<\/i><\/b><\/p>\n\n\n\n<h2 class=\"wp-block-heading\"><strong>Per proteggersi<\/strong><\/h2>\n\n\n\n<ul class=\"wp-block-list\">\n<li><p>Eviti di far entrare le persone in casa sua, e soprattutto eviti di farle visitare la sua casa per qualsiasi motivo. Utilizzi il visore (\"judas\"), l'apriporta o la catena di protezione.<\/p><\/li>\n\n\n\n<li><p>Non accetti alcun appuntamento telefonico a casa sua senza aver verificato l'esatto motivo dell'approccio di vendita.<\/p><\/li>\n\n\n\n<li><p>Sia vigile quando gli operatori del gas, dell'elettricit\u00e0, dell'ufficio postale, di internet o del telefono, la polizia o i gendarmi si presentano a casa sua. Anche se la persona \u00e8 in uniforme, chieda loro di mostrare un biglietto da visita, un ordine di missione o una prova di servizio.<\/p><\/li>\n\n\n\n<li><p>Se fa entrare qualcuno in casa sua, cerchi di chiedere a un vicino di essere presente. Lo accompagni ovunque entri in casa sua. Non riveli mai dove nasconde gioielli, denaro o altri oggetti di valore.<\/p><\/li>\n\n\n\n<li><p>Non firmi mai un contratto o un'offerta il giorno stesso - parli prima con persone che conosce. C'\u00e8 un periodo di riflessione di 7 giorni per tutte le vendite a domicilio.<\/p><\/li>\n\n\n\n<li><p>Non consegni mai la sua carta di credito o il codice PIN.&nbsp;<\/p><\/li>\n\n\n\n<li>Avvisare immediatamente la polizia municipale al numero 06 20 50 49 49 o la polizia al numero 17.<\/li>\n<\/ul>\n\n\n\n<h2 class=\"wp-block-heading\">Contatto Polizia Municipale<\/h2>\n\n\n\n<div class=\"wp-block-group is-content-justification-space-between is-layout-flex wp-container-core-group-is-layout-9366075c wp-block-group-is-layout-flex\">\n<p>Luogo Gabriel Peri<br>34420 Villeneuve-l\u00e8s-B\u00e9ziers<br>Tel.: 04 67 39 90 01<\/p>\n\n\n\n<figure class=\"wp-block-image is-resized\"><a href=\"mailto:pm@villeneuve-les-beziers.fr\"><img loading=\"lazy\" decoding=\"async\" width=\"300\" height=\"300\" src=\"https:\/\/www.villeneuve-les-beziers.fr\/wp-content\/uploads\/2019\/04\/close-envelope-300x300.png\" alt=\"\" class=\"wp-image-600\" style=\"object-fit:cover;width:32px;height:32px\"\/><\/a><\/figure>\n\n\n\n<iframe src=\"https:\/\/www.google.com\/maps\/embed?pb=!1m18!1m12!1m3!1d2902.9822562646777!2d3.2755785775133903!3d43.314630871120315!2m3!1f0!2f0!3f0!3m2!1i1024!2i768!4f13.1!3m3!1m2!1s0x12b110362f575e11%3A0x22cca18efef55caf!2sPolice%20Municipale!5e0!3m2!1sfr!2sfr!4v1732273911412!5m2!1sfr!2sfr\" width=\"50%\" height=\"300\" style=\"border:0;\" allowfullscreen=\"\" loading=\"lazy\" referrerpolicy=\"no-referrer-when-downgrade\"><\/iframe>\n<\/div>","protected":false},"excerpt":{"rendered":"<p>Faux agents, porte-\u00e0-porte, enqu\u00eates : ne vous laissez pas abuser ! \u00c0 Villeneuve-l\u00e8s-B\u00e9ziers, le d\u00e9marchage \u00e0 domicile, r\u00e9glement\u00e9 par arr\u00eat\u00e9 municipal , est soumis \u00e0 l&rsquo;autorisation pr\u00e9alable du Maire, pour une p\u00e9riode donn\u00e9e et apr\u00e8s v\u00e9rification des documents administratifs r\u00e9glementaires dont doivent \u00eatre pourvus les d\u00e9marcheurs. Les administr\u00e9s doivent exiger la pr\u00e9sentation de ce document [&hellip;]<\/p>\n","protected":false},"author":1,"featured_media":2078,"parent":12169,"menu_order":0,"comment_status":"closed","ping_status":"closed","template":"","meta":{"footnotes":""},"class_list":["post-2079","page","type-page","status-publish","has-post-thumbnail","hentry"],"_links":{"self":[{"href":"https:\/\/www.villeneuve-les-beziers.fr\/it\/wp-json\/wp\/v2\/pages\/2079","targetHints":{"allow":["GET"]}}],"collection":[{"href":"https:\/\/www.villeneuve-les-beziers.fr\/it\/wp-json\/wp\/v2\/pages"}],"about":[{"href":"https:\/\/www.villeneuve-les-beziers.fr\/it\/wp-json\/wp\/v2\/types\/page"}],"author":[{"embeddable":true,"href":"https:\/\/www.villeneuve-les-beziers.fr\/it\/wp-json\/wp\/v2\/users\/1"}],"replies":[{"embeddable":true,"href":"https:\/\/www.villeneuve-les-beziers.fr\/it\/wp-json\/wp\/v2\/comments?post=2079"}],"version-history":[{"count":2,"href":"https:\/\/www.villeneuve-les-beziers.fr\/it\/wp-json\/wp\/v2\/pages\/2079\/revisions"}],"predecessor-version":[{"id":19803,"href":"https:\/\/www.villeneuve-les-beziers.fr\/it\/wp-json\/wp\/v2\/pages\/2079\/revisions\/19803"}],"up":[{"embeddable":true,"href":"https:\/\/www.villeneuve-les-beziers.fr\/it\/wp-json\/wp\/v2\/pages\/12169"}],"wp:featuredmedia":[{"embeddable":true,"href":"https:\/\/www.villeneuve-les-beziers.fr\/it\/wp-json\/wp\/v2\/media\/2078"}],"wp:attachment":[{"href":"https:\/\/www.villeneuve-les-beziers.fr\/it\/wp-json\/wp\/v2\/media?parent=2079"}],"curies":[{"name":"wp","href":"https:\/\/api.w.org\/{rel}","templated":true}]}}