{"id":228,"date":"2019-04-10T11:51:14","date_gmt":"2019-04-10T09:51:14","guid":{"rendered":"http:\/\/localhost\/?page_id=228"},"modified":"2025-06-24T10:13:52","modified_gmt":"2025-06-24T08:13:52","slug":"ufficio-turistico","status":"publish","type":"page","link":"https:\/\/www.villeneuve-les-beziers.fr\/it\/decouvrir\/office-de-tourisme\/","title":{"rendered":"Ufficio del turismo"},"content":{"rendered":"<h1 class=\"wp-block-heading\">Il gabarre, l'ufficio turistico galleggiante<\/h1>\n\n\n\n<figure data-wp-context=\"{&quot;imageId&quot;:&quot;69fc788773814&quot;}\" data-wp-interactive=\"core\/image\" data-wp-key=\"69fc788773814\" class=\"wp-block-image size-large has-custom-border wp-lightbox-container\"><img loading=\"lazy\" decoding=\"async\" width=\"1024\" height=\"683\" data-wp-class--hide=\"state.isContentHidden\" data-wp-class--show=\"state.isContentVisible\" data-wp-init=\"callbacks.setButtonStyles\" data-wp-on--click=\"actions.showLightbox\" data-wp-on--load=\"callbacks.setButtonStyles\" data-wp-on-window--resize=\"callbacks.setButtonStyles\" src=\"https:\/\/www.villeneuve-les-beziers.fr\/wp-content\/uploads\/2019\/05\/gabare-1024x683.jpg\" alt=\"\" class=\"wp-image-2330\" style=\"border-radius:32px\" srcset=\"https:\/\/www.villeneuve-les-beziers.fr\/wp-content\/uploads\/2019\/05\/gabare-1024x683.jpg 1024w, https:\/\/www.villeneuve-les-beziers.fr\/wp-content\/uploads\/2019\/05\/gabare-150x100.jpg 150w, https:\/\/www.villeneuve-les-beziers.fr\/wp-content\/uploads\/2019\/05\/gabare-300x200.jpg 300w, https:\/\/www.villeneuve-les-beziers.fr\/wp-content\/uploads\/2019\/05\/gabare-768x512.jpg 768w, https:\/\/www.villeneuve-les-beziers.fr\/wp-content\/uploads\/2019\/05\/gabare.jpg 1440w\" sizes=\"auto, (max-width: 1024px) 100vw, 1024px\" \/><button\n\t\t\tclass=\"lightbox-trigger\"\n\t\t\ttype=\"button\"\n\t\t\taria-haspopup=\"dialog\"\n\t\t\taria-label=\"Ingrandisci\"\n\t\t\tdata-wp-init=\"callbacks.initTriggerButton\"\n\t\t\tdata-wp-on--click=\"actions.showLightbox\"\n\t\t\tdata-wp-style--right=\"state.imageButtonRight\"\n\t\t\tdata-wp-style--top=\"state.imageButtonTop\"\n\t\t>\n\t\t\t<svg xmlns=\"http:\/\/www.w3.org\/2000\/svg\" width=\"12\" height=\"12\" fill=\"none\" viewbox=\"0 0 12 12\">\n\t\t\t\t<path fill=\"#fff\" d=\"M2 0a2 2 0 0 0-2 2v2h1.5V2a.5.5 0 0 1 .5-.5h2V0H2Zm2 10.5H2a.5.5 0 0 1-.5-.5V8H0v2a2 2 0 0 0 2 2h2v-1.5ZM8 12v-1.5h2a.5.5 0 0 0 .5-.5V8H12v2a2 2 0 0 1-2 2H8Zm2-12a2 2 0 0 1 2 2v2h-1.5V2a.5.5 0 0 0-.5-.5H8V0h2Z\" \/>\n\t\t\t<\/svg>\n\t\t<\/button><\/figure>\n\n\n\n<blockquote class=\"wp-block-quote is-layout-flow wp-block-quote-is-layout-flow\">\n<p>Questa Gabarre \u00e8 l'unico ufficio turistico galleggiante sul Canal des Deux Mers tra Bordeaux e S\u00e8te.<\/p>\n<\/blockquote>\n\n\n\n<p>La Gabarre Pescaluna, conosciuta anche come la pescatrice della luna, \u00e8 ormeggiata presso il centro di sport acquatici di Villeneuve-l\u00e8s-B\u00e9ziers. Accoglie i<strong><a href=\"https:\/\/www.beziers-in-mediterranee.com\/\" target=\"_blank\" rel=\"noopener noreferrer nofollow\">Ufficio del Turismo di B\u00e9ziers M\u00e9diterran\u00e9e<\/a><\/strong> .<\/p>\n\n\n\n<p>Venga a scoprire questa autentica gabarra in legno, costruita originariamente per trasportare visitatori e merci.<\/p>\n\n\n\n<p>Pierre-Paul Riquet rivoluzion\u00f2 il modo in cui le merci venivano trasportate tra mare e terra. <\/p>\n\n\n\n<p>Per 250 anni, i cavalli hanno trainato molte barche come questa. All'epoca, il trasporto di merci su strada era incerto e costoso. Sulla strada, un cavallo poteva tirare due volte il proprio peso, mentre quando trainava una chiatta poteva tirare centoventi volte il proprio peso.<\/p>\n\n\n\n<p>Avr\u00e0 il piacere di scoprire questo interno realizzato interamente in legno - un materiale nobile, naturale, caldo, accogliente, morbido al tatto e piacevole da respirare. \u00c8 seducente, crea intimit\u00e0 e conferisce alla nostra Pescaluna un'atmosfera amichevole e rassicurante!<\/p>\n\n\n\n<p>C'\u00e8 un negozio che vende libri, prodotti occitani, vini e prodotti locali.<\/p>\n\n\n\n<p>Per gli orari e maggiori informazioni \ud83d\udc47<\/p>\n\n\n\n<figure class=\"wp-block-embed is-type-wp-embed is-provider-office-de-tourisme-de-b-ziers-m-diterran-e wp-block-embed-office-de-tourisme-de-b-ziers-m-diterran-e\"><div class=\"wp-block-embed__wrapper\">\n<blockquote class=\"wp-embedded-content\" data-secret=\"gK9i52gKb6\"><a href=\"https:\/\/www.beziers-mediterranee.com\/votre-sejour\/pratique\/office-de-tourisme\/les-bureaux-dinformation-touristique\/\" target=\"_blank\" rel=\"noopener noreferrer nofollow\">Uffici di informazione turistica<\/a><\/blockquote><iframe loading=\"lazy\" class=\"wp-embedded-content\" sandbox=\"allow-scripts\" security=\"restricted\" style=\"position: absolute; visibility: hidden;\" title=\"&quot; Uffici di informazione turistica - Ufficio del Turismo di B\u00e9ziers M\u00e9diterran\u00e9e\" src=\"https:\/\/www.beziers-mediterranee.com\/votre-sejour\/pratique\/office-de-tourisme\/les-bureaux-dinformation-touristique\/embed\/#?secret=G6c1flkxu5#?secret=gK9i52gKb6\" data-secret=\"gK9i52gKb6\" width=\"500\" height=\"282\" frameborder=\"0\" marginwidth=\"0\" marginheight=\"0\" scrolling=\"no\"><\/iframe>\n<\/div><\/figure>","protected":false},"excerpt":{"rendered":"<p>La gabarre, l&rsquo;office de tourisme flottant Cette Gabarre est le seul office de tourisme flottant sur le canal des deux mers, entre Bordeaux et S\u00e8te La Gabarre Pescaluna, alias la p\u00eacheuse de lune est amarr\u00e9e \u00e0 la halte nautique de Villeneuve-l\u00e8s-B\u00e9ziers. Elle accueille l&rsquo;Office de Tourisme B\u00e9ziers M\u00e9diterran\u00e9e . Venez d\u00e9couvrir cette authentique gabarre en [&hellip;]<\/p>\n","protected":false},"author":1,"featured_media":2330,"parent":8353,"menu_order":0,"comment_status":"closed","ping_status":"closed","template":"","meta":{"footnotes":""},"class_list":["post-228","page","type-page","status-publish","has-post-thumbnail","hentry"],"_links":{"self":[{"href":"https:\/\/www.villeneuve-les-beziers.fr\/it\/wp-json\/wp\/v2\/pages\/228","targetHints":{"allow":["GET"]}}],"collection":[{"href":"https:\/\/www.villeneuve-les-beziers.fr\/it\/wp-json\/wp\/v2\/pages"}],"about":[{"href":"https:\/\/www.villeneuve-les-beziers.fr\/it\/wp-json\/wp\/v2\/types\/page"}],"author":[{"embeddable":true,"href":"https:\/\/www.villeneuve-les-beziers.fr\/it\/wp-json\/wp\/v2\/users\/1"}],"replies":[{"embeddable":true,"href":"https:\/\/www.villeneuve-les-beziers.fr\/it\/wp-json\/wp\/v2\/comments?post=228"}],"version-history":[{"count":4,"href":"https:\/\/www.villeneuve-les-beziers.fr\/it\/wp-json\/wp\/v2\/pages\/228\/revisions"}],"predecessor-version":[{"id":20062,"href":"https:\/\/www.villeneuve-les-beziers.fr\/it\/wp-json\/wp\/v2\/pages\/228\/revisions\/20062"}],"up":[{"embeddable":true,"href":"https:\/\/www.villeneuve-les-beziers.fr\/it\/wp-json\/wp\/v2\/pages\/8353"}],"wp:featuredmedia":[{"embeddable":true,"href":"https:\/\/www.villeneuve-les-beziers.fr\/it\/wp-json\/wp\/v2\/media\/2330"}],"wp:attachment":[{"href":"https:\/\/www.villeneuve-les-beziers.fr\/it\/wp-json\/wp\/v2\/media?parent=228"}],"curies":[{"name":"wp","href":"https:\/\/api.w.org\/{rel}","templated":true}]}}