{"id":2570,"date":"2019-05-13T10:43:17","date_gmt":"2019-05-13T08:43:17","guid":{"rendered":"http:\/\/localhost\/?page_id=2570"},"modified":"2024-11-26T00:52:14","modified_gmt":"2024-11-25T23:52:14","slug":"torre-del-castello","status":"publish","type":"page","link":"https:\/\/www.villeneuve-les-beziers.fr\/it\/decouvrir\/patrimoine\/la-tour-du-chateau\/","title":{"rendered":"La Torre del Castello"},"content":{"rendered":"<p>La Tour du Ch\u00e2teau \u00e8 ci\u00f2 che resta dell'antica residenza dei signori locali. Il castello fu bruciato sotto Luigi XIII e ricostruito dopo le Guerre di Religione nel XVI secolo.<\/p>\n\n\n\n<div class=\"wp-block-columns are-vertically-aligned-center is-layout-flex wp-container-core-columns-is-layout-87beb0d0 wp-block-columns-is-layout-flex\">\n<div class=\"wp-block-column is-vertically-aligned-center is-layout-flow wp-block-column-is-layout-flow\" style=\"flex-basis:66.66%\">\n<figure data-wp-context=\"{&quot;imageId&quot;:&quot;69fb8f0cb9f5f&quot;}\" data-wp-interactive=\"core\/image\" data-wp-key=\"69fb8f0cb9f5f\" class=\"wp-block-image size-full wp-lightbox-container\"><img loading=\"lazy\" decoding=\"async\" width=\"960\" height=\"1104\" data-wp-class--hide=\"state.isContentHidden\" data-wp-class--show=\"state.isContentVisible\" data-wp-init=\"callbacks.setButtonStyles\" data-wp-on--click=\"actions.showLightbox\" data-wp-on--load=\"callbacks.setButtonStyles\" data-wp-on-window--resize=\"callbacks.setButtonStyles\" src=\"https:\/\/www.villeneuve-les-beziers.fr\/wp-content\/uploads\/2019\/05\/tour1.jpg\" alt=\"\" class=\"wp-image-2590\" srcset=\"https:\/\/www.villeneuve-les-beziers.fr\/wp-content\/uploads\/2019\/05\/tour1.jpg 960w, https:\/\/www.villeneuve-les-beziers.fr\/wp-content\/uploads\/2019\/05\/tour1-261x300.jpg 261w, https:\/\/www.villeneuve-les-beziers.fr\/wp-content\/uploads\/2019\/05\/tour1-768x883.jpg 768w, https:\/\/www.villeneuve-les-beziers.fr\/wp-content\/uploads\/2019\/05\/tour1-890x1024.jpg 890w\" sizes=\"auto, (max-width: 960px) 100vw, 960px\" \/><button\n\t\t\tclass=\"lightbox-trigger\"\n\t\t\ttype=\"button\"\n\t\t\taria-haspopup=\"dialog\"\n\t\t\taria-label=\"Ingrandisci\"\n\t\t\tdata-wp-init=\"callbacks.initTriggerButton\"\n\t\t\tdata-wp-on--click=\"actions.showLightbox\"\n\t\t\tdata-wp-style--right=\"state.imageButtonRight\"\n\t\t\tdata-wp-style--top=\"state.imageButtonTop\"\n\t\t>\n\t\t\t<svg xmlns=\"http:\/\/www.w3.org\/2000\/svg\" width=\"12\" height=\"12\" fill=\"none\" viewbox=\"0 0 12 12\">\n\t\t\t\t<path fill=\"#fff\" d=\"M2 0a2 2 0 0 0-2 2v2h1.5V2a.5.5 0 0 1 .5-.5h2V0H2Zm2 10.5H2a.5.5 0 0 1-.5-.5V8H0v2a2 2 0 0 0 2 2h2v-1.5ZM8 12v-1.5h2a.5.5 0 0 0 .5-.5V8H12v2a2 2 0 0 1-2 2H8Zm2-12a2 2 0 0 1 2 2v2h-1.5V2a.5.5 0 0 0-.5-.5H8V0h2Z\" \/>\n\t\t\t<\/svg>\n\t\t<\/button><\/figure>\n<\/div>\n\n\n\n<div class=\"wp-block-column is-vertically-aligned-center is-layout-flow wp-block-column-is-layout-flow\" style=\"flex-basis:33.33%\">\n<p>A volte nelle mani di cattolici e protestanti, il castello fu infine restituito alla famiglia de Villeneuve nel 1581. La famiglia Brunet, marchese di Villeneuve, fu proprietaria del castello fino al 18 febbraio 1862, quando l'ultimo discendente della famiglia lo vendette a Philippe Pons de Villeneuve.<\/p>\n\n\n\n<p>Divenne poi propriet\u00e0 di Marie-Joseph Louis Pons, conte di Villeneuve e tenente del 10\u00b0 Reggimento Dragoni di Montauban, il 23 luglio 1913. Fu poi venduto, ad eccezione della Torre Nord e del terreno di fronte ad essa, al Comune di Villeneuve, rappresentato dal sindaco Louis Peyrou. Il castello cadde in rovina e fu demolito nel 1925. In seguito, il Conte di Villeneuve don\u00f2 la Torre (l'ultima vestigia del castello) e il terreno al comune, a condizione che venisse conservata e mantenuta. Questa promessa \u00e8 stata mantenuta e la Torre restaurata \u00e8 ora mantenuta dal Comune.<\/p>\n<\/div>\n<\/div>\n\n\n\n<figure data-wp-context=\"{&quot;imageId&quot;:&quot;69fb8f0cbadb0&quot;}\" data-wp-interactive=\"core\/image\" data-wp-key=\"69fb8f0cbadb0\" class=\"wp-block-image size-full wp-lightbox-container\"><img loading=\"lazy\" decoding=\"async\" width=\"791\" height=\"505\" data-wp-class--hide=\"state.isContentHidden\" data-wp-class--show=\"state.isContentVisible\" data-wp-init=\"callbacks.setButtonStyles\" data-wp-on--click=\"actions.showLightbox\" data-wp-on--load=\"callbacks.setButtonStyles\" data-wp-on-window--resize=\"callbacks.setButtonStyles\" src=\"https:\/\/www.villeneuve-les-beziers.fr\/wp-content\/uploads\/2019\/05\/chanteauancien.jpg\" alt=\"\" class=\"wp-image-2586\" srcset=\"https:\/\/www.villeneuve-les-beziers.fr\/wp-content\/uploads\/2019\/05\/chanteauancien.jpg 791w, https:\/\/www.villeneuve-les-beziers.fr\/wp-content\/uploads\/2019\/05\/chanteauancien-150x96.jpg 150w, https:\/\/www.villeneuve-les-beziers.fr\/wp-content\/uploads\/2019\/05\/chanteauancien-300x192.jpg 300w, https:\/\/www.villeneuve-les-beziers.fr\/wp-content\/uploads\/2019\/05\/chanteauancien-768x490.jpg 768w\" sizes=\"auto, (max-width: 791px) 100vw, 791px\" \/><button\n\t\t\tclass=\"lightbox-trigger\"\n\t\t\ttype=\"button\"\n\t\t\taria-haspopup=\"dialog\"\n\t\t\taria-label=\"Ingrandisci\"\n\t\t\tdata-wp-init=\"callbacks.initTriggerButton\"\n\t\t\tdata-wp-on--click=\"actions.showLightbox\"\n\t\t\tdata-wp-style--right=\"state.imageButtonRight\"\n\t\t\tdata-wp-style--top=\"state.imageButtonTop\"\n\t\t>\n\t\t\t<svg xmlns=\"http:\/\/www.w3.org\/2000\/svg\" width=\"12\" height=\"12\" fill=\"none\" viewbox=\"0 0 12 12\">\n\t\t\t\t<path fill=\"#fff\" d=\"M2 0a2 2 0 0 0-2 2v2h1.5V2a.5.5 0 0 1 .5-.5h2V0H2Zm2 10.5H2a.5.5 0 0 1-.5-.5V8H0v2a2 2 0 0 0 2 2h2v-1.5ZM8 12v-1.5h2a.5.5 0 0 0 .5-.5V8H12v2a2 2 0 0 1-2 2H8Zm2-12a2 2 0 0 1 2 2v2h-1.5V2a.5.5 0 0 0-.5-.5H8V0h2Z\" \/>\n\t\t\t<\/svg>\n\t\t<\/button><\/figure>\n\n\n\n<h2 class=\"wp-block-heading\">I bastioni<\/h2>\n\n\n\n<p>Un muro di pietra nera circondava il villaggio. Intorno al 990, la cinta era composta da due muri e fu restaurata per combattere gli invasori nel 1336. I passaggi sotterranei andavano dalla torre del castello alla pianura. C'era la porta 'Empayral' a nord e la porta 'd'Orb' a sud. Alcuni resti di questo muro sono visibili ancora oggi.<\/p>\n\n\n\n<figure data-wp-context=\"{&quot;imageId&quot;:&quot;69fb8f0cbafce&quot;}\" data-wp-interactive=\"core\/image\" data-wp-key=\"69fb8f0cbafce\" class=\"wp-block-image size-large wp-lightbox-container\"><img loading=\"lazy\" decoding=\"async\" width=\"1024\" height=\"683\" data-wp-class--hide=\"state.isContentHidden\" data-wp-class--show=\"state.isContentVisible\" data-wp-init=\"callbacks.setButtonStyles\" data-wp-on--click=\"actions.showLightbox\" data-wp-on--load=\"callbacks.setButtonStyles\" data-wp-on-window--resize=\"callbacks.setButtonStyles\" src=\"https:\/\/www.villeneuve-les-beziers.fr\/wp-content\/uploads\/2019\/05\/rempart-1024x683.jpg\" alt=\"\" class=\"wp-image-2592\" srcset=\"https:\/\/www.villeneuve-les-beziers.fr\/wp-content\/uploads\/2019\/05\/rempart-1024x683.jpg 1024w, https:\/\/www.villeneuve-les-beziers.fr\/wp-content\/uploads\/2019\/05\/rempart-300x200.jpg 300w, https:\/\/www.villeneuve-les-beziers.fr\/wp-content\/uploads\/2019\/05\/rempart-768x512.jpg 768w\" sizes=\"auto, (max-width: 1024px) 100vw, 1024px\" \/><button\n\t\t\tclass=\"lightbox-trigger\"\n\t\t\ttype=\"button\"\n\t\t\taria-haspopup=\"dialog\"\n\t\t\taria-label=\"Ingrandisci\"\n\t\t\tdata-wp-init=\"callbacks.initTriggerButton\"\n\t\t\tdata-wp-on--click=\"actions.showLightbox\"\n\t\t\tdata-wp-style--right=\"state.imageButtonRight\"\n\t\t\tdata-wp-style--top=\"state.imageButtonTop\"\n\t\t>\n\t\t\t<svg xmlns=\"http:\/\/www.w3.org\/2000\/svg\" width=\"12\" height=\"12\" fill=\"none\" viewbox=\"0 0 12 12\">\n\t\t\t\t<path fill=\"#fff\" d=\"M2 0a2 2 0 0 0-2 2v2h1.5V2a.5.5 0 0 1 .5-.5h2V0H2Zm2 10.5H2a.5.5 0 0 1-.5-.5V8H0v2a2 2 0 0 0 2 2h2v-1.5ZM8 12v-1.5h2a.5.5 0 0 0 .5-.5V8H12v2a2 2 0 0 1-2 2H8Zm2-12a2 2 0 0 1 2 2v2h-1.5V2a.5.5 0 0 0-.5-.5H8V0h2Z\" \/>\n\t\t\t<\/svg>\n\t\t<\/button><\/figure>","protected":false},"excerpt":{"rendered":"<p>La Tour du Ch\u00e2teau est le vestige de l&rsquo;ancienne demeure des seigneurs du lieu. Le ch\u00e2teau a \u00e9t\u00e9 br\u00fbl\u00e9 sous Louis XIII puis reconstruit apr\u00e8s les guerres de religion du XVI\u00e8me si\u00e8cle. Tant\u00f4t entre les mains des Catholiques ou des Protestants, le ch\u00e2teau fut finalement rendu en 1581, \u00e0 la famille de Villeneuve. La famille [&hellip;]<\/p>\n","protected":false},"author":1,"featured_media":2586,"parent":227,"menu_order":0,"comment_status":"closed","ping_status":"closed","template":"","meta":{"footnotes":""},"class_list":["post-2570","page","type-page","status-publish","has-post-thumbnail","hentry"],"_links":{"self":[{"href":"https:\/\/www.villeneuve-les-beziers.fr\/it\/wp-json\/wp\/v2\/pages\/2570","targetHints":{"allow":["GET"]}}],"collection":[{"href":"https:\/\/www.villeneuve-les-beziers.fr\/it\/wp-json\/wp\/v2\/pages"}],"about":[{"href":"https:\/\/www.villeneuve-les-beziers.fr\/it\/wp-json\/wp\/v2\/types\/page"}],"author":[{"embeddable":true,"href":"https:\/\/www.villeneuve-les-beziers.fr\/it\/wp-json\/wp\/v2\/users\/1"}],"replies":[{"embeddable":true,"href":"https:\/\/www.villeneuve-les-beziers.fr\/it\/wp-json\/wp\/v2\/comments?post=2570"}],"version-history":[{"count":1,"href":"https:\/\/www.villeneuve-les-beziers.fr\/it\/wp-json\/wp\/v2\/pages\/2570\/revisions"}],"predecessor-version":[{"id":19511,"href":"https:\/\/www.villeneuve-les-beziers.fr\/it\/wp-json\/wp\/v2\/pages\/2570\/revisions\/19511"}],"up":[{"embeddable":true,"href":"https:\/\/www.villeneuve-les-beziers.fr\/it\/wp-json\/wp\/v2\/pages\/227"}],"wp:featuredmedia":[{"embeddable":true,"href":"https:\/\/www.villeneuve-les-beziers.fr\/it\/wp-json\/wp\/v2\/media\/2586"}],"wp:attachment":[{"href":"https:\/\/www.villeneuve-les-beziers.fr\/it\/wp-json\/wp\/v2\/media?parent=2570"}],"curies":[{"name":"wp","href":"https:\/\/api.w.org\/{rel}","templated":true}]}}