{"id":3059,"date":"2019-05-21T17:37:08","date_gmt":"2019-05-21T15:37:08","guid":{"rendered":"http:\/\/localhost\/?page_id=3059"},"modified":"2024-11-26T15:39:00","modified_gmt":"2024-11-26T14:39:00","slug":"relaispetiteenfance","status":"publish","type":"page","link":"https:\/\/www.villeneuve-les-beziers.fr\/it\/mon-quotidien\/enfance-jeunesse\/relaispetiteenfance\/","title":{"rendered":"Centro di assistenza all'infanzia"},"content":{"rendered":"<h2 class=\"wp-block-heading\">Centro di assistenza all'infanzia<\/h2>\n\n\n\n<p><strong>Centro per la prima infanzia di B\u00e9ziers M\u00e9diterran\u00e9e<\/strong><\/p>\n\n\n\n<p><strong>Aperto da luned\u00ec a venerd\u00ec<\/strong><\/p>\n\n\n\n<p><strong>Tel: <a data-auth=\"NotApplicable\" data-linkindex=\"0\" href=\"\/it\/04 99 41 30 72\/\" target=\"_blank\" rel=\"noopener noreferrer\">04 99 41 30 72<\/a><\/strong><\/p>\n\n\n\n<p><strong><a data-auth=\"NotApplicable\" data-linkindex=\"1\" href=\"mailto:rpe@beziers-mediterranee.fr\" target=\"_blank\" rel=\"nofollow noopener noreferrer\">rpe@beziers-mediterranee.fr<\/a><\/strong><\/p>\n\n\n\n<figure data-wp-context=\"{&quot;imageId&quot;:&quot;69d4771884a1e&quot;}\" data-wp-interactive=\"core\/image\" data-wp-key=\"69d4771884a1e\" class=\"wp-block-image size-large wp-lightbox-container\"><img loading=\"lazy\" decoding=\"async\" width=\"1024\" height=\"723\" data-wp-class--hide=\"state.isContentHidden\" data-wp-class--show=\"state.isContentVisible\" data-wp-init=\"callbacks.setButtonStyles\" data-wp-on--click=\"actions.showLightbox\" data-wp-on--load=\"callbacks.setButtonStyles\" data-wp-on-window--resize=\"callbacks.setButtonStyles\" src=\"https:\/\/www.villeneuve-les-beziers.fr\/wp-content\/uploads\/2022\/09\/Capture-decran-2022-09-05-a-15.34.59-1024x723.png\" alt=\"\" class=\"wp-image-16290\" srcset=\"https:\/\/www.villeneuve-les-beziers.fr\/wp-content\/uploads\/2022\/09\/Capture-decran-2022-09-05-a-15.34.59-1024x723.png 1024w, https:\/\/www.villeneuve-les-beziers.fr\/wp-content\/uploads\/2022\/09\/Capture-decran-2022-09-05-a-15.34.59-300x212.png 300w, https:\/\/www.villeneuve-les-beziers.fr\/wp-content\/uploads\/2022\/09\/Capture-decran-2022-09-05-a-15.34.59-768x542.png 768w, https:\/\/www.villeneuve-les-beziers.fr\/wp-content\/uploads\/2022\/09\/Capture-decran-2022-09-05-a-15.34.59-1536x1084.png 1536w, https:\/\/www.villeneuve-les-beziers.fr\/wp-content\/uploads\/2022\/09\/Capture-decran-2022-09-05-a-15.34.59-2048x1446.png 2048w\" sizes=\"auto, (max-width: 1024px) 100vw, 1024px\" \/><button\n\t\t\tclass=\"lightbox-trigger\"\n\t\t\ttype=\"button\"\n\t\t\taria-haspopup=\"dialog\"\n\t\t\taria-label=\"Ingrandisci\"\n\t\t\tdata-wp-init=\"callbacks.initTriggerButton\"\n\t\t\tdata-wp-on--click=\"actions.showLightbox\"\n\t\t\tdata-wp-style--right=\"state.imageButtonRight\"\n\t\t\tdata-wp-style--top=\"state.imageButtonTop\"\n\t\t>\n\t\t\t<svg xmlns=\"http:\/\/www.w3.org\/2000\/svg\" width=\"12\" height=\"12\" fill=\"none\" viewbox=\"0 0 12 12\">\n\t\t\t\t<path fill=\"#fff\" d=\"M2 0a2 2 0 0 0-2 2v2h1.5V2a.5.5 0 0 1 .5-.5h2V0H2Zm2 10.5H2a.5.5 0 0 1-.5-.5V8H0v2a2 2 0 0 0 2 2h2v-1.5ZM8 12v-1.5h2a.5.5 0 0 0 .5-.5V8H12v2a2 2 0 0 1-2 2H8Zm2-12a2 2 0 0 1 2 2v2h-1.5V2a.5.5 0 0 0-.5-.5H8V0h2Z\" \/>\n\t\t\t<\/svg>\n\t\t<\/button><\/figure>\n\n\n\n<figure data-wp-context=\"{&quot;imageId&quot;:&quot;69d4771884c4b&quot;}\" data-wp-interactive=\"core\/image\" data-wp-key=\"69d4771884c4b\" class=\"wp-block-image size-large wp-lightbox-container\"><img loading=\"lazy\" decoding=\"async\" width=\"1024\" height=\"724\" data-wp-class--hide=\"state.isContentHidden\" data-wp-class--show=\"state.isContentVisible\" data-wp-init=\"callbacks.setButtonStyles\" data-wp-on--click=\"actions.showLightbox\" data-wp-on--load=\"callbacks.setButtonStyles\" data-wp-on-window--resize=\"callbacks.setButtonStyles\" src=\"https:\/\/www.villeneuve-les-beziers.fr\/wp-content\/uploads\/2022\/09\/Capture-decran-2022-09-05-a-15.35.11-1024x724.png\" alt=\"\" class=\"wp-image-16291\" srcset=\"https:\/\/www.villeneuve-les-beziers.fr\/wp-content\/uploads\/2022\/09\/Capture-decran-2022-09-05-a-15.35.11-1024x724.png 1024w, https:\/\/www.villeneuve-les-beziers.fr\/wp-content\/uploads\/2022\/09\/Capture-decran-2022-09-05-a-15.35.11-300x212.png 300w, https:\/\/www.villeneuve-les-beziers.fr\/wp-content\/uploads\/2022\/09\/Capture-decran-2022-09-05-a-15.35.11-768x543.png 768w, https:\/\/www.villeneuve-les-beziers.fr\/wp-content\/uploads\/2022\/09\/Capture-decran-2022-09-05-a-15.35.11-1536x1086.png 1536w, https:\/\/www.villeneuve-les-beziers.fr\/wp-content\/uploads\/2022\/09\/Capture-decran-2022-09-05-a-15.35.11-2048x1448.png 2048w\" sizes=\"auto, (max-width: 1024px) 100vw, 1024px\" \/><button\n\t\t\tclass=\"lightbox-trigger\"\n\t\t\ttype=\"button\"\n\t\t\taria-haspopup=\"dialog\"\n\t\t\taria-label=\"Ingrandisci\"\n\t\t\tdata-wp-init=\"callbacks.initTriggerButton\"\n\t\t\tdata-wp-on--click=\"actions.showLightbox\"\n\t\t\tdata-wp-style--right=\"state.imageButtonRight\"\n\t\t\tdata-wp-style--top=\"state.imageButtonTop\"\n\t\t>\n\t\t\t<svg xmlns=\"http:\/\/www.w3.org\/2000\/svg\" width=\"12\" height=\"12\" fill=\"none\" viewbox=\"0 0 12 12\">\n\t\t\t\t<path fill=\"#fff\" d=\"M2 0a2 2 0 0 0-2 2v2h1.5V2a.5.5 0 0 1 .5-.5h2V0H2Zm2 10.5H2a.5.5 0 0 1-.5-.5V8H0v2a2 2 0 0 0 2 2h2v-1.5ZM8 12v-1.5h2a.5.5 0 0 0 .5-.5V8H12v2a2 2 0 0 1-2 2H8Zm2-12a2 2 0 0 1 2 2v2h-1.5V2a.5.5 0 0 0-.5-.5H8V0h2Z\" \/>\n\t\t\t<\/svg>\n\t\t<\/button><\/figure>","protected":false},"excerpt":{"rendered":"<p>Relais Petite Enfance B\u00e9ziers M\u00e9diterran\u00e9e Aperto dal luned\u00ec al venerd\u00ec Tel: 04 99 41 30 72 rpe@beziers-mediterranee.fr<\/p>","protected":false},"author":1,"featured_media":16285,"parent":208,"menu_order":0,"comment_status":"closed","ping_status":"closed","template":"","meta":{"footnotes":""},"class_list":["post-3059","page","type-page","status-publish","has-post-thumbnail","hentry"],"_links":{"self":[{"href":"https:\/\/www.villeneuve-les-beziers.fr\/it\/wp-json\/wp\/v2\/pages\/3059","targetHints":{"allow":["GET"]}}],"collection":[{"href":"https:\/\/www.villeneuve-les-beziers.fr\/it\/wp-json\/wp\/v2\/pages"}],"about":[{"href":"https:\/\/www.villeneuve-les-beziers.fr\/it\/wp-json\/wp\/v2\/types\/page"}],"author":[{"embeddable":true,"href":"https:\/\/www.villeneuve-les-beziers.fr\/it\/wp-json\/wp\/v2\/users\/1"}],"replies":[{"embeddable":true,"href":"https:\/\/www.villeneuve-les-beziers.fr\/it\/wp-json\/wp\/v2\/comments?post=3059"}],"version-history":[{"count":2,"href":"https:\/\/www.villeneuve-les-beziers.fr\/it\/wp-json\/wp\/v2\/pages\/3059\/revisions"}],"predecessor-version":[{"id":19593,"href":"https:\/\/www.villeneuve-les-beziers.fr\/it\/wp-json\/wp\/v2\/pages\/3059\/revisions\/19593"}],"up":[{"embeddable":true,"href":"https:\/\/www.villeneuve-les-beziers.fr\/it\/wp-json\/wp\/v2\/pages\/208"}],"wp:featuredmedia":[{"embeddable":true,"href":"https:\/\/www.villeneuve-les-beziers.fr\/it\/wp-json\/wp\/v2\/media\/16285"}],"wp:attachment":[{"href":"https:\/\/www.villeneuve-les-beziers.fr\/it\/wp-json\/wp\/v2\/media?parent=3059"}],"curies":[{"name":"wp","href":"https:\/\/api.w.org\/{rel}","templated":true}]}}