{"id":5777,"date":"2021-07-20T15:10:51","date_gmt":"2021-07-20T13:10:51","guid":{"rendered":"http:\/\/www.villeneuve-les-beziers.fr\/?page_id=5777"},"modified":"2025-05-27T09:37:03","modified_gmt":"2025-05-27T07:37:03","slug":"avviso-di-partecipazione-pubblica-elettronica","status":"publish","type":"page","link":"https:\/\/www.villeneuve-les-beziers.fr\/it\/vie-pratique\/urbanisme\/avis-de-participation-du-public-par-voie-electronique\/","title":{"rendered":"Avviso di partecipazione pubblica elettronica"},"content":{"rendered":"<p><strong>Avviso di partecipazione pubblica elettronica<br><\/strong><strong>Modifica del permesso di pianificazione n. PC03433616Z0008 M3<br><\/strong><strong>SA DECATHLON<br><\/strong><strong>ZAC M\u00e9ridienne<br><\/strong><strong>34420 Villeneuve-l\u00e8s-B\u00e9ziers<\/strong><\/p>\n\n\n\n<p>In conformit\u00e0 al Codice dell'Ambiente, si informa il pubblico che la domanda di pianificazione PC03433616Z0008 M3, presentata da SA DECATHLON il 26 marzo 2021 e integrata il 19 maggio 2021, \u00e8 soggetta a una procedura di partecipazione pubblica elettronica dal 9 agosto al 10 settembre 2021.<\/p>\n\n\n\n<p>La suddetta richiesta di permesso di costruzione \u00e8 stata sottoposta a una valutazione d'impatto.<\/p>\n\n\n\n<p>Il dossier di consultazione includer\u00e0:<br>- la richiesta di un permesso di pianificazione modificativo,<br>- i pareri emessi su questa richiesta,<br>- lo studio d'impatto,<br>- l'opinione dell'autorit\u00e0 ambientale,<br>- la risposta del firmatario a questa opinione,<br>- l'ordinanza del sindaco che stabilisce le informazioni e le condizioni in cui saranno rese disponibili.<\/p>\n\n\n\n<p>Nel corso della procedura, pu\u00f2 essere consultato il fascicolo della domanda di pianificazione:<br>- sul sito web del Comune di Villeneuve-l\u00e8s-B\u00e9ziers: <a href=\"https:\/\/www.villeneuve-les-beziers.fr\/it\/\">www.villeneuve-les-beziers.fr<\/a> ,<br>- in formato cartaceo presso il Dipartimento Urbanistica del Municipio di Villeneuve-l\u00e8s-B\u00e9ziers, dal 9 agosto al 10 settembre 2021 (su appuntamento).<\/p>\n\n\n\n<p>Le parti interessate possono inviare i loro commenti o le loro proposte tramite il sito web <strong><a href=\"\/it\/ci-scriva\/\" data-type=\"page\" data-id=\"18\">Modulo elettronico<\/a> <\/strong>fino al 10 settembre 2021.<\/p>\n\n\n\n<p>Al termine di questa procedura di partecipazione pubblica e del periodo di esame della domanda di permesso di costruzione, il sindaco di Villeneuve-l\u00e8s-B\u00e9ziers decider\u00e0 in merito a tale domanda.<\/p>\n\n\n\n<p>Ulteriori informazioni possono essere richieste al municipio di Villeneuve-l\u00e8s-B\u00e9ziers al numero di telefono 04.67.39.47.80 o all'indirizzo e-mail :<a href=\"mailto:urbanisme@villeneuve-les-beziers.fr\" target=\"_blank\" rel=\"noreferrer noopener\"><strong> urbanisme@villeneuve-les-b\u00e9ziers.fr<\/strong><\/a><\/p>\n\n\n\n<p>Entro la data di pubblicazione della decisione del sindaco di Villeneuve-l\u00e8s-B\u00e9ziers e per un periodo di almeno tre mesi, una sintesi dei commenti e delle proposte avanzate dal pubblico sar\u00e0 resa pubblica sul sito web: <a href=\"https:\/\/www.villeneuve-les-beziers.fr\/it\/\">www.villeneuve-les-beziers.fr<\/a><\/p>\n\n\n\n<p><a href=\"https:\/\/www.villeneuve-les-beziers.fr\/wp-content\/uploads\/2021\/07\/Avis-de-participation-du-public-par-voie-electronique-pc03433616z0008-m3-SA-DECATHLON1.pdf\">&gt; Consultare l'avviso di informazione al pubblico<\/a><br><a href=\"\/wp-content\/uploads\/2021\/07\/2021-072-Participation-du-public-par-voie-electropnique-PC03433616Z0008M3-SA-DECATHLON.pdf\">&gt; Consultare il regolamento comunale che stabilisce la procedura di partecipazione.&nbsp;<\/a><\/p>\n\n\n\n<p>&gt;<strong>&nbsp;File completo <a href=\"https:\/\/www.villeneuve-les-beziers.fr\/wp-content\/uploads\/2021\/08\/Participation-public-voie-electronique-PC3433616Z0008-M3-DECATHLON.zip\">Partecipazione elettronica del pubblico PC3433616<\/a><a href=\"\/wp-content\/uploads\/2021\/08\/Participation-public-voie-electronique-PC3433616Z0008-M3-DECATHLON.zip\">Z<\/a><a href=\"https:\/\/www.villeneuve-les-beziers.fr\/wp-content\/uploads\/2021\/08\/Participation-public-voie-electronique-PC3433616Z0008-M3-DECATHLON.zip\">0008 M3 DECATHLON<\/a><\/strong><\/p>\n\n\n\n<p>05\/11\/2024<\/p>\n\n\n\n<p><strong>AVVISO DI PARTECIPAZIONE PUBBLICA ELETTRONICA PRIMA DELL'APPROVAZIONE DEL DOSSIER PER LA CREAZIONE DELLA ZAC \"LA CLAUDERY\".<\/strong><\/p>\n\n\n\n<p>In conformit\u00e0 con le disposizioni dell'articolo L123-19 del Codice dell'Ambiente francese, viene organizzata una consultazione pubblica elettronica sul progetto di creazione della Zona di Sviluppo Concertato (ZAC) \"La Claudery\". Questo progetto, che \u00e8 soggetto a valutazione ambientale, riguarda l'ampliamento del parco commerciale \"La Claudery\" nel comune di Villeneuve-l\u00e8s-B\u00e9ziers.<\/p>\n\n\n\n<p>La partecipazione del pubblico per via elettronica avr\u00e0 luogo per un periodo di 31 giorni consecutivi: da luned\u00ec 25 novembre alle ore 8:00 a gioved\u00ec 26 dicembre 2024 incluso.<\/p>\n\n\n\n<p>A<a href=\"https:\/\/www.villeneuve-les-beziers.fr\/wp-content\/uploads\/2024\/11\/Avis-PPVE-ZAC-Claudery-2.pdf\">vite: link<\/a><\/p>\n\n\n\n<p>Piattaforma dedicata :&nbsp;<\/p>\n\n\n\n<p>h<a href=\"https:\/\/www.democratie-active.fr\/zac-claudery-ppve\/\" target=\"_blank\" rel=\"noreferrer noopener\">ttps:\/\/www.democratie-active.fr\/zac-claudery-ppve\/<\/a>&nbsp;dove \u00e8 possibile scaricare tutti i documenti che compongono il dossier di candidatura.<\/p>\n\n\n\n<p>Registro elettronico :<\/p>\n\n\n\n<figure class=\"wp-block-embed\"><div class=\"wp-block-embed__wrapper\">\nhttps:\/\/www.democratie-active.fr\/zac-claudery-ppve\n<\/div><\/figure>\n\n\n\n<p>Email :&nbsp;<a href=\"mailto:zac-claudery@democratie-active.fr\" target=\"_blank\" rel=\"noreferrer noopener\">zac-claudery@democratie-active.fr<\/a><\/p>\n\n\n\n<figure class=\"wp-block-image\"><img loading=\"lazy\" decoding=\"async\" width=\"724\" height=\"1024\" src=\"https:\/\/www.villeneuve-les-beziers.fr\/wp-content\/uploads\/2024\/11\/claudery-scaled-e1730801159667-724x1024.jpg\" alt=\"\" class=\"wp-image-18615\" srcset=\"https:\/\/www.villeneuve-les-beziers.fr\/wp-content\/uploads\/2024\/11\/claudery-scaled-e1730801159667-724x1024.jpg 724w, https:\/\/www.villeneuve-les-beziers.fr\/wp-content\/uploads\/2024\/11\/claudery-scaled-e1730801159667-212x300.jpg 212w, https:\/\/www.villeneuve-les-beziers.fr\/wp-content\/uploads\/2024\/11\/claudery-scaled-e1730801159667-768x1086.jpg 768w, https:\/\/www.villeneuve-les-beziers.fr\/wp-content\/uploads\/2024\/11\/claudery-scaled-e1730801159667-1086x1536.jpg 1086w, https:\/\/www.villeneuve-les-beziers.fr\/wp-content\/uploads\/2024\/11\/claudery-scaled-e1730801159667-1448x2048.jpg 1448w, https:\/\/www.villeneuve-les-beziers.fr\/wp-content\/uploads\/2024\/11\/claudery-scaled-e1730801159667.jpg 1810w\" sizes=\"auto, (max-width: 724px) 100vw, 724px\" \/><\/figure>\n\n\n\n<p>Al termine della partecipazione pubblica elettronica, l'autorit\u00e0 responsabile della decisione di approvare il dossier di sviluppo ZAC \"La Claudery\", ossia il Comune di Villeneuve-l\u00e8s-B\u00e9ziers, pubblicher\u00e0 una sintesi dei commenti e delle proposte del pubblico e le risposte del proprietario del progetto a tali commenti e proposte. Questi documenti saranno disponibili per la consultazione per almeno tre mesi sul sito web del Comune e sul sito web dedicato alla procedura di partecipazione al seguente indirizzo:&nbsp;<a href=\"https:\/\/www.democratie-active.fr\/zac-claudery-ppve\/\" target=\"_blank\" rel=\"noreferrer noopener\">https:\/\/www.democratie-active.fr\/zac-claudery-ppve\/<\/a><\/p>\n\n\n\n<p>Al termine del periodo di partecipazione pubblica elettronica, il piano di sviluppo della ZAC \"La Claudery\", che potr\u00e0 essere modificato per tenere conto dei commenti, delle opinioni e delle proposte, sar\u00e0 presentato al Consiglio comunale di Villeneuve-l\u00e8s-B\u00e9ziers per l'approvazione.<\/p>\n\n\n\n<p>05\/11\/2024<\/p>\n\n\n\n<p><strong>AVVISO DI PARTECIPAZIONE PUBBLICA ELETTRONICA PRIMA DELL'APPROVAZIONE DEL DOSSIER DI CREAZIONE DELLA ZAC \"PECH AURIOL - LE CROS\".<\/strong><\/p>\n\n\n\n<p>In conformit\u00e0 con le disposizioni dell'articolo L.123-19 del Codice dell'Ambiente, dal 25 novembre al 26 dicembre 2024 incluso \u00e8 aperta e organizzata una consultazione pubblica elettronica sul progetto del piano di sviluppo della ZAC \"Pech Auriol - Le Cros\".<\/p>\n\n\n\n<p>La partecipazione del pubblico per via elettronica avr\u00e0 luogo per un periodo di 31 giorni consecutivi: da luned\u00ec 25 novembre alle ore 8:00 a gioved\u00ec 26 dicembre 2024 incluso.<\/p>\n\n\n\n<p>A<a href=\"https:\/\/www.villeneuve-les-beziers.fr\/wp-content\/uploads\/2024\/11\/Avis-PPVE-ZAC-Pech-Auriol-Le-Cros.pdf\">vite: link<\/a><\/p>\n\n\n\n<p>Piattaforma dedicata :\u00a0<\/p>\n\n\n\n<p><a href=\"https:\/\/www.democratie-active.fr\/zac-pech-auriol-le-cros-ppve\" target=\"_blank\" rel=\"noopener noreferrer nofollow\">https:\/\/www.democratie-active.fr\/zac-pech-auriol-le-cros-ppve<\/a><\/p>\n\n\n\n<p>Registro elettronico :<\/p>\n\n\n\n<figure class=\"wp-block-embed\"><div class=\"wp-block-embed__wrapper\">\nhttps:\/\/www.democratie-active.fr\/zac-pech-auriol-le-cros-ppve\n<\/div><\/figure>\n\n\n\n<p>Email :&nbsp;<a href=\"mailto:zac-pech-auriol-le-cros@democratie-active.fr\" target=\"_blank\" rel=\"noreferrer noopener\">zac-pech-auriol-le-cros@democratie-active.<\/a><\/p>\n\n\n\n<figure class=\"wp-block-image\"><img loading=\"lazy\" decoding=\"async\" width=\"724\" height=\"1024\" src=\"https:\/\/www.villeneuve-les-beziers.fr\/wp-content\/uploads\/2024\/11\/pech-auriol-scaled-e1730801602829-724x1024.jpg\" alt=\"\" class=\"wp-image-18619\" srcset=\"https:\/\/www.villeneuve-les-beziers.fr\/wp-content\/uploads\/2024\/11\/pech-auriol-scaled-e1730801602829-724x1024.jpg 724w, https:\/\/www.villeneuve-les-beziers.fr\/wp-content\/uploads\/2024\/11\/pech-auriol-scaled-e1730801602829-212x300.jpg 212w, https:\/\/www.villeneuve-les-beziers.fr\/wp-content\/uploads\/2024\/11\/pech-auriol-scaled-e1730801602829-768x1086.jpg 768w, https:\/\/www.villeneuve-les-beziers.fr\/wp-content\/uploads\/2024\/11\/pech-auriol-scaled-e1730801602829-1086x1536.jpg 1086w, https:\/\/www.villeneuve-les-beziers.fr\/wp-content\/uploads\/2024\/11\/pech-auriol-scaled-e1730801602829-1448x2048.jpg 1448w, https:\/\/www.villeneuve-les-beziers.fr\/wp-content\/uploads\/2024\/11\/pech-auriol-scaled-e1730801602829.jpg 1810w\" sizes=\"auto, (max-width: 724px) 100vw, 724px\" \/><\/figure>\n\n\n\n<p>Al termine della partecipazione pubblica elettronica, l'autorit\u00e0 competente a prendere la decisione di approvare il dossier di creazione della ZAC \"Pech Auriol - Le Cros\", ossia il Comune di Villeneuve-l\u00e8s-B\u00e9ziers, pubblicher\u00e0 una sintesi dei commenti e delle proposte del pubblico e le risposte del titolare del progetto a tali commenti e proposte. Questi documenti saranno disponibili per la consultazione per un minimo di tre mesi sul sito web del Comune e sul sito web dedicato alla procedura di partecipazione al seguente indirizzo:&nbsp;<a href=\"https:\/\/www.democratie-active.fr\/zac-pech-auriol-le-cros-ppve\/\" target=\"_blank\" rel=\"noreferrer noopener\">https:\/\/www.democratie-active.fr\/zac-pech-auriol-le-cros-ppve\/<\/a><\/p>\n\n\n\n<p>Al termine del periodo di partecipazione pubblica elettronica, il piano di sviluppo della ZAC \"Pech Auriol - Le Cros\", che potr\u00e0 essere modificato per tenere conto dei commenti, delle opinioni e delle proposte, sar\u00e0 presentato al Consiglio comunale di Villeneuve-l\u00e8s-B\u00e9ziers per l'approvazione.<\/p>\n\n\n\n<p><\/p>","protected":false},"excerpt":{"rendered":"<p>Avis de participation du public par voie \u00e9lectroniquePermis de construire modificatif n\u00b0PC03433616Z0008 M3SA DECATHLONZAC M\u00e9ridienne34420 Villeneuve-l\u00e8s-B\u00e9ziers Conform\u00e9ment au code de l\u2019environnement, le public est inform\u00e9 que la demande permis de construire PC03433616Z0008 M3, d\u00e9pos\u00e9e par SA DECATHLON, le 26 mars 2021, compl\u00e9t\u00e9e le 19 mai 2021, fait l\u2019objet d\u2019une proc\u00e9dure de participation du public par [&hellip;]<\/p>\n","protected":false},"author":1,"featured_media":3860,"parent":204,"menu_order":0,"comment_status":"closed","ping_status":"closed","template":"","meta":{"footnotes":""},"class_list":["post-5777","page","type-page","status-publish","has-post-thumbnail","hentry"],"_links":{"self":[{"href":"https:\/\/www.villeneuve-les-beziers.fr\/it\/wp-json\/wp\/v2\/pages\/5777","targetHints":{"allow":["GET"]}}],"collection":[{"href":"https:\/\/www.villeneuve-les-beziers.fr\/it\/wp-json\/wp\/v2\/pages"}],"about":[{"href":"https:\/\/www.villeneuve-les-beziers.fr\/it\/wp-json\/wp\/v2\/types\/page"}],"author":[{"embeddable":true,"href":"https:\/\/www.villeneuve-les-beziers.fr\/it\/wp-json\/wp\/v2\/users\/1"}],"replies":[{"embeddable":true,"href":"https:\/\/www.villeneuve-les-beziers.fr\/it\/wp-json\/wp\/v2\/comments?post=5777"}],"version-history":[{"count":5,"href":"https:\/\/www.villeneuve-les-beziers.fr\/it\/wp-json\/wp\/v2\/pages\/5777\/revisions"}],"predecessor-version":[{"id":20006,"href":"https:\/\/www.villeneuve-les-beziers.fr\/it\/wp-json\/wp\/v2\/pages\/5777\/revisions\/20006"}],"up":[{"embeddable":true,"href":"https:\/\/www.villeneuve-les-beziers.fr\/it\/wp-json\/wp\/v2\/pages\/204"}],"wp:featuredmedia":[{"embeddable":true,"href":"https:\/\/www.villeneuve-les-beziers.fr\/it\/wp-json\/wp\/v2\/media\/3860"}],"wp:attachment":[{"href":"https:\/\/www.villeneuve-les-beziers.fr\/it\/wp-json\/wp\/v2\/media?parent=5777"}],"curies":[{"name":"wp","href":"https:\/\/api.w.org\/{rel}","templated":true}]}}