{"id":5891,"date":"2021-08-04T16:30:58","date_gmt":"2021-08-04T14:30:58","guid":{"rendered":"http:\/\/www.villeneuve-les-beziers.fr\/?page_id=5891"},"modified":"2025-01-08T09:14:55","modified_gmt":"2025-01-08T08:14:55","slug":"aiuti-alimentari","status":"publish","type":"page","link":"https:\/\/www.villeneuve-les-beziers.fr\/it\/mon-quotidien\/ccas\/aide-alimentaire\/","title":{"rendered":"Aiuto alimentare CCAS di Villeneuve-l\u00e8s-B\u00e9ziers"},"content":{"rendered":"<p>In collaborazione con la Banque Alimentaire de l'H\u00e9rault, la CCAS di Villeneuve-l\u00e8s-B\u00e9ziers pu\u00f2 aiutarla.<\/p>\n\n\n\n<p><strong>Richieste di aiuto alimentare, 1<sup>epoca<\/sup> sono disponibili presso la reception del CCAS o possono essere scaricati qui e consegnati al CCAS presso il Municipio.<\/strong><\/p>\n\n\n\n<p><strong><a href=\"https:\/\/www.villeneuve-les-beziers.fr\/wp-content\/uploads\/2021\/08\/reglementinterieur.pdf\">\u21d2Regole interne<\/a><\/strong><br><strong><a href=\"https:\/\/www.villeneuve-les-beziers.fr\/wp-content\/uploads\/2021\/08\/reglementinterieur.pdf\">\u21d2<\/a><a href=\"https:\/\/www.villeneuve-les-beziers.fr\/wp-content\/uploads\/2021\/08\/beneficiaire_charte.pdf\">Carta del Beneficiario<\/a><\/strong><br><strong><a href=\"https:\/\/www.villeneuve-les-beziers.fr\/wp-content\/uploads\/2021\/08\/reglementinterieur.pdf\">\u21d2<\/a><a href=\"https:\/\/www.villeneuve-les-beziers.fr\/wp-content\/uploads\/2021\/08\/dossier-demande.pdf\">File di applicazione<\/a><\/strong><\/p>","protected":false},"excerpt":{"rendered":"<p>In collaborazione con la Banque Alimentaire de l'H\u00e9rault, la CCAS di Villeneuve-l\u00e8s-B\u00e9ziers pu\u00f2 aiutarla. I moduli per la richiesta di aiuto alimentare, prima domanda o rinnovo, sono disponibili presso la reception della CCAS o possono essere scaricati qui e consegnati alla CCAS, nel Municipio. \u21d2R\u00e8glement int\u00e9rieur\u21d2Charte du b\u00e9n\u00e9ficiaire\u21d2Dossier de demande<\/p>","protected":false},"author":1,"featured_media":18255,"parent":14883,"menu_order":0,"comment_status":"closed","ping_status":"closed","template":"","meta":{"footnotes":""},"class_list":["post-5891","page","type-page","status-publish","has-post-thumbnail","hentry"],"_links":{"self":[{"href":"https:\/\/www.villeneuve-les-beziers.fr\/it\/wp-json\/wp\/v2\/pages\/5891","targetHints":{"allow":["GET"]}}],"collection":[{"href":"https:\/\/www.villeneuve-les-beziers.fr\/it\/wp-json\/wp\/v2\/pages"}],"about":[{"href":"https:\/\/www.villeneuve-les-beziers.fr\/it\/wp-json\/wp\/v2\/types\/page"}],"author":[{"embeddable":true,"href":"https:\/\/www.villeneuve-les-beziers.fr\/it\/wp-json\/wp\/v2\/users\/1"}],"replies":[{"embeddable":true,"href":"https:\/\/www.villeneuve-les-beziers.fr\/it\/wp-json\/wp\/v2\/comments?post=5891"}],"version-history":[{"count":2,"href":"https:\/\/www.villeneuve-les-beziers.fr\/it\/wp-json\/wp\/v2\/pages\/5891\/revisions"}],"predecessor-version":[{"id":19663,"href":"https:\/\/www.villeneuve-les-beziers.fr\/it\/wp-json\/wp\/v2\/pages\/5891\/revisions\/19663"}],"up":[{"embeddable":true,"href":"https:\/\/www.villeneuve-les-beziers.fr\/it\/wp-json\/wp\/v2\/pages\/14883"}],"wp:featuredmedia":[{"embeddable":true,"href":"https:\/\/www.villeneuve-les-beziers.fr\/it\/wp-json\/wp\/v2\/media\/18255"}],"wp:attachment":[{"href":"https:\/\/www.villeneuve-les-beziers.fr\/it\/wp-json\/wp\/v2\/media?parent=5891"}],"curies":[{"name":"wp","href":"https:\/\/api.w.org\/{rel}","templated":true}]}}