{"id":6501,"date":"2022-01-31T10:45:20","date_gmt":"2022-01-31T09:45:20","guid":{"rendered":"http:\/\/www.villeneuve-les-beziers.fr\/?page_id=6501"},"modified":"2025-09-02T10:10:01","modified_gmt":"2025-09-02T08:10:01","slug":"modulo-per-insegne-luminose","status":"publish","type":"page","link":"https:\/\/www.villeneuve-les-beziers.fr\/it\/demarches\/formulaire-pour-les-panneaux-lumineux\/","title":{"rendered":"Modulo per insegne luminose"},"content":{"rendered":"<p>Il Comune dispone di 3 pannelli luminosi a LED, che possono essere utilizzati per trasmettere informazioni di interesse generale relative alla vita del Comune o per promuovere eventi organizzati dalla citt\u00e0 o da associazioni locali.<\/p>\n\n\n\n<p>Questi pannelli, situati <strong>rue du 4 septembre, avenue Pierre B\u00e9r\u00e9govoy (P\u00f4le M\u00e9diterran\u00e9e) e avenue Andr\u00e9 Palmade (rotonda Taureau)<\/strong>Sono di propriet\u00e0 della citt\u00e0, che registra i messaggi e gestisce la visualizzazione. L'affissione di informazioni sulle insegne luminose non comporta alcun costo.<\/p>\n\n\n\n<p>I servizi comunali e le associazioni di Villeneuve sono interessati da questi pannelli e potranno presentare proposte di messaggi tramite un modulo cartaceo disponibile presso la reception del Municipio o sul sito web del Comune.<\/p>\n\n\n\n<p>Le richieste di trasmissione devono pervenire al Municipio almeno due settimane prima della data desiderata. Il messaggio sar\u00e0 pubblicato almeno 8 giorni prima dell'evento. In seguito verr\u00e0 cancellato automaticamente.<\/p>\n\n\n\n<p><strong>I seguenti sono esclusi dal quadro di distribuzione:<\/strong><\/p>\n\n\n\n<ul class=\"wp-block-list\">\n<li>messaggi privati,<\/li>\n\n\n\n<li>messaggi di natura puramente commerciale,<\/li>\n\n\n\n<li>messaggi che non sono di chiaro interesse comunitario,<\/li>\n\n\n\n<li>informazioni di natura politica o religiosa, ecc.<\/li>\n<\/ul>\n\n\n\n<div data-wp-interactive=\"core\/file\" class=\"wp-block-file\"><object data-wp-bind--hidden=\"!state.hasPdfPreview\" hidden class=\"wp-block-file__embed\" data=\"https:\/\/www.villeneuve-les-beziers.fr\/wp-content\/uploads\/2025\/01\/panneaux-lumineux-2023.pdf\" type=\"application\/pdf\" style=\"width:100%;height:600px\" aria-label=\"Inclusione di insegne luminose 2023.\"><\/object><a id=\"wp-block-file--media-b974ea94-730d-47c8-8712-f875f42f5cef\" href=\"https:\/\/www.villeneuve-les-beziers.fr\/wp-content\/uploads\/2025\/01\/panneaux-lumineux-2023.pdf\">insegne luminose 2023<\/a><a href=\"https:\/\/www.villeneuve-les-beziers.fr\/wp-content\/uploads\/2025\/01\/panneaux-lumineux-2023.pdf\" class=\"wp-block-file__button wp-element-button\" download aria-describedby=\"wp-block-file--media-b974ea94-730d-47c8-8712-f875f42f5cef\">Scaricare<\/a><\/div>","protected":false},"excerpt":{"rendered":"<p>La Commune est dot\u00e9e de 3 &nbsp;panneaux lumineux LED, permettant de diffuser des messages d\u2019informations d\u2019int\u00e9r\u00eat g\u00e9n\u00e9ral li\u00e9es \u00e0 la vie de la commune ou de la promotion de manifestations organis\u00e9es par la ville ou par les associations de la commune. Ces panneaux, situ\u00e9s rue du 4 septembre, avenue Pierre B\u00e9r\u00e9govoy (P\u00f4le M\u00e9diterran\u00e9e) et avenue [&hellip;]<\/p>\n","protected":false},"author":1,"featured_media":16901,"parent":853,"menu_order":0,"comment_status":"closed","ping_status":"closed","template":"","meta":{"footnotes":""},"class_list":["post-6501","page","type-page","status-publish","has-post-thumbnail","hentry"],"_links":{"self":[{"href":"https:\/\/www.villeneuve-les-beziers.fr\/it\/wp-json\/wp\/v2\/pages\/6501","targetHints":{"allow":["GET"]}}],"collection":[{"href":"https:\/\/www.villeneuve-les-beziers.fr\/it\/wp-json\/wp\/v2\/pages"}],"about":[{"href":"https:\/\/www.villeneuve-les-beziers.fr\/it\/wp-json\/wp\/v2\/types\/page"}],"author":[{"embeddable":true,"href":"https:\/\/www.villeneuve-les-beziers.fr\/it\/wp-json\/wp\/v2\/users\/1"}],"replies":[{"embeddable":true,"href":"https:\/\/www.villeneuve-les-beziers.fr\/it\/wp-json\/wp\/v2\/comments?post=6501"}],"version-history":[{"count":3,"href":"https:\/\/www.villeneuve-les-beziers.fr\/it\/wp-json\/wp\/v2\/pages\/6501\/revisions"}],"predecessor-version":[{"id":20337,"href":"https:\/\/www.villeneuve-les-beziers.fr\/it\/wp-json\/wp\/v2\/pages\/6501\/revisions\/20337"}],"up":[{"embeddable":true,"href":"https:\/\/www.villeneuve-les-beziers.fr\/it\/wp-json\/wp\/v2\/pages\/853"}],"wp:featuredmedia":[{"embeddable":true,"href":"https:\/\/www.villeneuve-les-beziers.fr\/it\/wp-json\/wp\/v2\/media\/16901"}],"wp:attachment":[{"href":"https:\/\/www.villeneuve-les-beziers.fr\/it\/wp-json\/wp\/v2\/media?parent=6501"}],"curies":[{"name":"wp","href":"https:\/\/api.w.org\/{rel}","templated":true}]}}