{"id":949,"date":"2019-04-15T15:44:53","date_gmt":"2019-04-15T13:44:53","guid":{"rendered":"http:\/\/localhost\/?page_id=949"},"modified":"2025-09-02T10:06:47","modified_gmt":"2025-09-02T08:06:47","slug":"matrimonio","status":"publish","type":"page","link":"https:\/\/www.villeneuve-les-beziers.fr\/it\/demarches\/le-mariage\/","title":{"rendered":"Il matrimonio"},"content":{"rendered":"<h2 class=\"wp-block-heading\">Dove pu\u00f2 svolgersi il matrimonio?<\/h2>\n\n\n\n<p>La localit\u00e0 pu\u00f2 essere uno dei seguenti comuni:<\/p>\n\n\n\n<ul class=\"wp-block-list\">\n<li>quello del domicilio o della residenza di uno dei futuri coniugi,<\/li>\n\n\n\n<li>Quello del domicilio o della residenza di un parente dei futuri coniugi.<\/li>\n<\/ul>\n\n\n\n<h2 class=\"wp-block-heading\">Quando possono essere celebrati i matrimoni?<\/h2>\n\n\n\n<p>Il matrimonio non pu\u00f2 essere celebrato prima del 10 dicembre.<sup>th<\/sup> il giorno successivo alla pubblicazione dei bandi.<\/p>\n\n\n\n<p>Il giorno della celebrazione viene concordato con la Mairie.<\/p>\n\n\n\n<p>Documenti da fornire :<\/p>\n\n\n\n<ul class=\"wp-block-list\">\n<li>Copia completa del certificato di nascita\n<ul class=\"wp-block-list\">\n<li>datata meno di 3 mesi prima della data del matrimonio, se emessa in Francia<\/li>\n\n\n\n<li>datato meno di sei mesi prima della data del matrimonio, se rilasciato da un consolato<\/li>\n<\/ul>\n<\/li>\n\n\n\n<li>Un documento d'identit\u00e0 rilasciato da un'autorit\u00e0 pubblica<\/li>\n\n\n\n<li>Prova di indirizzo o di residenza<\/li>\n\n\n\n<li>Un certificato di celibato o di non matrimonio per i cittadini stranieri e un certificato di costume.<\/li>\n\n\n\n<li>Copia del documento d'identit\u00e0 dei testimoni (i testimoni devono essere maggiorenni; devono essere almeno 2 e non pi\u00f9 di 4)<\/li>\n\n\n\n<li>Un certificato del notaio, se \u00e8 stato redatto un contratto di matrimonio.<\/li>\n\n\n\n<li>I moduli consegnati dall'ufficiale di stato civile e compilati dai futuri coniugi<\/li>\n<\/ul>\n\n\n\n<h2 class=\"wp-block-heading\">Dove posso ritirare e presentare la mia domanda di matrimonio?<\/h2>\n\n\n\n<p>Presso il Dipartimento di Stato Civile del Municipio, 1 rue de la Marianne.<\/p>\n\n\n\n<h2 class=\"wp-block-heading\">Quando posso ritirare e presentare la mia domanda di matrimonio?<\/h2>\n\n\n\n<ul class=\"wp-block-list\">\n<li>Le domande possono essere ritirate tutti i giorni dal luned\u00ec al venerd\u00ec, dalle 9.00 alle 12.00 e dalle 14.00 alle 17.00.<\/li>\n\n\n\n<li>Le domande complete possono essere presentate solo su appuntamento.<\/li>\n<\/ul>\n\n\n\n<h2 class=\"wp-block-heading\">Scadenze per la presentazione delle domande<\/h2>\n\n\n\n<p>La domanda completa deve essere presentata:<\/p>\n\n\n\n<ul class=\"wp-block-list\">\n<li>30 giorni prima della data del matrimonio, se i futuri sposi sono di nazionalit\u00e0 francese.<\/li>\n\n\n\n<li>45 giorni prima del matrimonio se gli sposi sono cittadini stranieri o domiciliati all'estero<\/li>\n<\/ul>","protected":false},"excerpt":{"rendered":"<p>O\u00f9 le mariage peut-il \u00eatre c\u00e9l\u00e9br\u00e9 ? Le lieu peut \u00eatre l&rsquo;une des communes suivantes : Quand les mariages peuvent-ils \u00eatre c\u00e9l\u00e9br\u00e9s ? Le mariage ne peut pas \u00eatre c\u00e9l\u00e9br\u00e9 avant le 10\u00e8me jour qui suit la publication des bans. Le jour de la c\u00e9l\u00e9bration est fix\u00e9 en accord avec la mairie. Documents \u00e0 fournir [&hellip;]<\/p>\n","protected":false},"author":1,"featured_media":19309,"parent":853,"menu_order":0,"comment_status":"closed","ping_status":"closed","template":"","meta":{"footnotes":""},"class_list":["post-949","page","type-page","status-publish","has-post-thumbnail","hentry"],"_links":{"self":[{"href":"https:\/\/www.villeneuve-les-beziers.fr\/it\/wp-json\/wp\/v2\/pages\/949","targetHints":{"allow":["GET"]}}],"collection":[{"href":"https:\/\/www.villeneuve-les-beziers.fr\/it\/wp-json\/wp\/v2\/pages"}],"about":[{"href":"https:\/\/www.villeneuve-les-beziers.fr\/it\/wp-json\/wp\/v2\/types\/page"}],"author":[{"embeddable":true,"href":"https:\/\/www.villeneuve-les-beziers.fr\/it\/wp-json\/wp\/v2\/users\/1"}],"replies":[{"embeddable":true,"href":"https:\/\/www.villeneuve-les-beziers.fr\/it\/wp-json\/wp\/v2\/comments?post=949"}],"version-history":[{"count":1,"href":"https:\/\/www.villeneuve-les-beziers.fr\/it\/wp-json\/wp\/v2\/pages\/949\/revisions"}],"predecessor-version":[{"id":20335,"href":"https:\/\/www.villeneuve-les-beziers.fr\/it\/wp-json\/wp\/v2\/pages\/949\/revisions\/20335"}],"up":[{"embeddable":true,"href":"https:\/\/www.villeneuve-les-beziers.fr\/it\/wp-json\/wp\/v2\/pages\/853"}],"wp:featuredmedia":[{"embeddable":true,"href":"https:\/\/www.villeneuve-les-beziers.fr\/it\/wp-json\/wp\/v2\/media\/19309"}],"wp:attachment":[{"href":"https:\/\/www.villeneuve-les-beziers.fr\/it\/wp-json\/wp\/v2\/media?parent=949"}],"curies":[{"name":"wp","href":"https:\/\/api.w.org\/{rel}","templated":true}]}}