{"id":958,"date":"2019-04-15T15:46:29","date_gmt":"2019-04-15T13:46:29","guid":{"rendered":"http:\/\/localhost\/?page_id=958"},"modified":"2024-11-25T17:37:46","modified_gmt":"2024-11-25T16:37:46","slug":"liste-elettorali","status":"publish","type":"page","link":"https:\/\/www.villeneuve-les-beziers.fr\/it\/demarches\/listes-electorales\/","title":{"rendered":"Registrazioni nelle liste elettorali"},"content":{"rendered":"<p>Le domande si ricevono tutto l'anno presso la Mairie H\u00f4tel de Ville, 1 rue de la Marianne, 34420 Villeneuve-L\u00e8s-B\u00e9ziers.<\/p>\n\n\n\n<h2 class=\"wp-block-heading\">Prerequisiti<\/h2>\n\n\n\n<ul class=\"wp-block-list\">\n<li>nazionalit\u00e0 francese o di uno Stato membro della Comunit\u00e0 Europea<\/li>\n\n\n\n<li>Avere 18 anni (o compierli prima del 1\u00b0 marzo dell'anno successivo)<\/li>\n\n\n\n<li>Non deve essere stato privato dei suoi diritti civili e politici.<\/li>\n<\/ul>\n\n\n\n<h2 class=\"wp-block-heading\">Documenti da fornire<\/h2>\n\n\n\n<p>Gli elettori di nazionalit\u00e0 francese devono presentare i seguenti documenti:<\/p>\n\n\n\n<ul class=\"wp-block-list\">\n<li>Carta d'identit\u00e0 nazionale o passaporto in corso di validit\u00e0, oppure un passaporto la cui validit\u00e0 sia scaduta nell'anno precedente la presentazione della domanda di registrazione.<\/li>\n\n\n\n<li>Carta d'identit\u00e0 nazionale o Passaporto scaduto da pi\u00f9 di un anno, accompagnato da un certificato di nazionalit\u00e0<\/li>\n\n\n\n<li>Tutti gli altri documenti d'identit\u00e0 muniti di fotografia ai sensi dell'articolo 1 del decreto del 19\/12\/2007, accompagnati da un certificato di cittadinanza o da un decreto di naturalizzazione.<\/li>\n\n\n\n<li>Prova di indirizzo (bolletta dell'elettricit\u00e0 o dell'acqua, ecc.) risalente a meno di 3 mesi fa.<\/li>\n<\/ul>\n\n\n\n<h2 class=\"wp-block-heading\">Cittadini dell'Unione Europea<\/h2>\n\n\n\n<p>I cittadini dell'Unione Europea devono produrre :<\/p>\n\n\n\n<ul class=\"wp-block-list\">\n<li>Una carta d'identit\u00e0 o un passaporto nazionale in corso di validit\u00e0, o un passaporto la cui validit\u00e0 \u00e8 scaduta nell'anno precedente la presentazione della domanda, rilasciato dalle autorit\u00e0 competenti dello Stato di cui il titolare \u00e8 cittadino.<\/li>\n\n\n\n<li>Un permesso di soggiorno valido o scaduto nell'anno precedente la richiesta.<\/li>\n\n\n\n<li>Prova di indirizzo (EDF o bolletta dell'acqua....) di meno di 3 mesi.<\/li>\n<\/ul>\n\n\n\n<h2 class=\"wp-block-heading\">Registrazione postale<\/h2>\n\n\n\n<p>Sono richiesti i seguenti documenti:<\/p>\n\n\n\n<ul class=\"wp-block-list\">\n<li>Modulo di iscrizione alle liste elettorali (disponibile sul sito web \"service-public.fr\")<\/li>\n\n\n\n<li>Fotocopia di entrambi i lati del documento d'identit\u00e0 CORRENTE<\/li>\n\n\n\n<li>Prova del domicilio o della residenza nel Comune da meno di 3 mesi o prova dell'iscrizione nel registro delle imposte locali da pi\u00f9 di 5 anni.<\/li>\n<\/ul>\n\n\n\n<h2 class=\"wp-block-heading\">Cambio di indirizzo nel comune<\/h2>\n\n\n\n<p>I cambi di indirizzo nel Comune si ricevono durante tutto l'anno presso l'H\u00f4tel de Ville, 1 rue de la Marianne, 34420 Villeneuve-L\u00e8s-B\u00e9ziers.<\/p>\n\n\n\n<p>Documenti da fornire:<\/p>\n\n\n\n<ul class=\"wp-block-list\">\n<li>Prova di una residenza di meno di 3 mesi nella citt\u00e0 (affitto, bolletta dell'acqua, del gas o dell'elettricit\u00e0)<\/li>\n\n\n\n<li>Un documento d'identit\u00e0 (carta d'identit\u00e0 valida o passaporto o permesso di soggiorno per i cittadini dell'UE)<\/li>\n<\/ul>\n\n\n\n<h2 class=\"wp-block-heading\">Consultazione delle liste elettorali<\/h2>\n\n\n\n<p>Le liste possono essere consultate presso il Municipio da qualsiasi elettore che :<\/p>\n\n\n\n<ul class=\"wp-block-list\">\n<li>presentare la propria tessera elettorale in un comune in territorio francese<\/li>\n\n\n\n<li>si impegna a non utilizzarlo per scopi commerciali<\/li>\n<\/ul>\n\n\n\n<p>Una copia pu\u00f2 essere rilasciata dietro pagamento della tariffa corrente.<\/p>","protected":false},"excerpt":{"rendered":"<p>Les demandes d&rsquo;inscription sont re\u00e7ues toute l&rsquo;ann\u00e9e en Mairie H\u00f4tel de Ville, 1 rue de la Marianne, 34420 Villeneuve-L\u00e8s-B\u00e9ziers. Conditions requises Pi\u00e8ces \u00e0 fournir Pour les \u00e9lecteurs de nationalit\u00e9 fran\u00e7aise, les documents suivants seront \u00e0 pr\u00e9senter : Ressortissants de l&rsquo;Union europ\u00e9enne Les ressortissants de l&rsquo;Union europ\u00e9enne devront produire : Inscriptions par correspondance Les documents requis [&hellip;]<\/p>\n","protected":false},"author":1,"featured_media":1019,"parent":853,"menu_order":0,"comment_status":"closed","ping_status":"closed","template":"","meta":{"footnotes":""},"class_list":["post-958","page","type-page","status-publish","has-post-thumbnail","hentry"],"_links":{"self":[{"href":"https:\/\/www.villeneuve-les-beziers.fr\/it\/wp-json\/wp\/v2\/pages\/958","targetHints":{"allow":["GET"]}}],"collection":[{"href":"https:\/\/www.villeneuve-les-beziers.fr\/it\/wp-json\/wp\/v2\/pages"}],"about":[{"href":"https:\/\/www.villeneuve-les-beziers.fr\/it\/wp-json\/wp\/v2\/types\/page"}],"author":[{"embeddable":true,"href":"https:\/\/www.villeneuve-les-beziers.fr\/it\/wp-json\/wp\/v2\/users\/1"}],"replies":[{"embeddable":true,"href":"https:\/\/www.villeneuve-les-beziers.fr\/it\/wp-json\/wp\/v2\/comments?post=958"}],"version-history":[{"count":1,"href":"https:\/\/www.villeneuve-les-beziers.fr\/it\/wp-json\/wp\/v2\/pages\/958\/revisions"}],"predecessor-version":[{"id":19440,"href":"https:\/\/www.villeneuve-les-beziers.fr\/it\/wp-json\/wp\/v2\/pages\/958\/revisions\/19440"}],"up":[{"embeddable":true,"href":"https:\/\/www.villeneuve-les-beziers.fr\/it\/wp-json\/wp\/v2\/pages\/853"}],"wp:featuredmedia":[{"embeddable":true,"href":"https:\/\/www.villeneuve-les-beziers.fr\/it\/wp-json\/wp\/v2\/media\/1019"}],"wp:attachment":[{"href":"https:\/\/www.villeneuve-les-beziers.fr\/it\/wp-json\/wp\/v2\/media?parent=958"}],"curies":[{"name":"wp","href":"https:\/\/api.w.org\/{rel}","templated":true}]}}