{"id":964,"date":"2019-04-15T15:47:12","date_gmt":"2019-04-15T13:47:12","guid":{"rendered":"http:\/\/localhost\/?page_id=964"},"modified":"2024-11-22T15:37:28","modified_gmt":"2024-11-22T14:37:28","slug":"legalizzazione-della-firma","status":"publish","type":"page","link":"https:\/\/www.villeneuve-les-beziers.fr\/it\/demarches\/legalisation-de-signature\/","title":{"rendered":"Legalizzazione della firma"},"content":{"rendered":"<h2 class=\"wp-block-heading\">Che cos'\u00e8?<\/h2>\n\n\n\n<p>Questa formalit\u00e0 certifica che la firma sul documento corrisponde all'identit\u00e0 della persona che lo ha firmato.<\/p>\n\n\n\n<h2 class=\"wp-block-heading\">Dove?<\/h2>\n\n\n\n<p>Le domande devono essere presentate presso il municipio.<\/p>\n\n\n\n<h2 class=\"wp-block-heading\">Prerequisiti<\/h2>\n\n\n\n<ul class=\"wp-block-list\">\n<li>Il richiedente deve firmare in presenza del dipendente autorizzato.<\/li>\n\n\n\n<li>Deve dimostrare la sua identit\u00e0 (carta d'identit\u00e0 nazionale, passaporto, permesso di soggiorno valido).<\/li>\n\n\n\n<li>Il documento in questione deve essere scritto in francese e deve essere legale, di interesse pubblico e conforme alle norme amministrative.<\/li>\n\n\n\n<li>Nessun documento privato pu\u00f2 essere autenticato come una firma.<\/li>\n\n\n\n<li>Non sar\u00e0 legalizzata l'autorizzazione a prestare veicoli all'estero<\/li>\n<\/ul>\n\n\n\n<p>Le autenticazioni di firma non vengono pi\u00f9 eseguite su documenti che sono solo di interesse privato.<\/p>\n\n\n\n<p>Per dimostrare l'obbligo amministrativo di rilasciare il documento: presenti la lettera di richiesta dell'organizzazione che lo richiede.<\/p>\n\n\n\n<p>Per saperne di pi\u00f9, consulti il sito ufficiale dell'amministrazione francese: <a href=\"http:\/\/www.service-public.fr\" target=\"_blank\" rel=\"noopener noreferrer nofollow\">servizio-pubblico.fr<\/a><\/p>","protected":false},"excerpt":{"rendered":"<p>Qu&rsquo;est-ce que c&rsquo;est ? Cette formalit\u00e9 permet d&rsquo;attester que la signature appos\u00e9e sur le document correspond \u00e0 l&rsquo;identit\u00e9 de la personne qui a sign\u00e9 O\u00f9 ? La demande doit \u00eatre effectu\u00e9e \u00e0 la mairie. Conditions requises Les l\u00e9galisations de signature ne sont d\u00e9sormais plus r\u00e9alis\u00e9es sur des documents ne rev\u00eatant qu&rsquo;un int\u00e9r\u00eat priv\u00e9. Pour justifier [&hellip;]<\/p>\n","protected":false},"author":1,"featured_media":1027,"parent":853,"menu_order":0,"comment_status":"closed","ping_status":"closed","template":"","meta":{"footnotes":""},"class_list":["post-964","page","type-page","status-publish","has-post-thumbnail","hentry"],"_links":{"self":[{"href":"https:\/\/www.villeneuve-les-beziers.fr\/it\/wp-json\/wp\/v2\/pages\/964","targetHints":{"allow":["GET"]}}],"collection":[{"href":"https:\/\/www.villeneuve-les-beziers.fr\/it\/wp-json\/wp\/v2\/pages"}],"about":[{"href":"https:\/\/www.villeneuve-les-beziers.fr\/it\/wp-json\/wp\/v2\/types\/page"}],"author":[{"embeddable":true,"href":"https:\/\/www.villeneuve-les-beziers.fr\/it\/wp-json\/wp\/v2\/users\/1"}],"replies":[{"embeddable":true,"href":"https:\/\/www.villeneuve-les-beziers.fr\/it\/wp-json\/wp\/v2\/comments?post=964"}],"version-history":[{"count":0,"href":"https:\/\/www.villeneuve-les-beziers.fr\/it\/wp-json\/wp\/v2\/pages\/964\/revisions"}],"up":[{"embeddable":true,"href":"https:\/\/www.villeneuve-les-beziers.fr\/it\/wp-json\/wp\/v2\/pages\/853"}],"wp:featuredmedia":[{"embeddable":true,"href":"https:\/\/www.villeneuve-les-beziers.fr\/it\/wp-json\/wp\/v2\/media\/1027"}],"wp:attachment":[{"href":"https:\/\/www.villeneuve-les-beziers.fr\/it\/wp-json\/wp\/v2\/media?parent=964"}],"curies":[{"name":"wp","href":"https:\/\/api.w.org\/{rel}","templated":true}]}}