{"id":12190,"date":"2022-05-12T13:48:47","date_gmt":"2022-05-12T11:48:47","guid":{"rendered":"https:\/\/www.villeneuve-les-beziers.fr\/?page_id=12190"},"modified":"2024-11-22T12:33:30","modified_gmt":"2024-11-22T11:33:30","slug":"videobeveiliging-en-videohandhaving","status":"publish","type":"page","link":"https:\/\/www.villeneuve-les-beziers.fr\/nl\/vie-pratique\/securite\/videoprotection-et-video-verbalisation\/","title":{"rendered":"Videobescherming en videoblocking"},"content":{"rendered":"<h2 class=\"wp-block-heading\">Centrum voor Stadstoezicht (CSU)<\/h2>\n\n\n\n<p>De videobewakingscamera's zijn verbonden met het Stedelijk Toezichtcentrum (CSU). Sommige locaties zijn uitgerust met camera's die nummerplaten lezen. Overdag en soms 's nachts, vooral in het weekend, is er regelmatig een operator aanwezig om de interoperabiliteit tussen de video- en veldteams te garanderen.<br>Videobescherming is al gebruikt om een aantal zaken op te lossen, waaronder schade aan priv\u00e9-eigendommen, pogingen tot voertuigdiefstal en een voertuigbrand, die momenteel wordt onderzocht.<\/p>\n\n\n\n<p>Video tagging wordt gebruikt zodra de borden bij de ingangen van de stad zijn geplaatst en de herinneringsborden zijn ge\u00efnstalleerd, met name rond de scholen, Bd de la R\u00e9publique en Bd pasteur. De videobeschermingsoperator gebruikt de videobeschermingscamera's om boetes uit te schrijven. <\/p>\n\n\n\n<div class=\"wp-block-columns are-vertically-aligned-center is-layout-flex wp-container-core-columns-is-layout-28f84493 wp-block-columns-is-layout-flex\">\n<div class=\"wp-block-column is-vertically-aligned-center is-layout-flow wp-block-column-is-layout-flow\">\n<p>Hieronder vallen verkeersovertredingen (niet gehoorzamen aan een STOP-bord, een witte lijn overschrijden, geen helm dragen, geen veiligheidsgordel dragen, een mobiele telefoon gebruiken tijdens het rijden, etc.) en parkeerovertredingen (op de stoep, dubbel geparkeerd, op rotondes, buiten de gemarkeerde parkeervakken, etc.).<\/p>\n\n\n\n<p>Video tagging is actief in de hele gemeente. Het helpt om bewoners te voorkomen, af te schrikken en te beschermen. Ze kunnen ook worden gebruikt om illegale stortingen te bestraffen.<\/p>\n<\/div>\n\n\n\n<div class=\"wp-block-column is-vertically-aligned-center is-layout-flow wp-block-column-is-layout-flow\">\n<figure class=\"wp-block-image size-large\"><img loading=\"lazy\" decoding=\"async\" width=\"1024\" height=\"624\" src=\"https:\/\/www.villeneuve-les-beziers.fr\/wp-content\/uploads\/2022\/06\/Capture-decran-2022-06-21-a-11.55.28-1024x624.png\" alt=\"\" class=\"wp-image-15964\" srcset=\"https:\/\/www.villeneuve-les-beziers.fr\/wp-content\/uploads\/2022\/06\/Capture-decran-2022-06-21-a-11.55.28-1024x624.png 1024w, https:\/\/www.villeneuve-les-beziers.fr\/wp-content\/uploads\/2022\/06\/Capture-decran-2022-06-21-a-11.55.28-300x183.png 300w, https:\/\/www.villeneuve-les-beziers.fr\/wp-content\/uploads\/2022\/06\/Capture-decran-2022-06-21-a-11.55.28-768x468.png 768w, https:\/\/www.villeneuve-les-beziers.fr\/wp-content\/uploads\/2022\/06\/Capture-decran-2022-06-21-a-11.55.28.png 1286w\" sizes=\"auto, (max-width: 1024px) 100vw, 1024px\" \/><\/figure>\n<\/div>\n<\/div>\n\n\n\n<p>Met dit systeem kan de politie dagelijks verschillende zaken oplossen.<\/p>\n\n\n\n<div class=\"wp-block-group has-global-padding is-layout-constrained wp-container-core-group-is-layout-6ecc7d59 wp-block-group-is-layout-constrained\" style=\"margin-top:var(--wp--preset--spacing--40);margin-bottom:var(--wp--preset--spacing--40);padding-top:var(--wp--preset--spacing--30);padding-right:var(--wp--preset--spacing--30);padding-bottom:var(--wp--preset--spacing--30);padding-left:var(--wp--preset--spacing--30)\">\n<h2 class=\"wp-block-heading\">Contact Gemeentepolitie<\/h2>\n\n\n\n<div class=\"wp-block-group is-content-justification-space-between is-layout-flex wp-container-core-group-is-layout-9366075c wp-block-group-is-layout-flex\">\n<p>Plaats Gabriel Peri<br>34420 Villeneuve-l\u00e8s-B\u00e9ziers<br>Tel.: 04 67 39 90 01<\/p>\n\n\n\n<figure class=\"wp-block-image is-resized\"><a href=\"mailto:pm@villeneuve-les-beziers.fr\"><img loading=\"lazy\" decoding=\"async\" width=\"300\" height=\"300\" src=\"https:\/\/www.villeneuve-les-beziers.fr\/wp-content\/uploads\/2019\/04\/close-envelope-300x300.png\" alt=\"\" class=\"wp-image-600\" style=\"object-fit:cover;width:32px;height:32px\"\/><\/a><\/figure>\n\n\n\n<iframe src=\"https:\/\/www.google.com\/maps\/embed?pb=!1m18!1m12!1m3!1d2902.9822562646777!2d3.2755785775133903!3d43.314630871120315!2m3!1f0!2f0!3f0!3m2!1i1024!2i768!4f13.1!3m3!1m2!1s0x12b110362f575e11%3A0x22cca18efef55caf!2sPolice%20Municipale!5e0!3m2!1sfr!2sfr!4v1732273911412!5m2!1sfr!2sfr\" width=\"50%\" height=\"300\" style=\"border:0;\" allowfullscreen=\"\" loading=\"lazy\" referrerpolicy=\"no-referrer-when-downgrade\"><\/iframe>\n<\/div>\n<\/div>","protected":false},"excerpt":{"rendered":"<p>Centre de Supervision Urbain (CSU) Les cam\u00e9ras de vid\u00e9o protections sont reli\u00e9es au Centre de Supervision Urbain (CSU). Certains sites sont \u00e9quip\u00e9s de cam\u00e9ras \u00e0 lecture de plaques d\u2019immatriculation. Un op\u00e9rateur est r\u00e9guli\u00e8rement en service de jour et parfois de nuit, notamment en fin de semaine, pour permettre l&rsquo;interop\u00e9rabilit\u00e9 entre vid\u00e9o et \u00e9quipe sur le [&hellip;]<\/p>\n","protected":false},"author":1,"featured_media":897,"parent":12169,"menu_order":0,"comment_status":"closed","ping_status":"closed","template":"","meta":{"footnotes":""},"class_list":["post-12190","page","type-page","status-publish","has-post-thumbnail","hentry"],"_links":{"self":[{"href":"https:\/\/www.villeneuve-les-beziers.fr\/nl\/wp-json\/wp\/v2\/pages\/12190","targetHints":{"allow":["GET"]}}],"collection":[{"href":"https:\/\/www.villeneuve-les-beziers.fr\/nl\/wp-json\/wp\/v2\/pages"}],"about":[{"href":"https:\/\/www.villeneuve-les-beziers.fr\/nl\/wp-json\/wp\/v2\/types\/page"}],"author":[{"embeddable":true,"href":"https:\/\/www.villeneuve-les-beziers.fr\/nl\/wp-json\/wp\/v2\/users\/1"}],"replies":[{"embeddable":true,"href":"https:\/\/www.villeneuve-les-beziers.fr\/nl\/wp-json\/wp\/v2\/comments?post=12190"}],"version-history":[{"count":0,"href":"https:\/\/www.villeneuve-les-beziers.fr\/nl\/wp-json\/wp\/v2\/pages\/12190\/revisions"}],"up":[{"embeddable":true,"href":"https:\/\/www.villeneuve-les-beziers.fr\/nl\/wp-json\/wp\/v2\/pages\/12169"}],"wp:featuredmedia":[{"embeddable":true,"href":"https:\/\/www.villeneuve-les-beziers.fr\/nl\/wp-json\/wp\/v2\/media\/897"}],"wp:attachment":[{"href":"https:\/\/www.villeneuve-les-beziers.fr\/nl\/wp-json\/wp\/v2\/media?parent=12190"}],"curies":[{"name":"wp","href":"https:\/\/api.w.org\/{rel}","templated":true}]}}