{"id":12214,"date":"2022-05-12T16:08:30","date_gmt":"2022-05-12T14:08:30","guid":{"rendered":"https:\/\/www.villeneuve-les-beziers.fr\/?page_id=12214"},"modified":"2024-11-22T12:25:53","modified_gmt":"2024-11-22T11:25:53","slug":"apparatuur","status":"publish","type":"page","link":"https:\/\/www.villeneuve-les-beziers.fr\/nl\/vie-pratique\/securite\/equipement\/","title":{"rendered":"Uitrusting"},"content":{"rendered":"<h2 class=\"wp-block-heading\">Presentatie<\/h2>\n\n\n\n<p>De gemeentepolitie van Villeneuve-l\u00e8s-B\u00e9ziers is een gewapende macht. Zij beschikt over de middelen om in de hele gemeente op te treden om haar burgers te beschermen. De uitrusting bestaat in verschillende vormen.&nbsp;<\/p>\n\n\n\n<h2 class=\"wp-block-heading\">Het politiebureau<\/h2>\n\n\n\n<p>Het politiebureau is geopend van maandag- tot vrijdagochtend.&nbsp;<\/p>\n\n\n\n<div class=\"wp-block-group has-global-padding is-layout-constrained wp-container-core-group-is-layout-6ecc7d59 wp-block-group-is-layout-constrained\" style=\"margin-top:var(--wp--preset--spacing--40);margin-bottom:var(--wp--preset--spacing--40);padding-top:var(--wp--preset--spacing--30);padding-right:var(--wp--preset--spacing--30);padding-bottom:var(--wp--preset--spacing--30);padding-left:var(--wp--preset--spacing--30)\">\n<h2 class=\"wp-block-heading\">Contact Gemeentepolitie<\/h2>\n\n\n\n<div class=\"wp-block-group is-content-justification-space-between is-layout-flex wp-container-core-group-is-layout-9366075c wp-block-group-is-layout-flex\">\n<p>Plaats Gabriel Peri<br>34420 Villeneuve-l\u00e8s-B\u00e9ziers<br>Tel.: 04 67 39 90 01<\/p>\n\n\n\n<figure class=\"wp-block-image is-resized\"><a href=\"mailto:pm@villeneuve-les-beziers.fr\"><img loading=\"lazy\" decoding=\"async\" width=\"300\" height=\"300\" src=\"https:\/\/www.villeneuve-les-beziers.fr\/wp-content\/uploads\/2019\/04\/close-envelope-300x300.png\" alt=\"\" class=\"wp-image-600\" style=\"object-fit:cover;width:32px;height:32px\"\/><\/a><\/figure>\n\n\n\n<iframe src=\"https:\/\/www.google.com\/maps\/embed?pb=!1m18!1m12!1m3!1d2902.9822562646777!2d3.2755785775133903!3d43.314630871120315!2m3!1f0!2f0!3f0!3m2!1i1024!2i768!4f13.1!3m3!1m2!1s0x12b110362f575e11%3A0x22cca18efef55caf!2sPolice%20Municipale!5e0!3m2!1sfr!2sfr!4v1732273911412!5m2!1sfr!2sfr\" width=\"50%\" height=\"300\" style=\"border:0;\" allowfullscreen=\"\" loading=\"lazy\" referrerpolicy=\"no-referrer-when-downgrade\"><\/iframe>\n<\/div>\n<\/div>\n\n\n\n<h2 class=\"wp-block-heading\">De voertuigen<\/h2>\n\n\n\n<p class=\"has-text-align-center\">De gemeentepolitie van Villeneuve-l\u00e8s-B\u00e9ziers beschikt over meerdere voertuigen waarmee ze in de hele gemeente kan opereren.<\/p>\n\n\n\n<h2 class=\"wp-block-heading\">De voertuigen<\/h2>\n\n\n\n<p>De gemeentepolitie van Villeneuve-l\u00e8s-B\u00e9ziers beschikt over meerdere voertuigen waarmee ze in de hele gemeente kan opereren.<\/p>\n\n\n\n<figure class=\"wp-block-image aligncenter size-full\"><img loading=\"lazy\" decoding=\"async\" width=\"600\" height=\"400\" src=\"https:\/\/www.villeneuve-les-beziers.fr\/wp-content\/uploads\/2022\/04\/police-municipale.webp\" alt=\"\" class=\"wp-image-9357\" srcset=\"https:\/\/www.villeneuve-les-beziers.fr\/wp-content\/uploads\/2022\/04\/police-municipale.webp 600w, https:\/\/www.villeneuve-les-beziers.fr\/wp-content\/uploads\/2022\/04\/police-municipale-300x200.webp 300w, https:\/\/www.villeneuve-les-beziers.fr\/wp-content\/uploads\/2022\/04\/police-municipale-391x260.webp 391w, https:\/\/www.villeneuve-les-beziers.fr\/wp-content\/uploads\/2022\/04\/police-municipale-24x16.webp 24w, https:\/\/www.villeneuve-les-beziers.fr\/wp-content\/uploads\/2022\/04\/police-municipale-36x24.webp 36w, https:\/\/www.villeneuve-les-beziers.fr\/wp-content\/uploads\/2022\/04\/police-municipale-48x32.webp 48w\" sizes=\"auto, (max-width: 600px) 100vw, 600px\" \/><figcaption class=\"wp-element-caption\">De gemeentepolitie heeft drie auto's en twee motoren tot haar beschikking voor snelle inzet in de hele gemeente.<\/figcaption><\/figure>","protected":false},"excerpt":{"rendered":"<p>Pr\u00e9sentation La police municipale de Villeneuve-l\u00e8s-B\u00e9ziers est une police arm\u00e9e. Elle poss\u00e8de les moyens pour agir sur toute la commune afin de veiller \u00e0 la protection des administr\u00e9s. L&rsquo;\u00e9quipement se d\u00e9cline sous plusieurs formes.&nbsp; Le poste de police Le poste de police vous accueille du lundi au vendredi les matins.&nbsp; Les v\u00e9hicules Afin de pouvoir [&hellip;]<\/p>\n","protected":false},"author":1,"featured_media":12209,"parent":12169,"menu_order":0,"comment_status":"closed","ping_status":"closed","template":"","meta":{"footnotes":""},"class_list":["post-12214","page","type-page","status-publish","has-post-thumbnail","hentry"],"_links":{"self":[{"href":"https:\/\/www.villeneuve-les-beziers.fr\/nl\/wp-json\/wp\/v2\/pages\/12214","targetHints":{"allow":["GET"]}}],"collection":[{"href":"https:\/\/www.villeneuve-les-beziers.fr\/nl\/wp-json\/wp\/v2\/pages"}],"about":[{"href":"https:\/\/www.villeneuve-les-beziers.fr\/nl\/wp-json\/wp\/v2\/types\/page"}],"author":[{"embeddable":true,"href":"https:\/\/www.villeneuve-les-beziers.fr\/nl\/wp-json\/wp\/v2\/users\/1"}],"replies":[{"embeddable":true,"href":"https:\/\/www.villeneuve-les-beziers.fr\/nl\/wp-json\/wp\/v2\/comments?post=12214"}],"version-history":[{"count":0,"href":"https:\/\/www.villeneuve-les-beziers.fr\/nl\/wp-json\/wp\/v2\/pages\/12214\/revisions"}],"up":[{"embeddable":true,"href":"https:\/\/www.villeneuve-les-beziers.fr\/nl\/wp-json\/wp\/v2\/pages\/12169"}],"wp:featuredmedia":[{"embeddable":true,"href":"https:\/\/www.villeneuve-les-beziers.fr\/nl\/wp-json\/wp\/v2\/media\/12209"}],"wp:attachment":[{"href":"https:\/\/www.villeneuve-les-beziers.fr\/nl\/wp-json\/wp\/v2\/media?parent=12214"}],"curies":[{"name":"wp","href":"https:\/\/api.w.org\/{rel}","templated":true}]}}