{"id":1230,"date":"2019-04-17T11:02:03","date_gmt":"2019-04-17T09:02:03","guid":{"rendered":"http:\/\/localhost\/?page_id=1230"},"modified":"2026-01-23T14:46:33","modified_gmt":"2026-01-23T13:46:33","slug":"pompelmoes-kwekerij","status":"publish","type":"page","link":"https:\/\/www.villeneuve-les-beziers.fr\/nl\/mon-quotidien\/enfance-jeunesse\/creche-pamplemousse\/","title":{"rendered":"Cr\u00e8che Pamplemousse"},"content":{"rendered":"<p>De cr\u00e8che Pamplemousse is een kinderdagverblijf dat zowel:<\/p>\n\n\n\n<ul class=\"wp-block-list\">\n<li>regelmatige ontvangsten (terugkerend, zelfs als deze gedeeltelijk zijn en vooraf kunnen worden gepland)<\/li>\n\n\n\n<li>incidentele opvang (op afspraak, \u00e0 la carte en afhankelijk van onze beschikbaarheid: 's ochtends, 's middags, een halve dag of een hele dag).<\/li>\n<\/ul>\n\n\n\n<p>Het centrum biedt plaats aan kinderen van 10 weken tot 4 jaar, verdeeld over 2 units met een totale capaciteit van 20 kinderen (8 \u00abdromers\u00bb en 12 \u00abavonturiers\u00bb).<\/p>\n\n\n\n<p>De cr\u00e8che is geopend van maandag tot en met vrijdag, van 7.30 tot 18.30 uur, en is gesloten op feestdagen en vijf weken per jaar (doorgaans: \u00e9\u00e9n week met Pasen, de eerste drie weken van augustus en \u00e9\u00e9n week met Kerstmis, vaak week 52).<\/p>\n\n\n\n<h2 class=\"wp-block-heading\">Hoe te registreren<\/h2>\n\n\n\n<p>Om uw kind (geboren of nog te geboren) in te schrijven, verzoeken wij u vriendelijk contact op te nemen met het CCAS via e-mail: <a href=\"mailto:ccas@villeneuve-les-beziers.fr\">ccas@villeneuve-les-beziers.fr<\/a>, om een dossier aan te vragen. De dossiers voor het nieuwe schooljaar in september kunnen worden opgehaald van 1 maart tot 30 april. Voorrang wordt gegeven aan kinderen uit Villeneuve, vervolgens aan kinderen van wie de ouders in de gemeente werken en ten slotte aan gezinnen van buiten de gemeente.<\/p>\n\n\n\n<p>Inschrijvingen voor incidentele opvang zijn het hele jaar door mogelijk, afhankelijk van de beschikbaarheid. De definitieve inschrijvingen vinden plaats op afspraak met de directrice nadat een plaats is toegewezen, waarbij de benodigde documenten (CAF\/MSA, gezinsboekje, vaccinaties, enz.) worden overhandigd en de aanpassingsperiode wordt georganiseerd.<\/p>\n\n\n\n<p>Elke inschrijving houdt in dat er een opvangcontract wordt ondertekend, waarin de periode, de openingstijden en het bedrag van het tarief worden vermeld.<\/p>\n\n\n\n<h2 class=\"wp-block-heading\">Prijslijst<\/h2>\n\n\n\n<p>Het bedrag van de financi\u00eble bijdrage van elk gezin wordt berekend op basis van een uurtarief, dat wordt aangepast aan het aantal kinderen ten laste en toegepast op het gezinsinkomen (jaar N-2), met een minimumgrens.<\/p>\n\n\n\n<p>Voor ouders die niet in Villeneuve-l\u00e8s-B\u00e9ziers wonen, geldt een toeslag van 20 %. De bedragen worden elk jaar in januari herzien op basis van het nieuwe referentiejaar.<\/p>\n\n\n\n<p>Deze bijdrage is contractueel vastgelegd en dekt de kosten voor de opvang van het kind tijdens de aanwezigheidstijd, inclusief maaltijden en luiers.<\/p>\n\n\n\n<h2 class=\"wp-block-heading\">Maaltijden<\/h2>\n\n\n\n<p>De maaltijden worden geleverd door een centrale keuken die gebruikmaakt van een koudketen.<\/p>\n\n\n\n<h2 class=\"wp-block-heading\">Contacten<\/h2>\n\n\n\n<p>\ud83d\udcde  <a href=\"callto:04 67 39 27 90\">04 67 39 27 90<\/a><\/p>\n\n\n\n<p>\ud83d\udce7  <a href=\"mailto:creche@villeneuve-les-beziers.fr\" target=\"_blank\" rel=\"noreferrer noopener\">creche@villeneuve-les-beziers.fr<\/a><\/p>\n\n\n\n<h2 class=\"wp-block-heading\">Adres<\/h2>\n\n\n\n<p>Kinderopvangcentrum Pamplemousse<br>1, Mimosastraat<br>34420 Villeneuve-l\u00e8s-B\u00e9ziers<\/p>\n\n\n\n<p><\/p>","protected":false},"excerpt":{"rendered":"<p>La cr\u00e8che Pamplemousse est un multi-accueil proposant \u00e0 la fois : Elle accueille les enfants \u00e2g\u00e9s de 10 semaines \u00e0 4 ans r\u00e9volus, r\u00e9partis en 2 unit\u00e9s pour une capacit\u00e9 totale de 20 enfants (8 \u00ab\u00a0r\u00eaveurs\u00a0\u00bb et 12 \u00ab\u00a0aventuriers\u00a0\u00bb). La cr\u00e8che est ouverte du lundi au vendredi, de 7h30 \u00e0 18h30 et est ferm\u00e9e les [&hellip;]<\/p>\n","protected":false},"author":1,"featured_media":3192,"parent":208,"menu_order":0,"comment_status":"closed","ping_status":"closed","template":"","meta":{"footnotes":""},"class_list":["post-1230","page","type-page","status-publish","has-post-thumbnail","hentry"],"_links":{"self":[{"href":"https:\/\/www.villeneuve-les-beziers.fr\/nl\/wp-json\/wp\/v2\/pages\/1230","targetHints":{"allow":["GET"]}}],"collection":[{"href":"https:\/\/www.villeneuve-les-beziers.fr\/nl\/wp-json\/wp\/v2\/pages"}],"about":[{"href":"https:\/\/www.villeneuve-les-beziers.fr\/nl\/wp-json\/wp\/v2\/types\/page"}],"author":[{"embeddable":true,"href":"https:\/\/www.villeneuve-les-beziers.fr\/nl\/wp-json\/wp\/v2\/users\/1"}],"replies":[{"embeddable":true,"href":"https:\/\/www.villeneuve-les-beziers.fr\/nl\/wp-json\/wp\/v2\/comments?post=1230"}],"version-history":[{"count":5,"href":"https:\/\/www.villeneuve-les-beziers.fr\/nl\/wp-json\/wp\/v2\/pages\/1230\/revisions"}],"predecessor-version":[{"id":20547,"href":"https:\/\/www.villeneuve-les-beziers.fr\/nl\/wp-json\/wp\/v2\/pages\/1230\/revisions\/20547"}],"up":[{"embeddable":true,"href":"https:\/\/www.villeneuve-les-beziers.fr\/nl\/wp-json\/wp\/v2\/pages\/208"}],"wp:featuredmedia":[{"embeddable":true,"href":"https:\/\/www.villeneuve-les-beziers.fr\/nl\/wp-json\/wp\/v2\/media\/3192"}],"wp:attachment":[{"href":"https:\/\/www.villeneuve-les-beziers.fr\/nl\/wp-json\/wp\/v2\/media?parent=1230"}],"curies":[{"name":"wp","href":"https:\/\/api.w.org\/{rel}","templated":true}]}}