{"id":12641,"date":"2022-05-17T11:32:51","date_gmt":"2022-05-17T09:32:51","guid":{"rendered":"https:\/\/www.villeneuve-les-beziers.fr\/?page_id=12641"},"modified":"2024-11-22T12:25:09","modified_gmt":"2024-11-22T11:25:09","slug":"gevonden-voorwerpen","status":"publish","type":"page","link":"https:\/\/www.villeneuve-les-beziers.fr\/nl\/vie-pratique\/securite\/objets-trouves\/","title":{"rendered":"Verloren voorwerpen"},"content":{"rendered":"<h2 class=\"wp-block-heading\">Een verloren voorwerp herkennen<\/h2>\n\n\n\n<p class=\"has-text-align-left\">Elk voorwerp dat op de openbare weg, op een openbare plaats of op een voor het publiek toegankelijke plaats in de gemeente wordt gevonden, moet aan de gemeentelijke diensten worden gemeld. Hoe lang gevonden voorwerpen door de gemeente worden bewaard, hangt af van hun aard. Iedereen die een voorwerp vindt, moet dit melden en inleveren. Evenzo moet iedereen die een voorwerp verloren heeft, dit aan de Gemeente melden.<\/p>\n\n\n\n<h2 class=\"wp-block-heading\">Procedures<\/h2>\n\n\n\n<ul class=\"wp-block-list\">\n<li><strong>Een gevonden object declareren :<\/strong>&nbsp;U gaat gewoon naar het gemeentelijke politiebureau waar de aangifte wordt gedaan. Er wordt een gedetailleerde inventaris van de voorwerpen opgemaakt en vervolgens geregistreerd. Kostbaarheden, contant geld, grote voorwerpen en tweewielers worden in een beveiligde ruimte opgeslagen. Als de persoon die het voorwerp heeft gevonden het wil houden totdat het door de eigenaar wordt opge\u00ebist, dan maken de gemeentelijke diensten hier een aantekening van en krijgt de persoon een ontvangstbewijs.<\/li>\n\n\n\n<li><strong>Een verloren voorwerp melden :<\/strong>&nbsp;neem contact op met de gemeentepolitie.<\/li>\n\n\n\n<li><strong>Een verloren voorwerp terugvinden:<\/strong>&nbsp;Als de identiteit van de eigenaar van het voorwerp bekend is, zal het stadhuis de eigenaar snel verwittigen. De eigenaar moet dan naar het stadhuis gaan om het voorwerp op te halen; hij of zij moet zijn of haar identiteit en eigendom van het voorwerp bewijzen.<\/li>\n\n\n\n<li><strong>Dieren :<\/strong>&nbsp;Als u een zwerfdier op de openbare weg hebt, moet u eerst contact opnemen met de gemeentepolitie.<\/li>\n<\/ul>\n\n\n\n<div class=\"wp-block-group has-global-padding is-layout-constrained wp-container-core-group-is-layout-6ecc7d59 wp-block-group-is-layout-constrained\" style=\"margin-top:var(--wp--preset--spacing--40);margin-bottom:var(--wp--preset--spacing--40);padding-top:var(--wp--preset--spacing--30);padding-right:var(--wp--preset--spacing--30);padding-bottom:var(--wp--preset--spacing--30);padding-left:var(--wp--preset--spacing--30)\">\n<h2 class=\"wp-block-heading\">Contact Gemeentepolitie<\/h2>\n\n\n\n<div class=\"wp-block-group is-content-justification-space-between is-layout-flex wp-container-core-group-is-layout-9366075c wp-block-group-is-layout-flex\">\n<p>Plaats Gabriel Peri<br>34420 Villeneuve-l\u00e8s-B\u00e9ziers<br>Tel.: 04 67 39 90 01<\/p>\n\n\n\n<figure class=\"wp-block-image is-resized\"><a href=\"mailto:pm@villeneuve-les-beziers.fr\"><img loading=\"lazy\" decoding=\"async\" width=\"300\" height=\"300\" src=\"https:\/\/www.villeneuve-les-beziers.fr\/wp-content\/uploads\/2019\/04\/close-envelope-300x300.png\" alt=\"\" class=\"wp-image-600\" style=\"object-fit:cover;width:32px;height:32px\"\/><\/a><\/figure>\n\n\n\n<iframe src=\"https:\/\/www.google.com\/maps\/embed?pb=!1m18!1m12!1m3!1d2902.9822562646777!2d3.2755785775133903!3d43.314630871120315!2m3!1f0!2f0!3f0!3m2!1i1024!2i768!4f13.1!3m3!1m2!1s0x12b110362f575e11%3A0x22cca18efef55caf!2sPolice%20Municipale!5e0!3m2!1sfr!2sfr!4v1732273911412!5m2!1sfr!2sfr\" width=\"50%\" height=\"300\" style=\"border:0;\" allowfullscreen=\"\" loading=\"lazy\" referrerpolicy=\"no-referrer-when-downgrade\"><\/iframe>\n<\/div>\n<\/div>","protected":false},"excerpt":{"rendered":"<p>Reconnaitre un objet perdu Tout objet trouv\u00e9 sur la voie publique, dans un lieu public ou dans un lieu ouvert au public sur le territoire de la commune doit \u00eatre d\u00e9pos\u00e9 et d\u00e9clar\u00e9 aux services municipaux. Le d\u00e9lai de conservation par la Ville des objets trouv\u00e9s d\u00e9pend de leur nature. Toute personne ayant trouv\u00e9 un [&hellip;]<\/p>\n","protected":false},"author":1,"featured_media":12210,"parent":12169,"menu_order":0,"comment_status":"closed","ping_status":"closed","template":"","meta":{"footnotes":""},"class_list":["post-12641","page","type-page","status-publish","has-post-thumbnail","hentry"],"_links":{"self":[{"href":"https:\/\/www.villeneuve-les-beziers.fr\/nl\/wp-json\/wp\/v2\/pages\/12641","targetHints":{"allow":["GET"]}}],"collection":[{"href":"https:\/\/www.villeneuve-les-beziers.fr\/nl\/wp-json\/wp\/v2\/pages"}],"about":[{"href":"https:\/\/www.villeneuve-les-beziers.fr\/nl\/wp-json\/wp\/v2\/types\/page"}],"author":[{"embeddable":true,"href":"https:\/\/www.villeneuve-les-beziers.fr\/nl\/wp-json\/wp\/v2\/users\/1"}],"replies":[{"embeddable":true,"href":"https:\/\/www.villeneuve-les-beziers.fr\/nl\/wp-json\/wp\/v2\/comments?post=12641"}],"version-history":[{"count":0,"href":"https:\/\/www.villeneuve-les-beziers.fr\/nl\/wp-json\/wp\/v2\/pages\/12641\/revisions"}],"up":[{"embeddable":true,"href":"https:\/\/www.villeneuve-les-beziers.fr\/nl\/wp-json\/wp\/v2\/pages\/12169"}],"wp:featuredmedia":[{"embeddable":true,"href":"https:\/\/www.villeneuve-les-beziers.fr\/nl\/wp-json\/wp\/v2\/media\/12210"}],"wp:attachment":[{"href":"https:\/\/www.villeneuve-les-beziers.fr\/nl\/wp-json\/wp\/v2\/media?parent=12641"}],"curies":[{"name":"wp","href":"https:\/\/api.w.org\/{rel}","templated":true}]}}