{"id":13106,"date":"2022-05-19T11:25:40","date_gmt":"2022-05-19T09:25:40","guid":{"rendered":"https:\/\/www.villeneuve-les-beziers.fr\/?page_id=13106"},"modified":"2024-11-26T15:28:01","modified_gmt":"2024-11-26T14:28:01","slug":"afdeling-kinderen-en-jeugd","status":"publish","type":"page","link":"https:\/\/www.villeneuve-les-beziers.fr\/nl\/ma-mairie\/les-services\/service-enfance-jeunesse\/","title":{"rendered":"Diensten voor kinderen en jongeren"},"content":{"rendered":"<p class=\"has-text-align-left\">De afdeling Kinder- en Jeugddiensten verwelkomt alle vragen over het inschrijven van uw kinderen voor naschoolse en buitenschoolse diensten.<\/p>\n\n\n\n<h2 class=\"wp-block-heading\">Contacten<\/h2>\n\n\n\n<div class=\"wp-block-group is-nowrap is-layout-flex wp-container-core-group-is-layout-6c531013 wp-block-group-is-layout-flex\">\n<p><a href=\"callto:04 67 39 39 59\">04 67 39 39 59<\/a><\/p>\n\n\n\n<p><a href=\"mailto:alsh@villeneuve-les-beziers.fr\" target=\"_blank\" rel=\"noreferrer noopener\">alsh@villeneuve-les-beziers.fr<\/a><\/p>\n<\/div>\n\n\n\n<h2 class=\"wp-block-heading\">Adres<\/h2>\n\n\n\n<p class=\"has-text-align-left\">Lelietjesstraat<br>34420 Villeneuve-L\u00e8s-B\u00e9ziers<\/p>\n\n\n\n<p>Zie ook :<\/p>\n\n\n\n<figure class=\"wp-block-embed is-type-wp-embed is-provider-villeneuve-l-s-b-ziers wp-block-embed-villeneuve-l-s-b-ziers\"><div class=\"wp-block-embed__wrapper\">\n<blockquote class=\"wp-embedded-content\" data-secret=\"IUYHD5doat\"><a href=\"https:\/\/www.villeneuve-les-beziers.fr\/nl\/mijn-dagelijks-leven\/jeugd-jongeren\/recreatiecentrum-zonder-accommodatie\/\">Niet-geaccommodeerde vrijetijdsactiviteiten (ALSH)<\/a><\/blockquote><iframe loading=\"lazy\" class=\"wp-embedded-content\" sandbox=\"allow-scripts\" security=\"restricted\" style=\"position: absolute; visibility: hidden;\" title=\"\u00abAccueil de Loisirs Sans H\u00e9bergement (ALSH) - Villeneuve-l\u00e8s-B\u00e9ziers\" src=\"https:\/\/www.villeneuve-les-beziers.fr\/mon-quotidien\/enfance-jeunesse\/accueil-de-loisirs-sans-hebergement\/embed\/#?secret=HmYMb7b5OZ#?secret=IUYHD5doat\" data-secret=\"IUYHD5doat\" width=\"500\" height=\"282\" frameborder=\"0\" marginwidth=\"0\" marginheight=\"0\" scrolling=\"no\"><\/iframe>\n<\/div><\/figure>","protected":false},"excerpt":{"rendered":"<p>De Kinder- en Jeugddienst geeft u graag alle informatie die u nodig heeft om uw kinderen in te schrijven voor naschoolse en buitenschoolse opvang. Contactpersonen 04 67 39 39 59 alsh@villeneuve-les-beziers.fr Adres Rue des Lilas34420 Villeneuve-L\u00e8s-B\u00e9ziers Zie ook :<\/p>","protected":false},"author":1,"featured_media":15028,"parent":7284,"menu_order":0,"comment_status":"closed","ping_status":"closed","template":"","meta":{"footnotes":""},"class_list":["post-13106","page","type-page","status-publish","has-post-thumbnail","hentry"],"_links":{"self":[{"href":"https:\/\/www.villeneuve-les-beziers.fr\/nl\/wp-json\/wp\/v2\/pages\/13106","targetHints":{"allow":["GET"]}}],"collection":[{"href":"https:\/\/www.villeneuve-les-beziers.fr\/nl\/wp-json\/wp\/v2\/pages"}],"about":[{"href":"https:\/\/www.villeneuve-les-beziers.fr\/nl\/wp-json\/wp\/v2\/types\/page"}],"author":[{"embeddable":true,"href":"https:\/\/www.villeneuve-les-beziers.fr\/nl\/wp-json\/wp\/v2\/users\/1"}],"replies":[{"embeddable":true,"href":"https:\/\/www.villeneuve-les-beziers.fr\/nl\/wp-json\/wp\/v2\/comments?post=13106"}],"version-history":[{"count":4,"href":"https:\/\/www.villeneuve-les-beziers.fr\/nl\/wp-json\/wp\/v2\/pages\/13106\/revisions"}],"predecessor-version":[{"id":20550,"href":"https:\/\/www.villeneuve-les-beziers.fr\/nl\/wp-json\/wp\/v2\/pages\/13106\/revisions\/20550"}],"up":[{"embeddable":true,"href":"https:\/\/www.villeneuve-les-beziers.fr\/nl\/wp-json\/wp\/v2\/pages\/7284"}],"wp:featuredmedia":[{"embeddable":true,"href":"https:\/\/www.villeneuve-les-beziers.fr\/nl\/wp-json\/wp\/v2\/media\/15028"}],"wp:attachment":[{"href":"https:\/\/www.villeneuve-les-beziers.fr\/nl\/wp-json\/wp\/v2\/media?parent=13106"}],"curies":[{"name":"wp","href":"https:\/\/api.w.org\/{rel}","templated":true}]}}