{"id":20572,"date":"2026-02-12T17:29:12","date_gmt":"2026-02-12T16:29:12","guid":{"rendered":"https:\/\/www.villeneuve-les-beziers.fr\/?page_id=20572"},"modified":"2026-02-12T18:29:52","modified_gmt":"2026-02-12T17:29:52","slug":"verklaring-van-toegankelijkheid","status":"publish","type":"page","link":"https:\/\/www.villeneuve-les-beziers.fr\/nl\/declaration-daccessibilite\/","title":{"rendered":"Toegankelijkheidsverklaring"},"content":{"rendered":"<h2 class=\"wp-block-heading\">Testresultaten en methodologie<\/h2>\n\n\n\n<p>Deze toegankelijkheidsverklaring is gebaseerd op een zelfbeoordelingsaudit volgens de methode die wordt aanbevolen door het R\u00e9f\u00e9rentiel G\u00e9n\u00e9ral d'Am\u00e9lioration de l'Accessibilit\u00e9 (RGAA versie 4.1).<\/p>\n\n\n\n<p>Deze controle werd uitgevoerd door <strong>LRob<\/strong>, de serviceprovider die verantwoordelijk is voor de hosting, het onderhoud en de technische bewaking van de website van Villeneuve-l\u00e8s-B\u00e9ziers.<\/p>\n\n\n\n<p>De laatste volledige waardering werd uitgevoerd op <strong>12 februari 2026<\/strong>.<\/p>\n\n\n\n<hr class=\"wp-block-separator has-alpha-channel-opacity\"\/>\n\n\n\n<h2 class=\"wp-block-heading\">Reikwijdte van de controle<\/h2>\n\n\n\n<p>De evaluatie werd uitgevoerd op een representatief voorbeeld van pagina's die de belangrijkste functionele sjablonen van de site omvatten:<\/p>\n\n\n\n<ul class=\"wp-block-list\">\n<li>Startpagina<\/li>\n\n\n\n<li>Zakelijke pagina's<\/li>\n\n\n\n<li>Redactionele pagina's<\/li>\n\n\n\n<li>Pagina's met administratieve procedures<\/li>\n\n\n\n<li>Nieuwspagina's (lijst en details)<\/li>\n\n\n\n<li>Pagina's die media en kaarten integreren<\/li>\n\n\n\n<li>Pagina's met formulieren<\/li>\n<\/ul>\n\n\n\n<hr class=\"wp-block-separator has-alpha-channel-opacity\"\/>\n\n\n\n<h2 class=\"wp-block-heading\">Testmethodologie en hulpmiddelen<\/h2>\n\n\n\n<p>De controles werden uitgevoerd met :<\/p>\n\n\n\n<ul class=\"wp-block-list\">\n<li>Geautomatiseerde hulpmiddelen <strong>WAVE<\/strong>, <strong>Vuurtoren<\/strong> en <strong>DevTools as<\/strong><\/li>\n\n\n\n<li>Handmatige toetsenbordtoetsen<\/li>\n\n\n\n<li>Titelstructuur controles<\/li>\n\n\n\n<li>Kleurcontrastanalyse<\/li>\n\n\n\n<li>Tekstalternatieven controleren<\/li>\n\n\n\n<li>Leesbaarheidstests op zoom- en mobiele apparaten<\/li>\n<\/ul>\n\n\n\n<p>Geteste technologie\u00ebn :<\/p>\n\n\n\n<ul class=\"wp-block-list\">\n<li>CMS: WordPress<\/li>\n\n\n\n<li>Thema: Vijfentwintig<\/li>\n\n\n\n<li>Talen: HTML5, CSS3, JavaScript<\/li>\n<\/ul>\n\n\n\n<hr class=\"wp-block-separator has-alpha-channel-opacity\"\/>\n\n\n\n<h2 class=\"wp-block-heading\">Gecontroleerde pagina's en behaalde scores<\/h2>\n\n\n\n<ul class=\"wp-block-list\">\n<li>Startpagina : 9,5 \/ 10<\/li>\n\n\n\n<li>Stadhuis: 9.7 \/ 10<\/li>\n\n\n\n<li>Gekozen vertegenwoordigers: 2,4 \/ 10<\/li>\n\n\n\n<li>Kaart van de stad: 9.8 \/ 10<\/li>\n\n\n\n<li>VVV-kantoor: 9.8 \/ 10<\/li>\n\n\n\n<li>Erfgoed: 9.1 \/ 10<\/li>\n\n\n\n<li>Verenigingen: 9.1 \/ 10<\/li>\n\n\n\n<li>Naar Villeneuve-l\u00e8s-B\u00e9ziers komen: 9.7 \/ 10<\/li>\n\n\n\n<li>Nieuwsartikel: 9.7 \/ 10<\/li>\n\n\n\n<li>Nieuwslijst: 9.5 \/ 10<\/li>\n\n\n\n<li>De markt: 9.8 \/ 10<\/li>\n\n\n\n<li>Gastvrijheidscertificaten: 9.8 \/ 10<\/li>\n\n\n\n<li>Verklaring van honden: 9.8 \/ 10<\/li>\n\n\n\n<li>Billboard-vorm: 9.7 \/ 10<\/li>\n<\/ul>\n\n\n\n<p><strong>Gemiddelde score: 9.1 \/ 10<\/strong><\/p>\n\n\n\n<hr class=\"wp-block-separator has-alpha-channel-opacity\"\/>\n\n\n\n<h2 class=\"wp-block-heading\">Reeds ge\u00efmplementeerde corrigerende maatregelen<\/h2>\n\n\n\n<p>Na deze audit zijn er al een aantal verbeteringen aangebracht om de toegankelijkheid van de site te verbeteren:<\/p>\n\n\n\n<ul class=\"wp-block-list\">\n<li>Correctie van tekstcontrasten :\n<ul class=\"wp-block-list\">\n<li>Oude hoofdkleur : <code>#168D48<\/code><\/li>\n\n\n\n<li>Nieuwe bijpassende kleur: <code>#0C6F38<\/code><\/li>\n\n\n\n<li>Aanpassing ook toegepast op highlight- en hover-status<\/li>\n<\/ul>\n<\/li>\n\n\n\n<li>Toevoeging van ontbrekende tekstalternatieven bij een twintigtal afbeeldingen<\/li>\n\n\n\n<li>Verwijdering van overbodige \u00abLees meer\u00bb-links in inhoudslussen<\/li>\n\n\n\n<li>Herziening en correctie van de titelhi\u00ebrarchie (H1 tot H6)<\/li>\n\n\n\n<li>Vereenvoudigde navigatie :\n<ul class=\"wp-block-list\">\n<li>Dubbele links verwijderen<\/li>\n\n\n\n<li>Verwijdering van een voettekstmenu dat identiek is aan het hoofdmenu<\/li>\n<\/ul>\n<\/li>\n<\/ul>\n\n\n\n<p>Deze aanpassingen zijn met name bedoeld om :<\/p>\n\n\n\n<ul class=\"wp-block-list\">\n<li>Leesbaarheid<\/li>\n\n\n\n<li>Toetsenbordnavigatie<\/li>\n\n\n\n<li>Tekst-naar-spraak lezen<\/li>\n\n\n\n<li>De paginastructuur begrijpen<\/li>\n<\/ul>\n\n\n\n<hr class=\"wp-block-separator has-alpha-channel-opacity\"\/>\n\n\n\n<h2 class=\"wp-block-heading\">Resterende non-conformiteiten<\/h2>\n\n\n\n<p>De non-conformiteiten komen voornamelijk voor bij bepaalde contactformulieren, met name :<\/p>\n\n\n\n<ul class=\"wp-block-list\">\n<li>Ontbrekende of onvolledige associatie van labels met bepaalde velden<\/li>\n<\/ul>\n\n\n\n<p>Deze factoren kunnen het gebruik van ondersteunende technologie\u00ebn bemoeilijken, en zullen worden gecorrigeerd als onderdeel van het meerjarenplan voor toegankelijkheid.<\/p>\n\n\n\n<hr class=\"wp-block-separator has-alpha-channel-opacity\"\/>\n\n\n\n<h2 class=\"wp-block-heading\">Niveau van naleving<\/h2>\n\n\n\n<p>In het licht van de verkregen resultaten en de reeds genomen corrigerende maatregelen is de locatie verklaard :<\/p>\n\n\n\n<p><strong>Gedeeltelijk in overeenstemming met RGAA (versie 4.1).<\/strong><\/p>\n\n\n\n<p>De gemeente streeft naar voortdurende verbeteringen als onderdeel van een voortdurende aanpak van digitale toegankelijkheid.<\/p>\n\n\n\n<h2 class=\"wp-block-heading\">Contact en feedback<\/h2>\n\n\n\n<p>Als u problemen hebt met de toegang tot inhoud of diensten op de site, kunt u ons hiervan op de hoogte stellen zodat wij u een alternatieve oplossing kunnen bieden of de inhoud toegankelijk kunnen maken.<\/p>\n\n\n\n<p>U kunt contact opnemen met :<\/p>\n\n\n\n<p><strong>IT-afdeling - Villeneuve-l\u00e8s-B\u00e9ziers<\/strong><br>E-mail : <a href=\"mailto:service.informatique@villeneuve-les-beziers.fr\">service.informatique@villeneuve-les-beziers.fr<\/a><\/p>\n\n\n\n<p>Of de serviceprovider die verantwoordelijk is voor het onderhoud en de technische controle van de site:<\/p>\n\n\n\n<p><strong>LRob<\/strong><br>Contactformulier : <a href=\"https:\/\/www.lrob.fr\/contact\" target=\"_blank\" rel=\"noopener noreferrer nofollow\">https:\/\/www.lrob.fr\/contact<\/a><\/p>\n\n\n\n<p>We zullen alle feedback aandachtig bestuderen en elke suggestie of idee voor verbetering om de site toegankelijker te maken graag uitvoeren.<\/p>\n\n\n\n<h2 class=\"wp-block-heading\">Rechtsmiddelen<\/h2>\n\n\n\n<p>Als u een gebrek aan toegankelijkheid opmerkt waardoor u geen toegang krijgt tot inhoud of een functie op de site, en u meldt dit aan ons en u krijgt geen bevredigend antwoord, dan hebt u het recht om uw klachten of een verzoek tot doorverwijzing naar de Rechtenverdediger te sturen.<\/p>\n\n\n\n<p>Er zijn verschillende manieren om dit te doen:<\/p>\n\n\n\n<ul class=\"wp-block-list\">\n<li>Schrijf een bericht naar de mensenrechtenverdediger : <a href=\"https:\/\/formulaire.defenseurdesdroits.fr\/\" target=\"_blank\" rel=\"noopener noreferrer nofollow\">https:\/\/formulaire.defenseurdesdroits.fr<\/a><\/li>\n\n\n\n<li>Neem contact op met de Rights Defender-afgevaardigde in uw regio: <a href=\"https:\/\/www.defenseurdesdroits.fr\/saisir\/delegues\" target=\"_blank\" rel=\"noopener noreferrer nofollow\">https:\/\/www.defenseurdesdroits.fr\/saisir\/delegues<\/a><\/li>\n\n\n\n<li>Stuur een brief per post:<br>Ombudsman<br>Gratis antwoord 71120<br>75342 Parijs CEDEX 07<\/li>\n<\/ul>\n\n\n\n<p>U kunt een gebrek aan digitale toegankelijkheid ook melden bij de Autorit\u00e9 de r\u00e9gulation de la communication audiovisuelle et num\u00e9rique (ARCOM).<\/p>","protected":false},"excerpt":{"rendered":"<p>R\u00e9sultats des tests et m\u00e9thodologie La pr\u00e9sente d\u00e9claration d\u2019accessibilit\u00e9 repose sur un audit r\u00e9alis\u00e9 en auto-\u00e9valuation selon la m\u00e9thode pr\u00e9conis\u00e9e par le R\u00e9f\u00e9rentiel G\u00e9n\u00e9ral d\u2019Am\u00e9lioration de l\u2019Accessibilit\u00e9 (RGAA version 4.1). Cet audit a \u00e9t\u00e9 conduit par LRob, prestataire en charge de l\u2019h\u00e9bergement, de la maintenance et du suivi technique du site de la Ville de [&hellip;]<\/p>\n","protected":false},"author":1,"featured_media":19674,"parent":0,"menu_order":0,"comment_status":"closed","ping_status":"closed","template":"","meta":{"footnotes":""},"class_list":["post-20572","page","type-page","status-publish","has-post-thumbnail","hentry"],"_links":{"self":[{"href":"https:\/\/www.villeneuve-les-beziers.fr\/nl\/wp-json\/wp\/v2\/pages\/20572","targetHints":{"allow":["GET"]}}],"collection":[{"href":"https:\/\/www.villeneuve-les-beziers.fr\/nl\/wp-json\/wp\/v2\/pages"}],"about":[{"href":"https:\/\/www.villeneuve-les-beziers.fr\/nl\/wp-json\/wp\/v2\/types\/page"}],"author":[{"embeddable":true,"href":"https:\/\/www.villeneuve-les-beziers.fr\/nl\/wp-json\/wp\/v2\/users\/1"}],"replies":[{"embeddable":true,"href":"https:\/\/www.villeneuve-les-beziers.fr\/nl\/wp-json\/wp\/v2\/comments?post=20572"}],"version-history":[{"count":2,"href":"https:\/\/www.villeneuve-les-beziers.fr\/nl\/wp-json\/wp\/v2\/pages\/20572\/revisions"}],"predecessor-version":[{"id":20603,"href":"https:\/\/www.villeneuve-les-beziers.fr\/nl\/wp-json\/wp\/v2\/pages\/20572\/revisions\/20603"}],"wp:featuredmedia":[{"embeddable":true,"href":"https:\/\/www.villeneuve-les-beziers.fr\/nl\/wp-json\/wp\/v2\/media\/19674"}],"wp:attachment":[{"href":"https:\/\/www.villeneuve-les-beziers.fr\/nl\/wp-json\/wp\/v2\/media?parent=20572"}],"curies":[{"name":"wp","href":"https:\/\/api.w.org\/{rel}","templated":true}]}}