{"id":2079,"date":"2019-04-30T14:43:42","date_gmt":"2019-04-30T12:43:42","guid":{"rendered":"http:\/\/localhost\/?page_id=2079"},"modified":"2025-01-15T12:57:22","modified_gmt":"2025-01-15T11:57:22","slug":"huis-aan-huisverkoop","status":"publish","type":"page","link":"https:\/\/www.villeneuve-les-beziers.fr\/nl\/vie-pratique\/securite\/demarchage-a-domicile\/","title":{"rendered":"Huis-aan-huisverkoop"},"content":{"rendered":"<h1 class=\"wp-block-heading\">Nepagenten, huis-aan-huisverkoop, enqu\u00eates: laat u niet misleiden!<\/h1>\n\n\n\n<p>In Villeneuve-l\u00e8s-B\u00e9ziers is huis-aan-huiswerving, die wordt geregeld door een gemeentelijk besluit, onderworpen aan voorafgaande toestemming door de burgemeester, voor een bepaalde periode en na controle van de administratieve documenten die vereist zijn voor de werving.<\/p>\n\n\n\n<p>Bewoners moeten dit document, ondertekend door de burgemeester en het hoofd van de gemeentepolitie, opeisen.<\/p>\n\n\n\n<p>-> <a href=\"https:\/\/www.villeneuve-les-beziers.fr\/wp-content\/uploads\/2025\/01\/ARRETE-ADMIN2023-009-reglementation-demarchage-a-domicile.pdf\">gemeentewet nr. ADMlN2023-OO9<\/a><\/p>\n\n\n\n<p>Uw elektriciteitsmeter controleren, kalenders en diverse artikelen verkopen... Elk middel is goed genoeg om uw huis binnen te dringen. Kwaadwillige colportage neemt momenteel toe en is vooral gericht op ouderen. De modus operandi is eenvoudig: de colporteurs komen met z'n twee\u00ebn en beweren dat ze een mandaat hebben van de gemeente of van een openbare dienst: EDF, GDF, politie, ziekteverzekering, enz. Om hun aanpak te ondersteunen, aarzelen sommige oplichters niet om te beweren dat ze een mandaat hebben van de gemeente of van een andere openbare dienst. <b><i>Houd er rekening mee dat de stad nooit aan colportage doet, dat degenen die bevoegd zijn om enqu\u00eates uit te voeren namens openbare diensten een accreditatiekaart hebben en dat bewoners van tevoren op de hoogte worden gesteld.<\/i><\/b><\/p>\n\n\n\n<h2 class=\"wp-block-heading\"><strong>Om uzelf te beschermen<\/strong><\/h2>\n\n\n\n<ul class=\"wp-block-list\">\n<li><p>Vermijd het binnenlaten van mensen in uw huis, en vooral het binnenlaten van mensen in uw huis om welke reden dan ook. Gebruik de deurkijker (\"judas\"), de deuropener of de veiligheidsketting.<\/p><\/li>\n\n\n\n<li><p>Accepteer geen telefonische afspraak bij u thuis zonder de exacte reden van de verkoop te controleren.<\/p><\/li>\n\n\n\n<li><p>Wees waakzaam wanneer exploitanten van gas, elektriciteit, postkantoor, internet of telefoon, politie of gendarmes bij u thuis komen. Zelfs als de persoon in uniform is, vraag hen dan om een visitekaartje, een dienstopdracht of een bewijs van dienstverlening te laten zien.<\/p><\/li>\n\n\n\n<li><p>Als u iemand in uw huis binnenlaat, probeer dan een buurman te vragen om erbij te zijn. Begeleid hen overal waar ze uw huis binnengaan. Onthul nooit waar u uw juwelen, geld of andere waardevolle spullen verbergt.<\/p><\/li>\n\n\n\n<li><p>Teken nooit op dezelfde dag een contract of offerte - praat eerst met mensen die u kent. Er geldt een bedenktijd van 7 dagen voor alle huis-aan-huisverkoop.<\/p><\/li>\n\n\n\n<li><p>Geef nooit uw creditcard of pincode.&nbsp;<\/p><\/li>\n\n\n\n<li>Verwittig onmiddellijk de gemeentepolitie op 06 20 50 49 49 of de politie op 17.<\/li>\n<\/ul>\n\n\n\n<h2 class=\"wp-block-heading\">Contact Gemeentepolitie<\/h2>\n\n\n\n<div class=\"wp-block-group is-content-justification-space-between is-layout-flex wp-container-core-group-is-layout-9366075c wp-block-group-is-layout-flex\">\n<p>Plaats Gabriel Peri<br>34420 Villeneuve-l\u00e8s-B\u00e9ziers<br>Tel.: 04 67 39 90 01<\/p>\n\n\n\n<figure class=\"wp-block-image is-resized\"><a href=\"mailto:pm@villeneuve-les-beziers.fr\"><img loading=\"lazy\" decoding=\"async\" width=\"300\" height=\"300\" src=\"https:\/\/www.villeneuve-les-beziers.fr\/wp-content\/uploads\/2019\/04\/close-envelope-300x300.png\" alt=\"\" class=\"wp-image-600\" style=\"object-fit:cover;width:32px;height:32px\"\/><\/a><\/figure>\n\n\n\n<iframe src=\"https:\/\/www.google.com\/maps\/embed?pb=!1m18!1m12!1m3!1d2902.9822562646777!2d3.2755785775133903!3d43.314630871120315!2m3!1f0!2f0!3f0!3m2!1i1024!2i768!4f13.1!3m3!1m2!1s0x12b110362f575e11%3A0x22cca18efef55caf!2sPolice%20Municipale!5e0!3m2!1sfr!2sfr!4v1732273911412!5m2!1sfr!2sfr\" width=\"50%\" height=\"300\" style=\"border:0;\" allowfullscreen=\"\" loading=\"lazy\" referrerpolicy=\"no-referrer-when-downgrade\"><\/iframe>\n<\/div>","protected":false},"excerpt":{"rendered":"<p>Faux agents, porte-\u00e0-porte, enqu\u00eates : ne vous laissez pas abuser ! \u00c0 Villeneuve-l\u00e8s-B\u00e9ziers, le d\u00e9marchage \u00e0 domicile, r\u00e9glement\u00e9 par arr\u00eat\u00e9 municipal , est soumis \u00e0 l&rsquo;autorisation pr\u00e9alable du Maire, pour une p\u00e9riode donn\u00e9e et apr\u00e8s v\u00e9rification des documents administratifs r\u00e9glementaires dont doivent \u00eatre pourvus les d\u00e9marcheurs. Les administr\u00e9s doivent exiger la pr\u00e9sentation de ce document [&hellip;]<\/p>\n","protected":false},"author":1,"featured_media":2078,"parent":12169,"menu_order":0,"comment_status":"closed","ping_status":"closed","template":"","meta":{"footnotes":""},"class_list":["post-2079","page","type-page","status-publish","has-post-thumbnail","hentry"],"_links":{"self":[{"href":"https:\/\/www.villeneuve-les-beziers.fr\/nl\/wp-json\/wp\/v2\/pages\/2079","targetHints":{"allow":["GET"]}}],"collection":[{"href":"https:\/\/www.villeneuve-les-beziers.fr\/nl\/wp-json\/wp\/v2\/pages"}],"about":[{"href":"https:\/\/www.villeneuve-les-beziers.fr\/nl\/wp-json\/wp\/v2\/types\/page"}],"author":[{"embeddable":true,"href":"https:\/\/www.villeneuve-les-beziers.fr\/nl\/wp-json\/wp\/v2\/users\/1"}],"replies":[{"embeddable":true,"href":"https:\/\/www.villeneuve-les-beziers.fr\/nl\/wp-json\/wp\/v2\/comments?post=2079"}],"version-history":[{"count":2,"href":"https:\/\/www.villeneuve-les-beziers.fr\/nl\/wp-json\/wp\/v2\/pages\/2079\/revisions"}],"predecessor-version":[{"id":19803,"href":"https:\/\/www.villeneuve-les-beziers.fr\/nl\/wp-json\/wp\/v2\/pages\/2079\/revisions\/19803"}],"up":[{"embeddable":true,"href":"https:\/\/www.villeneuve-les-beziers.fr\/nl\/wp-json\/wp\/v2\/pages\/12169"}],"wp:featuredmedia":[{"embeddable":true,"href":"https:\/\/www.villeneuve-les-beziers.fr\/nl\/wp-json\/wp\/v2\/media\/2078"}],"wp:attachment":[{"href":"https:\/\/www.villeneuve-les-beziers.fr\/nl\/wp-json\/wp\/v2\/media?parent=2079"}],"curies":[{"name":"wp","href":"https:\/\/api.w.org\/{rel}","templated":true}]}}