{"id":211,"date":"2019-04-10T11:50:20","date_gmt":"2019-04-10T09:50:20","guid":{"rendered":"http:\/\/localhost\/?page_id=211"},"modified":"2025-08-14T09:30:17","modified_gmt":"2025-08-14T07:30:17","slug":"mediatheek","status":"publish","type":"page","link":"https:\/\/www.villeneuve-les-beziers.fr\/nl\/mon-quotidien\/mediatheque\/","title":{"rendered":"Jean-Laur\u00e8s mediatheek"},"content":{"rendered":"<p>De mediatheek Jean Laur\u00e8s in Villeneuve-l\u00e8s-B\u00e9ziers maakt deel uit van het netwerk van mediatheken van de stedelijke gemeenschap B\u00e9ziers M\u00e9diterran\u00e9e. De bibliotheek bevindt zich in het gemeentehuis, beslaat 430 m\u00b2 op 2 verdiepingen en is sinds 7 november 2006 open voor het publiek.<\/p>\n\n\n\n<div class=\"wp-block-group is-style-section-1 has-global-padding is-layout-constrained wp-container-core-group-is-layout-39088d70 wp-block-group-is-layout-constrained is-style-section-1--1\" style=\"border-radius:32px;margin-top:var(--wp--preset--spacing--50);margin-bottom:var(--wp--preset--spacing--50);padding-top:var(--wp--preset--spacing--50);padding-right:var(--wp--preset--spacing--40);padding-bottom:var(--wp--preset--spacing--50);padding-left:var(--wp--preset--spacing--40);box-shadow:var(--wp--preset--shadow--deep)\">\n<h2 class=\"wp-block-heading has-text-align-center\">Praktische informatie<\/h2>\n\n\n\n<div class=\"wp-block-columns is-layout-flex wp-container-core-columns-is-layout-0884d4d2 wp-block-columns-is-layout-flex\" style=\"margin-top:var(--wp--preset--spacing--50);margin-bottom:var(--wp--preset--spacing--50)\">\n<div class=\"wp-block-column is-layout-flow wp-block-column-is-layout-flow\">\n<h3 class=\"wp-block-heading has-text-align-center\">Contactgegevens<\/h3>\n\n\n\n<p class=\"has-text-align-center\">Jean Laur\u00e8s mediatheek<br>1 Mariannestraat<br>34420 Villeneuve-l\u00e8s-B\u00e9ziers<\/p>\n\n\n\n<div class=\"wp-block-group is-content-justification-center is-nowrap is-layout-flex wp-container-core-group-is-layout-23441af8 wp-block-group-is-layout-flex\">\n<figure class=\"wp-block-image is-resized\"><a href=\"mailto:mediatheque@villeneuve-les-beziers.fr\"><img loading=\"lazy\" decoding=\"async\" width=\"300\" height=\"300\" src=\"https:\/\/www.villeneuve-les-beziers.fr\/wp-content\/uploads\/2019\/04\/close-envelope-300x300.png\" alt=\"\" class=\"wp-image-600\" style=\"object-fit:cover;width:32px;height:auto\"\/><\/a><\/figure>\n\n\n\n<p class=\"has-text-align-center\">Tel.: 04 67 39 47 51<\/p>\n<\/div>\n<\/div>\n\n\n\n<div class=\"wp-block-column is-layout-flow wp-block-column-is-layout-flow\">\n<h3 class=\"wp-block-heading has-text-align-center\">Openingstijden<\/h3>\n\n\n\n<ul class=\"wp-block-list is-style-checkmark-list\">\n<li>Dinsdag: 9.00 - 12.00<\/li>\n\n\n\n<li>Woensdag: 9u-12u \/ 15u-18u<\/li>\n\n\n\n<li>Donderdag: 9.00 - 12.00 \/ 15.00 - 18.00<\/li>\n\n\n\n<li>Vrijdag: 15.00 - 18.00<\/li>\n\n\n\n<li>Zaterdag: 9.30 - 12.30 uur<\/li>\n<\/ul>\n<\/div>\n\n\n\n<div class=\"wp-block-column is-layout-flow wp-block-column-is-layout-flow\">\n<h3 class=\"wp-block-heading has-text-align-center\">Online digitale bronnen<\/h3>\n\n\n\n<figure class=\"wp-block-image size-large\"><a href=\"https:\/\/mediatheque.beziers-mediterranee.fr\/\" target=\"_blank\" rel=\" noreferrer noopener\"><img loading=\"lazy\" decoding=\"async\" width=\"1024\" height=\"462\" src=\"https:\/\/www.villeneuve-les-beziers.fr\/wp-content\/uploads\/2019\/05\/logo-MAM-1024x462.png\" alt=\"\" class=\"wp-image-3208\" srcset=\"https:\/\/www.villeneuve-les-beziers.fr\/wp-content\/uploads\/2019\/05\/logo-MAM-1024x462.png 1024w, https:\/\/www.villeneuve-les-beziers.fr\/wp-content\/uploads\/2019\/05\/logo-MAM-300x135.png 300w, https:\/\/www.villeneuve-les-beziers.fr\/wp-content\/uploads\/2019\/05\/logo-MAM-768x346.png 768w\" sizes=\"auto, (max-width: 1024px) 100vw, 1024px\" \/><\/a><\/figure>\n<\/div>\n<\/div>\n\n\n\n<h3 class=\"wp-block-heading\">Registratievoorwaarden<\/h3>\n\n\n\n<ul class=\"wp-block-list\">\n<li>Een identiteitsbewijs<\/li>\n\n\n\n<li>Bewijs van adres minder dan 3 maanden oud<\/li>\n\n\n\n<li>Ouderlijke toestemming voor jongeren onder de 18 (verkrijgbaar in de mediatheek)<\/li>\n\n\n\n<li>Inschrijven is gratis voor alle inwoners van de agglomeratie en voor jongeren onder de 25 jaar. U kunt tot 10 items van elke mediatheek lenen.<\/li>\n<\/ul>\n\n\n\n<h3 class=\"wp-block-heading has-text-align-center\">Volg ons<\/h3>\n\n\n\n<ul class=\"wp-block-social-links has-large-icon-size is-content-justification-center is-layout-flex wp-container-core-social-links-is-layout-a89b3969 wp-block-social-links-is-layout-flex\"><li class=\"wp-social-link wp-social-link-facebook  wp-block-social-link\"><a href=\"https:\/\/www.facebook.com\/MediathequeJeanLaures\" class=\"wp-block-social-link-anchor\" target=\"_blank\" rel=\"noopener noreferrer nofollow\"><svg width=\"24\" height=\"24\" viewbox=\"0 0 24 24\" version=\"1.1\" xmlns=\"http:\/\/www.w3.org\/2000\/svg\" aria-hidden=\"true\" focusable=\"false\"><path d=\"M12 2C6.5 2 2 6.5 2 12c0 5 3.7 9.1 8.4 9.9v-7H7.9V12h2.5V9.8c0-2.5 1.5-3.9 3.8-3.9 1.1 0 2.2.2 2.2.2v2.5h-1.3c-1.2 0-1.6.8-1.6 1.6V12h2.8l-.4 2.9h-2.3v7C18.3 21.1 22 17 22 12c0-5.5-4.5-10-10-10z\"><\/path><\/svg><span class=\"wp-block-social-link-label screen-reader-text\">Facebook<\/span><\/a><\/li><\/ul>\n<\/div>\n\n\n\n<div class=\"wp-block-group is-style-section-1 has-global-padding is-layout-constrained wp-container-core-group-is-layout-7ececc86 wp-block-group-is-layout-constrained is-style-section-1--2\" style=\"margin-top:var(--wp--preset--spacing--50);margin-bottom:var(--wp--preset--spacing--50);padding-top:var(--wp--preset--spacing--30);padding-right:var(--wp--preset--spacing--30);padding-bottom:var(--wp--preset--spacing--30);padding-left:var(--wp--preset--spacing--30)\">\n<h2 class=\"wp-block-heading\">E\u00e9n kaart voor de hele agglomeratie<\/h2>\n\n\n\n<div class=\"wp-block-group is-nowrap is-layout-flex wp-container-core-group-is-layout-6c531013 wp-block-group-is-layout-flex\">\n<figure class=\"wp-block-image size-full\"><img loading=\"lazy\" decoding=\"async\" width=\"222\" height=\"139\" src=\"https:\/\/www.villeneuve-les-beziers.fr\/wp-content\/uploads\/2019\/04\/carteuniqueagglo.jpg\" alt=\"\" class=\"wp-image-752\"\/><\/figure>\n\n\n\n<p>Een enkele kaart om te lenen in alle mediatheken van de Agglo!<\/p>\n<\/div>\n\n\n\n<p>Hiermee kunt u gratis documenten lenen uit de 11 mediatheken in de Agglo. U kunt uw kaart ook gebruiken om thuis toegang te krijgen tot duizenden online bronnen! Om uw kaart te verkrijgen, registreert u zich of meldt u zich opnieuw aan bij een van de mediatheken van de Agglo.<a href=\"https:\/\/mediatheque.beziers-mediterranee.fr\/\" target=\"_blank\" rel=\"noreferrer noopener\">Agglo<\/a>.<\/p>\n<\/div>\n\n\n\n<div class=\"wp-block-group has-global-padding is-layout-constrained wp-container-core-group-is-layout-272e016f wp-block-group-is-layout-constrained\" style=\"margin-top:var(--wp--preset--spacing--50);margin-bottom:var(--wp--preset--spacing--50)\">\n<div class=\"wp-block-group is-style-section-1 has-global-padding is-layout-constrained wp-container-core-group-is-layout-80fb368b wp-block-group-is-layout-constrained is-style-section-1--3\" style=\"padding-top:var(--wp--preset--spacing--30);padding-right:var(--wp--preset--spacing--30);padding-bottom:var(--wp--preset--spacing--30);padding-left:var(--wp--preset--spacing--30)\">\n<h2 class=\"wp-block-heading has-text-align-left\">Amusement<\/h2>\n\n\n\n<div class=\"wp-block-group is-content-justification-left is-nowrap is-layout-flex wp-container-core-group-is-layout-f286d47d wp-block-group-is-layout-flex\">\n<figure class=\"wp-block-image size-full is-resized\"><img loading=\"lazy\" decoding=\"async\" width=\"393\" height=\"557\" src=\"https:\/\/www.villeneuve-les-beziers.fr\/wp-content\/uploads\/2025\/08\/animmedia.jpg\" alt=\"\" class=\"wp-image-20278\" style=\"width:236px;height:auto\" srcset=\"https:\/\/www.villeneuve-les-beziers.fr\/wp-content\/uploads\/2025\/08\/animmedia.jpg 393w, https:\/\/www.villeneuve-les-beziers.fr\/wp-content\/uploads\/2025\/08\/animmedia-212x300.jpg 212w, https:\/\/www.villeneuve-les-beziers.fr\/wp-content\/uploads\/2025\/08\/animmedia-106x150.jpg 106w\" sizes=\"auto, (max-width: 393px) 100vw, 393px\" \/><\/figure>\n\n\n\n<div class=\"wp-block-buttons is-layout-flex wp-block-buttons-is-layout-flex\">\n<div class=\"wp-block-button\"><a class=\"wp-block-button__link wp-element-button\" href=\"https:\/\/www.villeneuve-les-beziers.fr\/wp-content\/uploads\/2025\/07\/programme-ete-2025.pdf\">Link naar het programma<\/a><\/div>\n<\/div>\n<\/div>\n\n\n\n<div class=\"wp-block-columns is-layout-flex wp-container-core-columns-is-layout-28f84493 wp-block-columns-is-layout-flex\">\n<div class=\"wp-block-column is-layout-flow wp-block-column-is-layout-flow\">\n<h3 class=\"wp-block-heading\">Regelmatige evenementen<\/h3>\n\n\n\n<ul class=\"wp-block-list\">\n<li>Basisschool en kleuterklassen op dinsdag- en vrijdagochtend<\/li>\n\n\n\n<li>E\u00e9n keer per maand een creatieve workshop<\/li>\n\n\n\n<li>Verhaaltijd \u00e9\u00e9n keer per maand<\/li>\n\n\n\n<li>Babylezers \u00e9\u00e9n keer per kwartaal<\/li>\n\n\n\n<li>Literaire discussie \u00e9\u00e9n keer per kwartaal<\/li>\n<\/ul>\n<\/div>\n\n\n\n<div class=\"wp-block-column is-layout-flow wp-block-column-is-layout-flow\">\n<h3 class=\"wp-block-heading\">Speciale evenementen<\/h3>\n\n\n\n<p>In de mediatheek worden thematische, educatieve en artistieke tentoonstellingen gehouden, evenals shows, debatten, lezingen en auteursbijeenkomsten.<\/p>\n<\/div>\n<\/div>\n<\/div>\n<\/div>\n\n\n\n<div class=\"wp-block-group is-style-section-1 has-global-padding is-layout-constrained wp-container-core-group-is-layout-80fb368b wp-block-group-is-layout-constrained is-style-section-1--4\" style=\"padding-top:var(--wp--preset--spacing--30);padding-right:var(--wp--preset--spacing--30);padding-bottom:var(--wp--preset--spacing--30);padding-left:var(--wp--preset--spacing--30)\">\n<h2 class=\"wp-block-heading\">Zomeractiviteiten in de mediatheek<\/h2>\n\n\n\n<p>Jenifer en Maria zullen deze zomer weer aanwezig zijn met een gevarieerd activiteitenprogramma, waaronder filmvertoningen, creatieve workshops, tentoonstellingen en literaire spelletjes.<\/p>\n\n\n\n<p>U kunt ook deelnemen aan een echte schattenjacht op zoek naar het verloren manuscript, in samenwerking met de Association \"Pour la Promotion du Patrimoine Villeneuvois!<\/p>\n\n\n\n<p>\u2139\ufe0f Nadere informatie van de MJL \ud83d\udcde04.67.39.47.51<\/p>\n\n\n\n<p>\ud83d\udc49&nbsp;<a href=\"https:\/\/www.villeneuve-les-beziers.fr\/wp-content\/uploads\/2025\/07\/programme-ete-2025.pdf\">Zomerprogramma<\/a><\/p>\n\n\n\n<figure class=\"wp-block-gallery has-nested-images columns-default is-cropped wp-block-gallery-5 is-layout-flex wp-block-gallery-is-layout-flex\">\n<figure class=\"wp-block-image size-large\"><img loading=\"lazy\" decoding=\"async\" width=\"393\" height=\"557\" data-id=\"20278\" src=\"https:\/\/www.villeneuve-les-beziers.fr\/wp-content\/uploads\/2025\/08\/animmedia.jpg\" alt=\"\" class=\"wp-image-20278\" srcset=\"https:\/\/www.villeneuve-les-beziers.fr\/wp-content\/uploads\/2025\/08\/animmedia.jpg 393w, https:\/\/www.villeneuve-les-beziers.fr\/wp-content\/uploads\/2025\/08\/animmedia-212x300.jpg 212w, https:\/\/www.villeneuve-les-beziers.fr\/wp-content\/uploads\/2025\/08\/animmedia-106x150.jpg 106w\" sizes=\"auto, (max-width: 393px) 100vw, 393px\" \/><\/figure>\n\n\n\n<figure class=\"wp-block-image size-large\"><img loading=\"lazy\" decoding=\"async\" width=\"528\" height=\"744\" data-id=\"20279\" src=\"https:\/\/www.villeneuve-les-beziers.fr\/wp-content\/uploads\/2025\/08\/animmedia1.jpg\" alt=\"\" class=\"wp-image-20279\" srcset=\"https:\/\/www.villeneuve-les-beziers.fr\/wp-content\/uploads\/2025\/08\/animmedia1.jpg 528w, https:\/\/www.villeneuve-les-beziers.fr\/wp-content\/uploads\/2025\/08\/animmedia1-213x300.jpg 213w, https:\/\/www.villeneuve-les-beziers.fr\/wp-content\/uploads\/2025\/08\/animmedia1-106x150.jpg 106w\" sizes=\"auto, (max-width: 528px) 100vw, 528px\" \/><\/figure>\n\n\n\n<figure class=\"wp-block-image size-large\"><img loading=\"lazy\" decoding=\"async\" width=\"528\" height=\"745\" data-id=\"20280\" src=\"https:\/\/www.villeneuve-les-beziers.fr\/wp-content\/uploads\/2025\/08\/animmedia2.jpg\" alt=\"\" class=\"wp-image-20280\" srcset=\"https:\/\/www.villeneuve-les-beziers.fr\/wp-content\/uploads\/2025\/08\/animmedia2.jpg 528w, https:\/\/www.villeneuve-les-beziers.fr\/wp-content\/uploads\/2025\/08\/animmedia2-213x300.jpg 213w, https:\/\/www.villeneuve-les-beziers.fr\/wp-content\/uploads\/2025\/08\/animmedia2-106x150.jpg 106w\" sizes=\"auto, (max-width: 528px) 100vw, 528px\" \/><\/figure>\n<\/figure>\n\n\n\n<figure class=\"wp-block-gallery has-nested-images columns-default is-cropped wp-block-gallery-6 is-layout-flex wp-block-gallery-is-layout-flex\">\n<figure class=\"wp-block-image size-large\"><img loading=\"lazy\" decoding=\"async\" width=\"722\" height=\"1024\" data-id=\"20285\" src=\"https:\/\/www.villeneuve-les-beziers.fr\/wp-content\/uploads\/2025\/08\/actimedia2025-1-722x1024.jpg\" alt=\"\" class=\"wp-image-20285\" srcset=\"https:\/\/www.villeneuve-les-beziers.fr\/wp-content\/uploads\/2025\/08\/actimedia2025-1-722x1024.jpg 722w, https:\/\/www.villeneuve-les-beziers.fr\/wp-content\/uploads\/2025\/08\/actimedia2025-1-211x300.jpg 211w, https:\/\/www.villeneuve-les-beziers.fr\/wp-content\/uploads\/2025\/08\/actimedia2025-1-106x150.jpg 106w, https:\/\/www.villeneuve-les-beziers.fr\/wp-content\/uploads\/2025\/08\/actimedia2025-1-768x1090.jpg 768w, https:\/\/www.villeneuve-les-beziers.fr\/wp-content\/uploads\/2025\/08\/actimedia2025-1-1083x1536.jpg 1083w, https:\/\/www.villeneuve-les-beziers.fr\/wp-content\/uploads\/2025\/08\/actimedia2025-1-1444x2048.jpg 1444w, https:\/\/www.villeneuve-les-beziers.fr\/wp-content\/uploads\/2025\/08\/actimedia2025-1.jpg 1748w\" sizes=\"auto, (max-width: 722px) 100vw, 722px\" \/><\/figure>\n\n\n\n<figure class=\"wp-block-image size-large\"><img loading=\"lazy\" decoding=\"async\" width=\"646\" height=\"919\" data-id=\"20284\" src=\"https:\/\/www.villeneuve-les-beziers.fr\/wp-content\/uploads\/2025\/08\/chasse-tresor.png\" alt=\"\" class=\"wp-image-20284\" srcset=\"https:\/\/www.villeneuve-les-beziers.fr\/wp-content\/uploads\/2025\/08\/chasse-tresor.png 646w, https:\/\/www.villeneuve-les-beziers.fr\/wp-content\/uploads\/2025\/08\/chasse-tresor-211x300.png 211w, https:\/\/www.villeneuve-les-beziers.fr\/wp-content\/uploads\/2025\/08\/chasse-tresor-105x150.png 105w\" sizes=\"auto, (max-width: 646px) 100vw, 646px\" \/><\/figure>\n\n\n\n<figure class=\"wp-block-image size-large\"><img loading=\"lazy\" decoding=\"async\" width=\"427\" height=\"612\" data-id=\"20286\" src=\"https:\/\/www.villeneuve-les-beziers.fr\/wp-content\/uploads\/2025\/08\/jeu-litteraire.png\" alt=\"\" class=\"wp-image-20286\" srcset=\"https:\/\/www.villeneuve-les-beziers.fr\/wp-content\/uploads\/2025\/08\/jeu-litteraire.png 427w, https:\/\/www.villeneuve-les-beziers.fr\/wp-content\/uploads\/2025\/08\/jeu-litteraire-209x300.png 209w, https:\/\/www.villeneuve-les-beziers.fr\/wp-content\/uploads\/2025\/08\/jeu-litteraire-105x150.png 105w\" sizes=\"auto, (max-width: 427px) 100vw, 427px\" \/><\/figure>\n<\/figure>\n<\/div>\n\n\n\n<div class=\"wp-block-group is-style-section-1 has-global-padding is-layout-constrained wp-container-core-group-is-layout-80fb368b wp-block-group-is-layout-constrained is-style-section-1--7\" style=\"padding-top:var(--wp--preset--spacing--30);padding-right:var(--wp--preset--spacing--30);padding-bottom:var(--wp--preset--spacing--30);padding-left:var(--wp--preset--spacing--30)\">\n<h2 class=\"wp-block-heading\">Nieuw deze zomer<\/h2>\n\n\n\n<figure class=\"wp-block-image size-full is-resized\"><img loading=\"lazy\" decoding=\"async\" width=\"479\" height=\"679\" src=\"https:\/\/www.villeneuve-les-beziers.fr\/wp-content\/uploads\/2025\/08\/etemedia.jpg\" alt=\"\" class=\"wp-image-20271\" style=\"width:335px;height:auto\" srcset=\"https:\/\/www.villeneuve-les-beziers.fr\/wp-content\/uploads\/2025\/08\/etemedia.jpg 479w, https:\/\/www.villeneuve-les-beziers.fr\/wp-content\/uploads\/2025\/08\/etemedia-212x300.jpg 212w, https:\/\/www.villeneuve-les-beziers.fr\/wp-content\/uploads\/2025\/08\/etemedia-106x150.jpg 106w\" sizes=\"auto, (max-width: 479px) 100vw, 479px\" \/><\/figure>\n\n\n\n<p>De nieuwe zomerreleases zijn binnen, dus aarzel niet om ze te bekijken! <a href=\"https:\/\/www.calameo.com\/read\/0064481162b725e10fad1\" target=\"_blank\" rel=\"noopener noreferrer nofollow\">raadpleeg de catalogus<\/a>.<\/p>\n\n\n\n<p>Veel leesplezier!<\/p>\n<\/div>\n\n\n\n<div class=\"wp-block-group has-global-padding is-layout-constrained wp-container-core-group-is-layout-272e016f wp-block-group-is-layout-constrained\" style=\"margin-top:var(--wp--preset--spacing--50);margin-bottom:var(--wp--preset--spacing--50)\">\n<div class=\"wp-block-group is-style-section-1 has-global-padding is-layout-constrained wp-container-core-group-is-layout-80fb368b wp-block-group-is-layout-constrained is-style-section-1--8\" style=\"padding-top:var(--wp--preset--spacing--30);padding-right:var(--wp--preset--spacing--30);padding-bottom:var(--wp--preset--spacing--30);padding-left:var(--wp--preset--spacing--30)\">\n<h2 class=\"wp-block-heading\">De mediatheek Boeken<\/h2>\n\n\n\n<p class=\"is-style-text-subtitle is-style-text-subtitle--9\">Thuisbezorgservice<\/p>\n\n\n\n<div class=\"wp-block-media-text is-stacked-on-mobile\" style=\"grid-template-columns:20% auto\"><figure class=\"wp-block-media-text__media\"><img loading=\"lazy\" decoding=\"async\" width=\"180\" height=\"180\" src=\"https:\/\/www.villeneuve-les-beziers.fr\/wp-content\/uploads\/2019\/04\/portage_media.png\" alt=\"\" class=\"wp-image-726 size-full\" srcset=\"https:\/\/www.villeneuve-les-beziers.fr\/wp-content\/uploads\/2019\/04\/portage_media.png 180w, https:\/\/www.villeneuve-les-beziers.fr\/wp-content\/uploads\/2019\/04\/portage_media-150x150.png 150w\" sizes=\"auto, (max-width: 180px) 100vw, 180px\" \/><\/figure><div class=\"wp-block-media-text__content\">\n<p>In samenwerking met het Centre communal d'action sociale (CCAS) biedt de Jean Laur\u00e8s mediatheek een thuisbezorgservice aan voor inwoners van Villeneuve die tijdelijk of permanent niet in staat zijn om de bibliotheek te bezoeken. Het doel van deze service is om sociale banden te onderhouden, isolement te doorbreken en bewoners toegang te geven tot informatie, lectuur en andere media.<br>Wilt u meer informatie en gebruik maken van deze gratis service, bel dan de mediatheek op 04 67 39 47 51 of het CCAS op 04 67 39 90 03.  Gratis service het hele jaar door beschikbaar.<\/p>\n<\/div><\/div>\n<\/div>\n<\/div>\n\n\n\n<div class=\"wp-block-group is-style-section-1 has-global-padding is-layout-constrained wp-container-core-group-is-layout-7ececc86 wp-block-group-is-layout-constrained is-style-section-1--10\" style=\"margin-top:var(--wp--preset--spacing--50);margin-bottom:var(--wp--preset--spacing--50);padding-top:var(--wp--preset--spacing--30);padding-right:var(--wp--preset--spacing--30);padding-bottom:var(--wp--preset--spacing--30);padding-left:var(--wp--preset--spacing--30)\">\n<h2 class=\"wp-block-heading has-text-align-center\">Boek uw boeken<\/h2>\n\n\n\n<p class=\"has-text-align-center\">Selecteer en reserveer uw lezingen met uw Mediatheekkaart.<\/p>\n\n\n\n<figure data-wp-context=\"{&quot;imageId&quot;:&quot;69e8b06c56341&quot;}\" data-wp-interactive=\"core\/image\" data-wp-key=\"69e8b06c56341\" class=\"wp-block-image aligncenter size-medium wp-lightbox-container\"><img loading=\"lazy\" decoding=\"async\" width=\"212\" height=\"300\" data-wp-class--hide=\"state.isContentHidden\" data-wp-class--show=\"state.isContentVisible\" data-wp-init=\"callbacks.setButtonStyles\" data-wp-on--click=\"actions.showLightbox\" data-wp-on--load=\"callbacks.setButtonStyles\" data-wp-on-window--resize=\"callbacks.setButtonStyles\" src=\"https:\/\/www.villeneuve-les-beziers.fr\/wp-content\/uploads\/2021\/05\/tutoriel_mam-212x300.jpg\" alt=\"\" class=\"wp-image-5578\" srcset=\"https:\/\/www.villeneuve-les-beziers.fr\/wp-content\/uploads\/2021\/05\/tutoriel_mam-212x300.jpg 212w, https:\/\/www.villeneuve-les-beziers.fr\/wp-content\/uploads\/2021\/05\/tutoriel_mam-724x1024.jpg 724w, https:\/\/www.villeneuve-les-beziers.fr\/wp-content\/uploads\/2021\/05\/tutoriel_mam-768x1086.jpg 768w, https:\/\/www.villeneuve-les-beziers.fr\/wp-content\/uploads\/2021\/05\/tutoriel_mam-1086x1536.jpg 1086w, https:\/\/www.villeneuve-les-beziers.fr\/wp-content\/uploads\/2021\/05\/tutoriel_mam-1448x2048.jpg 1448w, https:\/\/www.villeneuve-les-beziers.fr\/wp-content\/uploads\/2021\/05\/tutoriel_mam-scaled.jpg 1810w\" sizes=\"auto, (max-width: 212px) 100vw, 212px\" \/><button\n\t\t\tclass=\"lightbox-trigger\"\n\t\t\ttype=\"button\"\n\t\t\taria-haspopup=\"dialog\"\n\t\t\taria-label=\"Vergroten\"\n\t\t\tdata-wp-init=\"callbacks.initTriggerButton\"\n\t\t\tdata-wp-on--click=\"actions.showLightbox\"\n\t\t\tdata-wp-style--right=\"state.imageButtonRight\"\n\t\t\tdata-wp-style--top=\"state.imageButtonTop\"\n\t\t>\n\t\t\t<svg xmlns=\"http:\/\/www.w3.org\/2000\/svg\" width=\"12\" height=\"12\" fill=\"none\" viewbox=\"0 0 12 12\">\n\t\t\t\t<path fill=\"#fff\" d=\"M2 0a2 2 0 0 0-2 2v2h1.5V2a.5.5 0 0 1 .5-.5h2V0H2Zm2 10.5H2a.5.5 0 0 1-.5-.5V8H0v2a2 2 0 0 0 2 2h2v-1.5ZM8 12v-1.5h2a.5.5 0 0 0 .5-.5V8H12v2a2 2 0 0 1-2 2H8Zm2-12a2 2 0 0 1 2 2v2h-1.5V2a.5.5 0 0 0-.5-.5H8V0h2Z\" \/>\n\t\t\t<\/svg>\n\t\t<\/button><figcaption class=\"wp-element-caption\">Online reserveren (klik om te vergroten)<\/figcaption><\/figure>\n<\/div>\n\n\n\n<div class=\"wp-block-group has-global-padding is-layout-constrained wp-block-group-is-layout-constrained\" style=\"margin-top:var(--wp--preset--spacing--50);margin-bottom:var(--wp--preset--spacing--50)\">\n<div class=\"wp-block-group is-style-section-1 has-global-padding is-layout-constrained wp-container-core-group-is-layout-80fb368b wp-block-group-is-layout-constrained is-style-section-1--11\" style=\"padding-top:var(--wp--preset--spacing--30);padding-right:var(--wp--preset--spacing--30);padding-bottom:var(--wp--preset--spacing--30);padding-left:var(--wp--preset--spacing--30)\">\n<h2 class=\"wp-block-heading\">Inleiding tot computers<\/h2>\n\n\n\n<p>Hebt u een helpende hand nodig bij uw IT?<\/p>\n\n\n\n<p>Het hele jaar door biedt de mediatheek individuele ondersteuning in de vorm van workshops waar u de basisbeginselen van computers en internet kunt leren. Sessies van 45 minuten tot 1 uur op dinsdag- en donderdagochtend. Het is gratis en onbeperkt, maak gewoon een afspraak!<\/p>\n\n\n\n<p>Informatie op 04.67.39.47.51 of rechtstreeks in de mediatheek.<\/p>\n<\/div>\n<\/div>","protected":false},"excerpt":{"rendered":"<p>La m\u00e9diath\u00e8que Jean Laur\u00e8s de Villeneuve-l\u00e8s-B\u00e9ziers est int\u00e9gr\u00e9e au r\u00e9seau des m\u00e9diath\u00e8ques de la communaut\u00e9 d\u2019agglom\u00e9ration B\u00e9ziers M\u00e9diterran\u00e9e. Situ\u00e9e au sein de la mairie, elle occupe 430 m\u00b2, r\u00e9partie sur 2 niveaux et est ouverte au public depuis le 7 novembre 2006. Infos pratiques Coordonn\u00e9es M\u00e9diath\u00e8que Jean Laur\u00e8s1 rue de la Marianne34420 Villeneuve-l\u00e8s-B\u00e9ziers T\u00e9l : [&hellip;]<\/p>\n","protected":false},"author":1,"featured_media":5582,"parent":501,"menu_order":0,"comment_status":"closed","ping_status":"closed","template":"","meta":{"footnotes":""},"class_list":["post-211","page","type-page","status-publish","has-post-thumbnail","hentry"],"_links":{"self":[{"href":"https:\/\/www.villeneuve-les-beziers.fr\/nl\/wp-json\/wp\/v2\/pages\/211","targetHints":{"allow":["GET"]}}],"collection":[{"href":"https:\/\/www.villeneuve-les-beziers.fr\/nl\/wp-json\/wp\/v2\/pages"}],"about":[{"href":"https:\/\/www.villeneuve-les-beziers.fr\/nl\/wp-json\/wp\/v2\/types\/page"}],"author":[{"embeddable":true,"href":"https:\/\/www.villeneuve-les-beziers.fr\/nl\/wp-json\/wp\/v2\/users\/1"}],"replies":[{"embeddable":true,"href":"https:\/\/www.villeneuve-les-beziers.fr\/nl\/wp-json\/wp\/v2\/comments?post=211"}],"version-history":[{"count":7,"href":"https:\/\/www.villeneuve-les-beziers.fr\/nl\/wp-json\/wp\/v2\/pages\/211\/revisions"}],"predecessor-version":[{"id":20287,"href":"https:\/\/www.villeneuve-les-beziers.fr\/nl\/wp-json\/wp\/v2\/pages\/211\/revisions\/20287"}],"up":[{"embeddable":true,"href":"https:\/\/www.villeneuve-les-beziers.fr\/nl\/wp-json\/wp\/v2\/pages\/501"}],"wp:featuredmedia":[{"embeddable":true,"href":"https:\/\/www.villeneuve-les-beziers.fr\/nl\/wp-json\/wp\/v2\/media\/5582"}],"wp:attachment":[{"href":"https:\/\/www.villeneuve-les-beziers.fr\/nl\/wp-json\/wp\/v2\/media?parent=211"}],"curies":[{"name":"wp","href":"https:\/\/api.w.org\/{rel}","templated":true}]}}