{"id":227,"date":"2019-04-10T11:51:14","date_gmt":"2019-04-10T09:51:14","guid":{"rendered":"http:\/\/localhost\/?page_id=227"},"modified":"2024-11-26T00:59:06","modified_gmt":"2024-11-25T23:59:06","slug":"erfgoed","status":"publish","type":"page","link":"https:\/\/www.villeneuve-les-beziers.fr\/nl\/decouvrir\/patrimoine\/","title":{"rendered":"Erfgoed"},"content":{"rendered":"<h2 class=\"wp-block-heading\">De geschiedenis van Villeneuve-l\u00e8s-B\u00e9ziers<\/h2>\n\n\n\n<p>Met het oog op de toekomst evolueert en moderniseert Villeneuve-L\u00e8s-B\u00e9ziers, maar het weet ook hoe het zijn erfgoed moet bewaren en de charme van weleer moet behouden... De ontwikkeling van de bedrijvenparken P\u00f4le M\u00e9diterran\u00e9e, M\u00e9ridienne en Pech Auriol, de werkzaamheden aan het plein in het centrum en het kruispunt van de stad, om maar een paar veranderingen te noemen, laten zien hoezeer ons dorp aan het veranderen is. Deze veranderingen, die geen ander doel hebben dan Villeneuvois een betere levenskwaliteit te bieden, gaan gepaard met een voortdurende zorg van de gemeente om de schatten van ons verleden te bewaren, zoals blijkt uit de oude foto's. Villeneuve gaat met zijn tijd mee en bewaart zijn schatten terwijl het moderniseert.<\/p>\n\n\n\n<h2 class=\"wp-block-heading\">La Cr\u00e9made of de etymologie van Villeneuve-L\u00e8s-B\u00e9ziers<\/h2>\n\n\n\n<p>Villeneuve komt van: \"nieuwe stad\" (de Latijnse naam \"Villa\", die oorspronkelijk \"landhuis\" of \"boerderij\" betekende, dreef af naar \"gehucht\" of \"dorp\"). Villeneuve werd in 778 gebouwd op onbebouwde grond die deel uitmaakte van het landgoed dat keizer Karel de Grote aan een zekere Valchaire had geschonken. Vroeger heette het \"Villeneuve la Cr\u00e9made\" omdat het platgebrand was door de troepen van Simon de Montfort, en het behield deze naam tot 1631. Het was vanaf deze datum dat de gemeente de naam Villeneuve-L\u00e8s-B\u00e9ziers aannam in de burgerlijke registers. Het woord \"l\u00e8s\" is geen lidwoord maar een voorzetsel dat \"naast, dichtbij\" betekent, afgeleid van de Latijnse wortel \"latus\".<\/p>\n\n\n\n<div class=\"wp-block-group is-style-section-1 has-global-padding is-layout-constrained wp-container-core-group-is-layout-7ececc86 wp-block-group-is-layout-constrained is-style-section-1--1\" style=\"margin-top:var(--wp--preset--spacing--50);margin-bottom:var(--wp--preset--spacing--50);padding-top:var(--wp--preset--spacing--30);padding-right:var(--wp--preset--spacing--30);padding-bottom:var(--wp--preset--spacing--30);padding-left:var(--wp--preset--spacing--30)\">\n<h2 class=\"wp-block-heading has-text-align-center\">Ontdek<\/h2>\n\n\n\n<div class=\"wp-block-query is-layout-flow wp-block-query-is-layout-flow\"><ul class=\"columns-3 wp-block-post-template is-layout-grid wp-container-core-post-template-is-layout-572542b5 wp-block-post-template-is-layout-grid\"><li class=\"wp-block-post post-2513 page type-page status-publish has-post-thumbnail hentry\">\n\n<div class=\"wp-block-group is-vertical is-content-justification-center is-layout-flex wp-container-core-group-is-layout-29607247 wp-block-group-is-layout-flex\" style=\"padding-top:var(--wp--preset--spacing--20);padding-right:var(--wp--preset--spacing--20);padding-bottom:var(--wp--preset--spacing--20);padding-left:var(--wp--preset--spacing--20)\"><figure style=\"aspect-ratio:16\/9;\" class=\"wp-block-post-featured-image\"><a href=\"https:\/\/www.villeneuve-les-beziers.fr\/nl\/decouvrir\/patrimoine\/leglise-saint-etienne\/\" target=\"_self\"  ><img loading=\"lazy\" decoding=\"async\" width=\"1440\" height=\"960\" src=\"https:\/\/www.villeneuve-les-beziers.fr\/wp-content\/uploads\/2019\/05\/eglise2.jpg\" class=\"attachment-post-thumbnail size-post-thumbnail wp-post-image\" alt=\"De kerk van Saint-Etienne\" style=\"width:100%;height:100%;object-fit:cover;\" srcset=\"https:\/\/www.villeneuve-les-beziers.fr\/wp-content\/uploads\/2019\/05\/eglise2.jpg 1440w, https:\/\/www.villeneuve-les-beziers.fr\/wp-content\/uploads\/2019\/05\/eglise2-150x100.jpg 150w, https:\/\/www.villeneuve-les-beziers.fr\/wp-content\/uploads\/2019\/05\/eglise2-300x200.jpg 300w, https:\/\/www.villeneuve-les-beziers.fr\/wp-content\/uploads\/2019\/05\/eglise2-768x512.jpg 768w, https:\/\/www.villeneuve-les-beziers.fr\/wp-content\/uploads\/2019\/05\/eglise2-1024x683.jpg 1024w\" sizes=\"auto, (max-width: 1440px) 100vw, 1440px\" \/><\/a><\/figure>\n\n<h3 class=\"has-text-align-center wp-block-post-title has-large-font-size\"><a href=\"https:\/\/www.villeneuve-les-beziers.fr\/nl\/decouvrir\/patrimoine\/leglise-saint-etienne\/\" target=\"_self\" >De kerk van Saint-Etienne<\/a><\/h3><\/div>\n\n<\/li><li class=\"wp-block-post post-2570 page type-page status-publish has-post-thumbnail hentry\">\n\n<div class=\"wp-block-group is-vertical is-content-justification-center is-layout-flex wp-container-core-group-is-layout-29607247 wp-block-group-is-layout-flex\" style=\"padding-top:var(--wp--preset--spacing--20);padding-right:var(--wp--preset--spacing--20);padding-bottom:var(--wp--preset--spacing--20);padding-left:var(--wp--preset--spacing--20)\"><figure style=\"aspect-ratio:16\/9;\" class=\"wp-block-post-featured-image\"><a href=\"https:\/\/www.villeneuve-les-beziers.fr\/nl\/decouvrir\/patrimoine\/la-tour-du-chateau\/\" target=\"_self\"  ><img loading=\"lazy\" decoding=\"async\" width=\"791\" height=\"505\" src=\"https:\/\/www.villeneuve-les-beziers.fr\/wp-content\/uploads\/2019\/05\/chanteauancien.jpg\" class=\"attachment-post-thumbnail size-post-thumbnail wp-post-image\" alt=\"De kasteeltoren\" style=\"width:100%;height:100%;object-fit:cover;\" srcset=\"https:\/\/www.villeneuve-les-beziers.fr\/wp-content\/uploads\/2019\/05\/chanteauancien.jpg 791w, https:\/\/www.villeneuve-les-beziers.fr\/wp-content\/uploads\/2019\/05\/chanteauancien-150x96.jpg 150w, https:\/\/www.villeneuve-les-beziers.fr\/wp-content\/uploads\/2019\/05\/chanteauancien-300x192.jpg 300w, https:\/\/www.villeneuve-les-beziers.fr\/wp-content\/uploads\/2019\/05\/chanteauancien-768x490.jpg 768w\" sizes=\"auto, (max-width: 791px) 100vw, 791px\" \/><\/a><\/figure>\n\n<h3 class=\"has-text-align-center wp-block-post-title has-large-font-size\"><a href=\"https:\/\/www.villeneuve-les-beziers.fr\/nl\/decouvrir\/patrimoine\/la-tour-du-chateau\/\" target=\"_self\" >De kasteeltoren<\/a><\/h3><\/div>\n\n<\/li><li class=\"wp-block-post post-2532 page type-page status-publish has-post-thumbnail hentry\">\n\n<div class=\"wp-block-group is-vertical is-content-justification-center is-layout-flex wp-container-core-group-is-layout-29607247 wp-block-group-is-layout-flex\" style=\"padding-top:var(--wp--preset--spacing--20);padding-right:var(--wp--preset--spacing--20);padding-bottom:var(--wp--preset--spacing--20);padding-left:var(--wp--preset--spacing--20)\"><figure style=\"aspect-ratio:16\/9;\" class=\"wp-block-post-featured-image\"><a href=\"https:\/\/www.villeneuve-les-beziers.fr\/nl\/decouvrir\/patrimoine\/le-canal-du-midi\/\" target=\"_self\"  ><img loading=\"lazy\" decoding=\"async\" width=\"2560\" height=\"1440\" src=\"https:\/\/www.villeneuve-les-beziers.fr\/wp-content\/uploads\/2024\/11\/slider_003-crop.jpg\" class=\"attachment-post-thumbnail size-post-thumbnail wp-post-image\" alt=\"Het Canal du Midi\" style=\"width:100%;height:100%;object-fit:cover;\" srcset=\"https:\/\/www.villeneuve-les-beziers.fr\/wp-content\/uploads\/2024\/11\/slider_003-crop.jpg 2560w, https:\/\/www.villeneuve-les-beziers.fr\/wp-content\/uploads\/2024\/11\/slider_003-crop-150x84.jpg 150w, https:\/\/www.villeneuve-les-beziers.fr\/wp-content\/uploads\/2024\/11\/slider_003-crop-300x169.jpg 300w, https:\/\/www.villeneuve-les-beziers.fr\/wp-content\/uploads\/2024\/11\/slider_003-crop-768x432.jpg 768w, https:\/\/www.villeneuve-les-beziers.fr\/wp-content\/uploads\/2024\/11\/slider_003-crop-1024x576.jpg 1024w, https:\/\/www.villeneuve-les-beziers.fr\/wp-content\/uploads\/2024\/11\/slider_003-crop-1536x864.jpg 1536w, https:\/\/www.villeneuve-les-beziers.fr\/wp-content\/uploads\/2024\/11\/slider_003-crop-2048x1152.jpg 2048w\" sizes=\"auto, (max-width: 2560px) 100vw, 2560px\" \/><\/a><\/figure>\n\n<h3 class=\"has-text-align-center wp-block-post-title has-large-font-size\"><a href=\"https:\/\/www.villeneuve-les-beziers.fr\/nl\/decouvrir\/patrimoine\/le-canal-du-midi\/\" target=\"_self\" >Het Canal du Midi<\/a><\/h3><\/div>\n\n<\/li><\/ul><\/div>\n<\/div>\n\n\n\n<h2 class=\"wp-block-heading has-text-align-center\">Zie ook<\/h2>\n\n\n\n<div class=\"wp-block-group is-content-justification-center is-nowrap is-layout-flex wp-container-core-group-is-layout-923b238b wp-block-group-is-layout-flex\">\n<div class=\"wp-block-group is-vertical is-content-justification-center is-layout-flex wp-container-core-group-is-layout-ce155fab wp-block-group-is-layout-flex\">\n<h3 class=\"wp-block-heading\"><a href=\"https:\/\/www.grands-sites-occitanie.fr\/grand-site\/canal-du-midi\/\" target=\"_blank\" rel=\"noreferrer noopener\">Grote Sites Occitanie<\/a><\/h3>\n\n\n\n<figure class=\"wp-block-image\"><a href=\"https:\/\/www.grands-sites-occitanie.fr\/grand-site\/canal-du-midi\/\" target=\"_blank\" rel=\" noreferrer noopener\"><img decoding=\"async\" src=\"https:\/\/www.villeneuve-les-beziers.fr\/wp-content\/uploads\/elementor\/thumbs\/GSO-ppyqqw64o0xbmw2o1xawdl4ediit2jjyferu23tngk.jpg\" alt=\"GSO\" title=\"GSO\"\/><\/a><\/figure>\n<\/div>\n\n\n\n<div class=\"wp-block-group is-vertical is-content-justification-center is-layout-flex wp-container-core-group-is-layout-ce155fab wp-block-group-is-layout-flex\">\n<h3 class=\"wp-block-heading\"><a href=\"https:\/\/www.oc-cultura.eu\/\" target=\"_blank\" rel=\"noreferrer noopener\">CIRDOC<\/a><\/h3>\n\n\n\n<figure class=\"wp-block-image\"><a href=\"https:\/\/www.oc-cultura.eu\/\" target=\"_blank\" rel=\" noreferrer noopener\"><img decoding=\"async\" src=\"https:\/\/www.villeneuve-les-beziers.fr\/wp-content\/uploads\/2019\/05\/Logo_cirdoc-1-150x150.png\" alt=\"\"\/><\/a><\/figure>\n<\/div>\n<\/div>","protected":false},"excerpt":{"rendered":"<p>L&rsquo;histoire de Villeneuve-l\u00e8s-B\u00e9ziers Tourn\u00e9e vers l&rsquo;avenir, Villeneuve-L\u00e8s-B\u00e9ziers \u00e9volue, se modernise, mais sait aussi pr\u00e9server son patrimoine et garder le charme d&rsquo;autrefois&#8230; Le d\u00e9veloppement des Parcs d&rsquo;Activit\u00e9s du P\u00f4le M\u00e9diterran\u00e9e, de la M\u00e9ridienne, du Pech Auriol, les travaux d&rsquo;am\u00e9nagement de la place du centre-ville, de la travers\u00e9e de la commune, pour ne citer que quelques-uns des [&hellip;]<\/p>\n","protected":false},"author":1,"featured_media":9486,"parent":8353,"menu_order":0,"comment_status":"closed","ping_status":"closed","template":"","meta":{"footnotes":""},"class_list":["post-227","page","type-page","status-publish","has-post-thumbnail","hentry"],"_links":{"self":[{"href":"https:\/\/www.villeneuve-les-beziers.fr\/nl\/wp-json\/wp\/v2\/pages\/227","targetHints":{"allow":["GET"]}}],"collection":[{"href":"https:\/\/www.villeneuve-les-beziers.fr\/nl\/wp-json\/wp\/v2\/pages"}],"about":[{"href":"https:\/\/www.villeneuve-les-beziers.fr\/nl\/wp-json\/wp\/v2\/types\/page"}],"author":[{"embeddable":true,"href":"https:\/\/www.villeneuve-les-beziers.fr\/nl\/wp-json\/wp\/v2\/users\/1"}],"replies":[{"embeddable":true,"href":"https:\/\/www.villeneuve-les-beziers.fr\/nl\/wp-json\/wp\/v2\/comments?post=227"}],"version-history":[{"count":5,"href":"https:\/\/www.villeneuve-les-beziers.fr\/nl\/wp-json\/wp\/v2\/pages\/227\/revisions"}],"predecessor-version":[{"id":19516,"href":"https:\/\/www.villeneuve-les-beziers.fr\/nl\/wp-json\/wp\/v2\/pages\/227\/revisions\/19516"}],"up":[{"embeddable":true,"href":"https:\/\/www.villeneuve-les-beziers.fr\/nl\/wp-json\/wp\/v2\/pages\/8353"}],"wp:featuredmedia":[{"embeddable":true,"href":"https:\/\/www.villeneuve-les-beziers.fr\/nl\/wp-json\/wp\/v2\/media\/9486"}],"wp:attachment":[{"href":"https:\/\/www.villeneuve-les-beziers.fr\/nl\/wp-json\/wp\/v2\/media?parent=227"}],"curies":[{"name":"wp","href":"https:\/\/api.w.org\/{rel}","templated":true}]}}