{"id":2532,"date":"2019-05-13T09:36:39","date_gmt":"2019-05-13T07:36:39","guid":{"rendered":"http:\/\/localhost\/?page_id=2532"},"modified":"2024-11-26T00:56:08","modified_gmt":"2024-11-25T23:56:08","slug":"het-canal-du-midi","status":"publish","type":"page","link":"https:\/\/www.villeneuve-les-beziers.fr\/nl\/decouvrir\/patrimoine\/le-canal-du-midi\/","title":{"rendered":"Het Canal du Midi"},"content":{"rendered":"<p>Het Canal Royal des Deux Mers, dat de Atlantische Oceaan met de Middellandse Zee verbindt, is een uniek bouwwerk dat in de 17e eeuw in 15 jaar werd aangelegd door Paul RIQUET. Het staat sinds 1996 op de Werelderfgoedlijst van UNESCO en ligt in het hart van ons dorp. De gemeente besteedt daarom bijzondere aandacht aan de bloemperken op de kanaalbrug, de ontwikkeling van het watersportcentrum en de verlichting van de fietspaden, om aan de behoeften van de inwoners en bezoekers van Villeneuve te voldoen.<\/p>\n\n\n\n<p>Aan de ene kant kunnen wandelaars de oevers van het kanaal volgen tot aan B\u00e9ziers, en aan de andere kant kunnen ze genieten van de rust tot aan de zee. Een deel van het fietspad richting Cers is aangelegd. Straatlantaarns ge\u00efnstalleerd door de technische dienst van de gemeente helpen u om op zomeravonden optimaal van deze omgeving te genieten.<\/p>\n\n\n\n<h2 class=\"wp-block-heading\">De bootstop<\/h2>\n\n\n\n<p>Het kanaal werd in 1681 opengesteld voor de scheepvaart en was een veel gebruikte communicatieroute die bijdroeg aan de ontwikkeling van de handel in de Languedoc. Tegenwoordig wordt het gebruikt door het riviertoerisme, dat nog steeds groeit. Deze 240 km lange waterweg is een ongebruikelijke manier om de regio te ontdekken. Als u over het water aankomt, nodigt Villeneuve-l\u00e8s-B\u00e9ziers u uit om aan te meren in de beschermde jachthaven. Drinkwater en sanitaire voorzieningen zijn beschikbaar.<\/p>\n\n\n\n<figure class=\"wp-block-image size-large\"><img loading=\"lazy\" decoding=\"async\" width=\"1024\" height=\"683\" src=\"https:\/\/www.villeneuve-les-beziers.fr\/wp-content\/uploads\/2019\/05\/haltenautique-1024x683.jpg\" alt=\"\" class=\"wp-image-2555\" srcset=\"https:\/\/www.villeneuve-les-beziers.fr\/wp-content\/uploads\/2019\/05\/haltenautique-1024x683.jpg 1024w, https:\/\/www.villeneuve-les-beziers.fr\/wp-content\/uploads\/2019\/05\/haltenautique-300x200.jpg 300w, https:\/\/www.villeneuve-les-beziers.fr\/wp-content\/uploads\/2019\/05\/haltenautique-768x512.jpg 768w, https:\/\/www.villeneuve-les-beziers.fr\/wp-content\/uploads\/2019\/05\/haltenautique.jpg 1440w\" sizes=\"auto, (max-width: 1024px) 100vw, 1024px\" \/><\/figure>\n\n\n\n<h2 class=\"wp-block-heading\">Het slot<\/h2>\n\n\n\n<div class=\"wp-block-columns are-vertically-aligned-center is-layout-flex wp-container-core-columns-is-layout-28f84493 wp-block-columns-is-layout-flex\">\n<div class=\"wp-block-column is-vertically-aligned-center is-layout-flow wp-block-column-is-layout-flow\">\n<figure data-wp-context=\"{&quot;imageId&quot;:&quot;69f37b4206e14&quot;}\" data-wp-interactive=\"core\/image\" data-wp-key=\"69f37b4206e14\" class=\"wp-block-image size-full wp-lightbox-container\"><img loading=\"lazy\" decoding=\"async\" width=\"560\" height=\"373\" data-wp-class--hide=\"state.isContentHidden\" data-wp-class--show=\"state.isContentVisible\" data-wp-init=\"callbacks.setButtonStyles\" data-wp-on--click=\"actions.showLightbox\" data-wp-on--load=\"callbacks.setButtonStyles\" data-wp-on-window--resize=\"callbacks.setButtonStyles\" src=\"https:\/\/www.villeneuve-les-beziers.fr\/wp-content\/uploads\/2019\/05\/ecluse.jpg\" alt=\"\" class=\"wp-image-2562\" srcset=\"https:\/\/www.villeneuve-les-beziers.fr\/wp-content\/uploads\/2019\/05\/ecluse.jpg 560w, https:\/\/www.villeneuve-les-beziers.fr\/wp-content\/uploads\/2019\/05\/ecluse-300x200.jpg 300w\" sizes=\"auto, (max-width: 560px) 100vw, 560px\" \/><button\n\t\t\tclass=\"lightbox-trigger\"\n\t\t\ttype=\"button\"\n\t\t\taria-haspopup=\"dialog\"\n\t\t\taria-label=\"Vergroten\"\n\t\t\tdata-wp-init=\"callbacks.initTriggerButton\"\n\t\t\tdata-wp-on--click=\"actions.showLightbox\"\n\t\t\tdata-wp-style--right=\"state.imageButtonRight\"\n\t\t\tdata-wp-style--top=\"state.imageButtonTop\"\n\t\t>\n\t\t\t<svg xmlns=\"http:\/\/www.w3.org\/2000\/svg\" width=\"12\" height=\"12\" fill=\"none\" viewbox=\"0 0 12 12\">\n\t\t\t\t<path fill=\"#fff\" d=\"M2 0a2 2 0 0 0-2 2v2h1.5V2a.5.5 0 0 1 .5-.5h2V0H2Zm2 10.5H2a.5.5 0 0 1-.5-.5V8H0v2a2 2 0 0 0 2 2h2v-1.5ZM8 12v-1.5h2a.5.5 0 0 0 .5-.5V8H12v2a2 2 0 0 1-2 2H8Zm2-12a2 2 0 0 1 2 2v2h-1.5V2a.5.5 0 0 0-.5-.5H8V0h2Z\" \/>\n\t\t\t<\/svg>\n\t\t<\/button><\/figure>\n<\/div>\n\n\n\n<div class=\"wp-block-column is-vertically-aligned-center is-layout-flow wp-block-column-is-layout-flow\">\n<p>De sluis, die van hout was toen het Canal du Midi werd gebouwd, is later gerenoveerd en heeft nu een metalen structuur, net als alle sluizen op het Canal Royal des Deux Mers.<\/p>\n<\/div>\n<\/div>\n\n\n\n<h2 class=\"wp-block-heading\">De kanaalbrug<\/h2>\n\n\n\n<figure data-wp-context=\"{&quot;imageId&quot;:&quot;69f37b4207141&quot;}\" data-wp-interactive=\"core\/image\" data-wp-key=\"69f37b4207141\" class=\"wp-block-image size-large wp-lightbox-container\"><img loading=\"lazy\" decoding=\"async\" width=\"1024\" height=\"683\" data-wp-class--hide=\"state.isContentHidden\" data-wp-class--show=\"state.isContentVisible\" data-wp-init=\"callbacks.setButtonStyles\" data-wp-on--click=\"actions.showLightbox\" data-wp-on--load=\"callbacks.setButtonStyles\" data-wp-on-window--resize=\"callbacks.setButtonStyles\" src=\"https:\/\/www.villeneuve-les-beziers.fr\/wp-content\/uploads\/2019\/04\/IMG_2116-1024x683.jpg\" alt=\"\" class=\"wp-image-13\" srcset=\"https:\/\/www.villeneuve-les-beziers.fr\/wp-content\/uploads\/2019\/04\/IMG_2116-1024x683.jpg 1024w, https:\/\/www.villeneuve-les-beziers.fr\/wp-content\/uploads\/2019\/04\/IMG_2116-150x100.jpg 150w, https:\/\/www.villeneuve-les-beziers.fr\/wp-content\/uploads\/2019\/04\/IMG_2116-1536x1024.jpg 1536w, https:\/\/www.villeneuve-les-beziers.fr\/wp-content\/uploads\/2019\/04\/IMG_2116-300x200.jpg 300w, https:\/\/www.villeneuve-les-beziers.fr\/wp-content\/uploads\/2019\/04\/IMG_2116-768x512.jpg 768w, https:\/\/www.villeneuve-les-beziers.fr\/wp-content\/uploads\/2019\/04\/IMG_2116.jpg 1800w\" sizes=\"auto, (max-width: 1024px) 100vw, 1024px\" \/><button\n\t\t\tclass=\"lightbox-trigger\"\n\t\t\ttype=\"button\"\n\t\t\taria-haspopup=\"dialog\"\n\t\t\taria-label=\"Vergroten\"\n\t\t\tdata-wp-init=\"callbacks.initTriggerButton\"\n\t\t\tdata-wp-on--click=\"actions.showLightbox\"\n\t\t\tdata-wp-style--right=\"state.imageButtonRight\"\n\t\t\tdata-wp-style--top=\"state.imageButtonTop\"\n\t\t>\n\t\t\t<svg xmlns=\"http:\/\/www.w3.org\/2000\/svg\" width=\"12\" height=\"12\" fill=\"none\" viewbox=\"0 0 12 12\">\n\t\t\t\t<path fill=\"#fff\" d=\"M2 0a2 2 0 0 0-2 2v2h1.5V2a.5.5 0 0 1 .5-.5h2V0H2Zm2 10.5H2a.5.5 0 0 1-.5-.5V8H0v2a2 2 0 0 0 2 2h2v-1.5ZM8 12v-1.5h2a.5.5 0 0 0 .5-.5V8H12v2a2 2 0 0 1-2 2H8Zm2-12a2 2 0 0 1 2 2v2h-1.5V2a.5.5 0 0 0-.5-.5H8V0h2Z\" \/>\n\t\t\t<\/svg>\n\t\t<\/button><\/figure>\n\n\n\n<p>De Pont-Canal is de onmisbare doorgang naar het dorpscentrum. Met zijn bloemen en versieringen dragen hij en het kanaal bij aan de charme van Villeneuve-L\u00e8s-B\u00e9ziers.<\/p>","protected":false},"excerpt":{"rendered":"<p>Reliant l&rsquo;oc\u00e9an Atlantique \u00e0 la mer M\u00e9diterran\u00e9e, le Canal Royal des Deux Mers est un ouvrage unique, construit au XVII\u00e8me si\u00e8cle, durant 15 ans, par Paul RIQUET. Class\u00e9 au patrimoine mondial de l&rsquo;UNESCO depuis 1996, il est au coeur de notre village. Aussi, la municipalit\u00e9 porte une attention particuli\u00e8re au fleurissement du Pont Canal, l&rsquo;am\u00e9nagement [&hellip;]<\/p>\n","protected":false},"author":1,"featured_media":19395,"parent":227,"menu_order":0,"comment_status":"closed","ping_status":"closed","template":"","meta":{"footnotes":""},"class_list":["post-2532","page","type-page","status-publish","has-post-thumbnail","hentry"],"_links":{"self":[{"href":"https:\/\/www.villeneuve-les-beziers.fr\/nl\/wp-json\/wp\/v2\/pages\/2532","targetHints":{"allow":["GET"]}}],"collection":[{"href":"https:\/\/www.villeneuve-les-beziers.fr\/nl\/wp-json\/wp\/v2\/pages"}],"about":[{"href":"https:\/\/www.villeneuve-les-beziers.fr\/nl\/wp-json\/wp\/v2\/types\/page"}],"author":[{"embeddable":true,"href":"https:\/\/www.villeneuve-les-beziers.fr\/nl\/wp-json\/wp\/v2\/users\/1"}],"replies":[{"embeddable":true,"href":"https:\/\/www.villeneuve-les-beziers.fr\/nl\/wp-json\/wp\/v2\/comments?post=2532"}],"version-history":[{"count":2,"href":"https:\/\/www.villeneuve-les-beziers.fr\/nl\/wp-json\/wp\/v2\/pages\/2532\/revisions"}],"predecessor-version":[{"id":19513,"href":"https:\/\/www.villeneuve-les-beziers.fr\/nl\/wp-json\/wp\/v2\/pages\/2532\/revisions\/19513"}],"up":[{"embeddable":true,"href":"https:\/\/www.villeneuve-les-beziers.fr\/nl\/wp-json\/wp\/v2\/pages\/227"}],"wp:featuredmedia":[{"embeddable":true,"href":"https:\/\/www.villeneuve-les-beziers.fr\/nl\/wp-json\/wp\/v2\/media\/19395"}],"wp:attachment":[{"href":"https:\/\/www.villeneuve-les-beziers.fr\/nl\/wp-json\/wp\/v2\/media?parent=2532"}],"curies":[{"name":"wp","href":"https:\/\/api.w.org\/{rel}","templated":true}]}}