{"id":3869,"date":"2019-10-01T16:40:22","date_gmt":"2019-10-01T14:40:22","guid":{"rendered":"http:\/\/www.villeneuve-les-beziers.fr\/?page_id=3869"},"modified":"2025-08-14T11:08:15","modified_gmt":"2025-08-14T09:08:15","slug":"huurvergunning","status":"publish","type":"page","link":"https:\/\/www.villeneuve-les-beziers.fr\/nl\/vie-pratique\/urbanisme\/permis-de-louer\/","title":{"rendered":"Vergunningen te huur"},"content":{"rendered":"<h2 class=\"wp-block-heading\">VOORAFGAANDE TOESTEMMING OM EEN WONING TE VERHUREN<\/h2>\n\n\n\n<p>De Communaut\u00e9 d'Agglom\u00e9ration B\u00e9ziers M\u00e9diterran\u00e9e heeft een \"huurvergunning\"-regeling ingevoerd om ondermaatse huisvesting tegen te gaan. De gemeente Villeneuve heeft deze regeling aangenomen binnen een bepaald gebied (zie kaart).<\/p>\n\n\n\n<p>Deze voorafgaande toestemming wordt door de Communaut\u00e9 d'Agglom\u00e9ration afgegeven aan eigenaren die een nieuwe verhuur van hun woning willen lanceren.<\/p>\n\n\n\n<p>Als uw woning binnen het gebied valt dat onder de regeling valt en u van huurder verandert, moet u vooraf toestemming aanvragen om de woning te verhuren.<\/p>\n\n\n\n<p>U kunt contact opnemen met het Agence de l'Habitat als u vragen heeft over de regeling. Een technicus zal de woning inspecteren. Toestemming om de woning te verhuren kan worden verleend, onder voorwaarden of geweigerd. De beslissing om toestemming te weigeren of te verlenen moet gemotiveerd worden en de aard van de vereiste werkzaamheden of verbeteringen specificeren.<\/p>\n\n\n\n<p><strong><a href=\"http:\/\/www.villeneuve-les-beziers.fr\/wp-content\/uploads\/2021\/05\/20210520090750407.pdf\" target=\"_blank\" rel=\"noopener noreferrer nofollow\">Het besluit van de Gemeenschap van 20 februari 21<\/a><\/strong> waarin de uitbreiding van het huurvergunningstelsel in VILLENEUVE-LES-BEZIERS wordt vastgelegd.<\/p>\n\n\n\n<p>Deze resolutie valideert :<\/p>\n\n\n\n<ul class=\"wp-block-list\">\n<li>Het cre\u00ebren van een nieuw afgebakend gebied in de gemeente,<\/li>\n\n\n\n<li>De invoering van voorafgaande toestemming voor het verhuren van een woning in het hele gebied,<\/li>\n\n\n\n<li>De regeling wordt op 1 januari van kracht.<sup>er<\/sup> September 2021.<\/li>\n<\/ul>\n\n\n\n<p>Contactgegevens<\/p>\n\n\n\n<p>Agence de l'Habitat, 1 Avenue du Pr\u00e9sident Wilson, 34500 BEZIERS<br>Tel.: 04.99.41.34.94<br>Mail :&nbsp;<a href=\"mailto:agencehabitat@beziers-mediterranee.fr\">agencehabitat@beziers-mediterranee.fr<\/a><\/p>\n\n\n\n<p>Cerfa vorm :&nbsp;<a href=\"https:\/\/www.formulaires.service-public.fr\/gf\/cerfa_15652.do\" target=\"_blank\" rel=\"noreferrer noopener\">cerfa nr. 15652*01<\/a><\/p>\n\n\n\n<p>&nbsp;<\/p>\n\n\n\n<figure class=\"wp-block-image size-large\"><img loading=\"lazy\" decoding=\"async\" width=\"1024\" height=\"720\" src=\"https:\/\/www.villeneuve-les-beziers.fr\/wp-content\/uploads\/2021\/05\/Capture-decran-2021-05-20-a-15.56.17-1024x720.png\" alt=\"\" class=\"wp-image-5627\" srcset=\"https:\/\/www.villeneuve-les-beziers.fr\/wp-content\/uploads\/2021\/05\/Capture-decran-2021-05-20-a-15.56.17-1024x720.png 1024w, https:\/\/www.villeneuve-les-beziers.fr\/wp-content\/uploads\/2021\/05\/Capture-decran-2021-05-20-a-15.56.17-150x106.png 150w, https:\/\/www.villeneuve-les-beziers.fr\/wp-content\/uploads\/2021\/05\/Capture-decran-2021-05-20-a-15.56.17-300x211.png 300w, https:\/\/www.villeneuve-les-beziers.fr\/wp-content\/uploads\/2021\/05\/Capture-decran-2021-05-20-a-15.56.17-768x540.png 768w, https:\/\/www.villeneuve-les-beziers.fr\/wp-content\/uploads\/2021\/05\/Capture-decran-2021-05-20-a-15.56.17-1536x1081.png 1536w, https:\/\/www.villeneuve-les-beziers.fr\/wp-content\/uploads\/2021\/05\/Capture-decran-2021-05-20-a-15.56.17-2048x1441.png 2048w\" sizes=\"auto, (max-width: 1024px) 100vw, 1024px\" \/><\/figure>\n\n\n\n<p><a data-elementor-open-lightbox=\"yes\" data-elementor-lightbox-title=\"Capture d\u2019\u00e9cran 2021-05-20 \u00e0 15.56.17\" href=\"http:\/\/www.villeneuve-les-beziers.fr\/wp-content\/uploads\/2021\/05\/Capture-decran-2021-05-20-a-15.56.17.png\" target=\"_blank\" rel=\"noopener noreferrer nofollow\"><br><\/a><\/p>","protected":false},"excerpt":{"rendered":"<p>L&rsquo;AUTORISATION PR\u00c9ALABLE DE MISE EN LOCATION D&rsquo;UN LOGEMENT La Communaut\u00e9 d\u2019Agglom\u00e9ration B\u00e9ziers M\u00e9diterran\u00e9e a instaur\u00e9 le dispositif \u00ab&nbsp;permis de louer&nbsp;\u00bb afin de lutter contre l\u2019habitat indigne. La commune de Villeneuve a&nbsp;adopt\u00e9 ce dispositif sur un p\u00e9rim\u00e8tre donn\u00e9 (cf. plan). Cette autorisation&nbsp;pr\u00e9alable est d\u00e9livr\u00e9e par la communaut\u00e9 d\u2019agglom\u00e9ration aux propri\u00e9taires qui souhaitent lancer une nouvelle location [&hellip;]<\/p>\n","protected":false},"author":1,"featured_media":5627,"parent":204,"menu_order":0,"comment_status":"closed","ping_status":"closed","template":"","meta":{"footnotes":""},"class_list":["post-3869","page","type-page","status-publish","has-post-thumbnail","hentry"],"_links":{"self":[{"href":"https:\/\/www.villeneuve-les-beziers.fr\/nl\/wp-json\/wp\/v2\/pages\/3869","targetHints":{"allow":["GET"]}}],"collection":[{"href":"https:\/\/www.villeneuve-les-beziers.fr\/nl\/wp-json\/wp\/v2\/pages"}],"about":[{"href":"https:\/\/www.villeneuve-les-beziers.fr\/nl\/wp-json\/wp\/v2\/types\/page"}],"author":[{"embeddable":true,"href":"https:\/\/www.villeneuve-les-beziers.fr\/nl\/wp-json\/wp\/v2\/users\/1"}],"replies":[{"embeddable":true,"href":"https:\/\/www.villeneuve-les-beziers.fr\/nl\/wp-json\/wp\/v2\/comments?post=3869"}],"version-history":[{"count":1,"href":"https:\/\/www.villeneuve-les-beziers.fr\/nl\/wp-json\/wp\/v2\/pages\/3869\/revisions"}],"predecessor-version":[{"id":20293,"href":"https:\/\/www.villeneuve-les-beziers.fr\/nl\/wp-json\/wp\/v2\/pages\/3869\/revisions\/20293"}],"up":[{"embeddable":true,"href":"https:\/\/www.villeneuve-les-beziers.fr\/nl\/wp-json\/wp\/v2\/pages\/204"}],"wp:featuredmedia":[{"embeddable":true,"href":"https:\/\/www.villeneuve-les-beziers.fr\/nl\/wp-json\/wp\/v2\/media\/5627"}],"wp:attachment":[{"href":"https:\/\/www.villeneuve-les-beziers.fr\/nl\/wp-json\/wp\/v2\/media?parent=3869"}],"curies":[{"name":"wp","href":"https:\/\/api.w.org\/{rel}","templated":true}]}}