{"id":5891,"date":"2021-08-04T16:30:58","date_gmt":"2021-08-04T14:30:58","guid":{"rendered":"http:\/\/www.villeneuve-les-beziers.fr\/?page_id=5891"},"modified":"2025-01-08T09:14:55","modified_gmt":"2025-01-08T08:14:55","slug":"voedselhulp","status":"publish","type":"page","link":"https:\/\/www.villeneuve-les-beziers.fr\/nl\/mon-quotidien\/ccas\/aide-alimentaire\/","title":{"rendered":"Voedselhulp CCAS de Villeneuve-l\u00e8s-B\u00e9ziers"},"content":{"rendered":"<p>In samenwerking met de Banque Alimentaire de l'H\u00e9rault kan het CCAS van Villeneuve-l\u00e8s-B\u00e9ziers u helpen.<\/p>\n\n\n\n<p><strong>Aanvragen voor voedselhulp, 1<sup>tijdperk<\/sup> aanvragen of verlengingen, zijn verkrijgbaar bij de receptie van het CCAS of kunnen hier gedownload worden en afgegeven worden bij het CCAS op het stadhuis.<\/strong><\/p>\n\n\n\n<p><strong><a href=\"https:\/\/www.villeneuve-les-beziers.fr\/wp-content\/uploads\/2021\/08\/reglementinterieur.pdf\">\u21d2Interne regels<\/a><\/strong><br><strong><a href=\"https:\/\/www.villeneuve-les-beziers.fr\/wp-content\/uploads\/2021\/08\/reglementinterieur.pdf\">\u21d2<\/a><a href=\"https:\/\/www.villeneuve-les-beziers.fr\/wp-content\/uploads\/2021\/08\/beneficiaire_charte.pdf\">Charter van de begunstigde<\/a><\/strong><br><strong><a href=\"https:\/\/www.villeneuve-les-beziers.fr\/wp-content\/uploads\/2021\/08\/reglementinterieur.pdf\">\u21d2<\/a><a href=\"https:\/\/www.villeneuve-les-beziers.fr\/wp-content\/uploads\/2021\/08\/dossier-demande.pdf\">Toepassingsdossier<\/a><\/strong><\/p>","protected":false},"excerpt":{"rendered":"<p>In samenwerking met de Banque Alimentaire de l'H\u00e9rault kan het CCAS van Villeneuve-l\u00e8s-B\u00e9ziers u helpen. Aanvraagformulieren voor Voedselhulp, 1e aanvraag of verlenging, zijn verkrijgbaar bij de receptie van het CCAS of kunnen hier gedownload worden en afgegeven worden bij het CCAS, in het gemeentehuis. \u21d2R\u00e8glement int\u00e9rieur\u21d2Charte du b\u00e9n\u00e9ficiaire\u21d2Dossier de demande<\/p>","protected":false},"author":1,"featured_media":18255,"parent":14883,"menu_order":0,"comment_status":"closed","ping_status":"closed","template":"","meta":{"footnotes":""},"class_list":["post-5891","page","type-page","status-publish","has-post-thumbnail","hentry"],"_links":{"self":[{"href":"https:\/\/www.villeneuve-les-beziers.fr\/nl\/wp-json\/wp\/v2\/pages\/5891","targetHints":{"allow":["GET"]}}],"collection":[{"href":"https:\/\/www.villeneuve-les-beziers.fr\/nl\/wp-json\/wp\/v2\/pages"}],"about":[{"href":"https:\/\/www.villeneuve-les-beziers.fr\/nl\/wp-json\/wp\/v2\/types\/page"}],"author":[{"embeddable":true,"href":"https:\/\/www.villeneuve-les-beziers.fr\/nl\/wp-json\/wp\/v2\/users\/1"}],"replies":[{"embeddable":true,"href":"https:\/\/www.villeneuve-les-beziers.fr\/nl\/wp-json\/wp\/v2\/comments?post=5891"}],"version-history":[{"count":2,"href":"https:\/\/www.villeneuve-les-beziers.fr\/nl\/wp-json\/wp\/v2\/pages\/5891\/revisions"}],"predecessor-version":[{"id":19663,"href":"https:\/\/www.villeneuve-les-beziers.fr\/nl\/wp-json\/wp\/v2\/pages\/5891\/revisions\/19663"}],"up":[{"embeddable":true,"href":"https:\/\/www.villeneuve-les-beziers.fr\/nl\/wp-json\/wp\/v2\/pages\/14883"}],"wp:featuredmedia":[{"embeddable":true,"href":"https:\/\/www.villeneuve-les-beziers.fr\/nl\/wp-json\/wp\/v2\/media\/18255"}],"wp:attachment":[{"href":"https:\/\/www.villeneuve-les-beziers.fr\/nl\/wp-json\/wp\/v2\/media?parent=5891"}],"curies":[{"name":"wp","href":"https:\/\/api.w.org\/{rel}","templated":true}]}}