{"id":6558,"date":"2022-02-03T10:19:15","date_gmt":"2022-02-03T09:19:15","guid":{"rendered":"http:\/\/www.villeneuve-les-beziers.fr\/?page_id=6558"},"modified":"2024-11-26T10:38:50","modified_gmt":"2024-11-26T09:38:50","slug":"dematerialisatie-van-planningsaanvragen","status":"publish","type":"page","link":"https:\/\/www.villeneuve-les-beziers.fr\/nl\/vie-pratique\/urbanisme\/dematerialisation-des-dossiers-durbanisme\/","title":{"rendered":"Dematerialisatie van stedenbouwkundige dossiers"},"content":{"rendered":"<p class=\"has-text-align-center\"><b>Dematerialisatie van stedenbouwkundige dossiers:<br>Guichet Num\u00e9rique des Autorisations d'Urbanisme (GNAU - Digitaal loket voor stedenbouwkundige vergunningen) - (in het Frans)<br>tot 1<sup>er<\/sup> Januari 2022<br><\/b><\/p>\n\n\n\n<p><strong>Ge\u00efmplementeerd op 1<sup>er<\/sup> Op 1 januari 2022 zal er een teledienst worden opgezet zodat mensen hun zaak elektronisch aan de autoriteiten kunnen voorleggen.\u00a0<\/strong><\/p>\n\n\n\n<p>GNAU :\u00a0<a href=\"https:\/\/gnau.beziers-mediterranee.fr\/gnau\/#\/\" target=\"_blank\" rel=\"noopener noreferrer nofollow\">https:\/\/gnau.beziers-mediterranee.fr\/gnau<\/a><\/p>\n\n\n\n<p><b>&nbsp;<\/b>&gt; <a href=\"http:\/\/www.villeneuve-les-beziers.fr\/wp-content\/uploads\/2021\/10\/PLAQUETTE-URBA.pdf\" target=\"_blank\" rel=\"noopener\">GNAU informatiedocumentatie<\/a><\/p>\n\n\n\n<p>De GNAU is een praktischere, toegankelijkere, snellere, milieuvriendelijkere en veiligere oplossing voor het indienen van wettelijke planningsaanvragen bij het gemeentehuis.<\/p>\n\n\n\n<p>Deze nieuwe online service omvat alle aanvragen voor bouwvergunningen, van de meest routinematige tot de meest technische.<\/p>\n\n\n\n<p>&nbsp;<\/p>\n\n\n\n<figure data-wp-context=\"{&quot;imageId&quot;:&quot;69f434ed60c1c&quot;}\" data-wp-interactive=\"core\/image\" data-wp-key=\"69f434ed60c1c\" class=\"wp-block-image size-large wp-lightbox-container\"><img loading=\"lazy\" decoding=\"async\" width=\"1024\" height=\"434\" data-wp-class--hide=\"state.isContentHidden\" data-wp-class--show=\"state.isContentVisible\" data-wp-init=\"callbacks.setButtonStyles\" data-wp-on--click=\"actions.showLightbox\" data-wp-on--load=\"callbacks.setButtonStyles\" data-wp-on-window--resize=\"callbacks.setButtonStyles\" src=\"https:\/\/www.villeneuve-les-beziers.fr\/wp-content\/uploads\/2021\/12\/dematurba-1024x434.png\" alt=\"\" class=\"wp-image-6360\" srcset=\"https:\/\/www.villeneuve-les-beziers.fr\/wp-content\/uploads\/2021\/12\/dematurba-1024x434.png 1024w, https:\/\/www.villeneuve-les-beziers.fr\/wp-content\/uploads\/2021\/12\/dematurba-150x64.png 150w, https:\/\/www.villeneuve-les-beziers.fr\/wp-content\/uploads\/2021\/12\/dematurba-300x127.png 300w, https:\/\/www.villeneuve-les-beziers.fr\/wp-content\/uploads\/2021\/12\/dematurba-768x325.png 768w, https:\/\/www.villeneuve-les-beziers.fr\/wp-content\/uploads\/2021\/12\/dematurba-1536x651.png 1536w, https:\/\/www.villeneuve-les-beziers.fr\/wp-content\/uploads\/2021\/12\/dematurba-2048x867.png 2048w\" sizes=\"auto, (max-width: 1024px) 100vw, 1024px\" \/><button\n\t\t\tclass=\"lightbox-trigger\"\n\t\t\ttype=\"button\"\n\t\t\taria-haspopup=\"dialog\"\n\t\t\taria-label=\"Vergroten\"\n\t\t\tdata-wp-init=\"callbacks.initTriggerButton\"\n\t\t\tdata-wp-on--click=\"actions.showLightbox\"\n\t\t\tdata-wp-style--right=\"state.imageButtonRight\"\n\t\t\tdata-wp-style--top=\"state.imageButtonTop\"\n\t\t>\n\t\t\t<svg xmlns=\"http:\/\/www.w3.org\/2000\/svg\" width=\"12\" height=\"12\" fill=\"none\" viewbox=\"0 0 12 12\">\n\t\t\t\t<path fill=\"#fff\" d=\"M2 0a2 2 0 0 0-2 2v2h1.5V2a.5.5 0 0 1 .5-.5h2V0H2Zm2 10.5H2a.5.5 0 0 1-.5-.5V8H0v2a2 2 0 0 0 2 2h2v-1.5ZM8 12v-1.5h2a.5.5 0 0 0 .5-.5V8H12v2a2 2 0 0 1-2 2H8Zm2-12a2 2 0 0 1 2 2v2h-1.5V2a.5.5 0 0 0-.5-.5H8V0h2Z\" \/>\n\t\t\t<\/svg>\n\t\t<\/button><\/figure>","protected":false},"excerpt":{"rendered":"<p>D\u00e9mat\u00e9rialisation des dossiers d&rsquo;urbanisme :Guichet Num\u00e9rique des Autorisations d&rsquo;Urbanisme (GNAU) &#8211;au 1er Janvier 2022 Mise en place au 1er janvier 2022 du t\u00e9l\u00e9service\u00a0afin que le droit de saisir l&rsquo;administration par voie \u00a0 \u00a0\u00e9lectronique puisse s&rsquo;exercer.\u00a0 GNAU :\u00a0https:\/\/gnau.beziers-mediterranee.fr\/gnau &nbsp;&gt; Documentation d&rsquo;information du GNAU Le GNAU est une solution \u00e0 la fois plus pratique, plus accessible, plus [&hellip;]<\/p>\n","protected":false},"author":1,"featured_media":6360,"parent":204,"menu_order":0,"comment_status":"closed","ping_status":"closed","template":"","meta":{"footnotes":""},"class_list":["post-6558","page","type-page","status-publish","has-post-thumbnail","hentry"],"_links":{"self":[{"href":"https:\/\/www.villeneuve-les-beziers.fr\/nl\/wp-json\/wp\/v2\/pages\/6558","targetHints":{"allow":["GET"]}}],"collection":[{"href":"https:\/\/www.villeneuve-les-beziers.fr\/nl\/wp-json\/wp\/v2\/pages"}],"about":[{"href":"https:\/\/www.villeneuve-les-beziers.fr\/nl\/wp-json\/wp\/v2\/types\/page"}],"author":[{"embeddable":true,"href":"https:\/\/www.villeneuve-les-beziers.fr\/nl\/wp-json\/wp\/v2\/users\/1"}],"replies":[{"embeddable":true,"href":"https:\/\/www.villeneuve-les-beziers.fr\/nl\/wp-json\/wp\/v2\/comments?post=6558"}],"version-history":[{"count":1,"href":"https:\/\/www.villeneuve-les-beziers.fr\/nl\/wp-json\/wp\/v2\/pages\/6558\/revisions"}],"predecessor-version":[{"id":19528,"href":"https:\/\/www.villeneuve-les-beziers.fr\/nl\/wp-json\/wp\/v2\/pages\/6558\/revisions\/19528"}],"up":[{"embeddable":true,"href":"https:\/\/www.villeneuve-les-beziers.fr\/nl\/wp-json\/wp\/v2\/pages\/204"}],"wp:featuredmedia":[{"embeddable":true,"href":"https:\/\/www.villeneuve-les-beziers.fr\/nl\/wp-json\/wp\/v2\/media\/6360"}],"wp:attachment":[{"href":"https:\/\/www.villeneuve-les-beziers.fr\/nl\/wp-json\/wp\/v2\/media?parent=6558"}],"curies":[{"name":"wp","href":"https:\/\/api.w.org\/{rel}","templated":true}]}}