{"id":818,"date":"2019-04-12T16:37:49","date_gmt":"2019-04-12T14:37:49","guid":{"rendered":"http:\/\/localhost\/?page_id=818"},"modified":"2026-03-24T09:56:07","modified_gmt":"2026-03-24T08:56:07","slug":"plan-lokaal-durbanisme-plu","status":"publish","type":"page","link":"https:\/\/www.villeneuve-les-beziers.fr\/nl\/vie-pratique\/urbanisme\/plan-local-durbanisme-plu\/","title":{"rendered":"Lokaal stedenbouwkundig plan"},"content":{"rendered":"<p>Het bestemmingsplan voor de lokale stad (PLU) is de opvolger van het bestemmingsplan (P.O.S). Het herziene PLU werd op 23 februari 2026 door de gemeenteraad goedgekeurd. <strong>De volledige P.L.U. kan worden geraadpleegd op de website <a style=\"color: #000000;\" href=\"https:\/\/www.geoportail-urbanisme.gouv.fr\/\" target=\"_blank\" rel=\"noopener noreferrer nofollow\">geoportaal<\/a>.<\/strong><\/p>\n\n\n\n<p><a role=\"button\" href=\"https:\/\/www.geoportail-urbanisme.gouv.fr\/\" target=\"_blank\" rel=\"noopener noreferrer nofollow\"><br>Raadpleeg de PLU online<\/a><\/p>\n\n\n\n<p><a role=\"button\" href=\"https:\/\/www.geoportail-urbanisme.gouv.fr\/\" target=\"_blank\" rel=\"noopener noreferrer nofollow\"><br><\/a><a href=\"https:\/\/www.villeneuve-les-beziers.fr\/wp-content\/uploads\/2026\/03\/2026-16-Approbation-de-la-revision-generale-du-PLU.pdf\"><strong>Beraadslaging van 23 februari 2026<\/strong><\/a><\/p>\n\n\n\n<p><strong><a href=\"https:\/\/www.villeneuve-les-beziers.fr\/wp-content\/uploads\/2026\/03\/Piece-0-PG-GeneraleListe-Pieces-PLU.pdf\">Deel 0 - Algemeen PG&amp;Lijst van PLU-onderdelen<\/a><\/strong><\/p>\n\n\n\n<p><a href=\"https:\/\/www.villeneuve-les-beziers.fr\/wp-content\/uploads\/2026\/03\/Piece-1-Rapport-de-presentation-VLBZ-2026-modif-pour-appro_compressed.pdf\"><strong>Deel 1 - Presentatieverslag<\/strong><\/a><\/p>\n\n\n\n<p><strong><a href=\"https:\/\/www.villeneuve-les-beziers.fr\/wp-content\/uploads\/2026\/03\/Piece-2-PADD-VLBZ-2026-modif-pour-appro.pdf\">Deel 2 - PADD<\/a><\/strong><\/p>\n\n\n\n<p><strong><a href=\"https:\/\/www.villeneuve-les-beziers.fr\/wp-content\/uploads\/2026\/03\/Piece-3-OAP-VLBZ-2026-modif-pour-appro.pdf\">Deel 3 - OAP<\/a><\/strong><\/p>\n\n\n\n<p><strong><a href=\"https:\/\/www.villeneuve-les-beziers.fr\/wp-content\/uploads\/2026\/03\/Piece-4.1-Reglement-ecrit-VLBZ-2026-modif-pour-appro.pdf\">Deel 4.1 - Geschreven voorschriften<\/a><\/strong><\/p>\n\n\n\n<p><a href=\"https:\/\/www.villeneuve-les-beziers.fr\/wp-content\/uploads\/2026\/03\/Piece-4.2-zonage-VLBZ-2026.pdf\"><strong>Bijlage 4.2 Bestemming 1 7500<\/strong><\/a><\/p>\n\n\n\n<p><a href=\"https:\/\/www.villeneuve-les-beziers.fr\/wp-content\/uploads\/2026\/03\/Piece-4.3-zonage-VLBZ-2026.pdf\"><strong>Deel 4.3 Bestemming 1 2500<\/strong><\/a><\/p>\n\n\n\n<p><strong><a href=\"https:\/\/www.villeneuve-les-beziers.fr\/wp-content\/uploads\/2026\/03\/Annexes-1.zip\">Bijlagen 1<\/a><\/strong> (alle)<\/p>\n\n\n\n<p>Uittreksels :<\/p>\n\n\n\n<p><a href=\"https:\/\/www.villeneuve-les-beziers.fr\/wp-content\/uploads\/2026\/03\/Annexe-1.1-Liste-des-Servitudes-dUtilite-Publiques_.pdf\">Bijlage 1.1 - Lijst van erfdienstbaarheden van openbaar nut<\/a><\/p>\n\n\n\n<p><a href=\"https:\/\/www.villeneuve-les-beziers.fr\/wp-content\/uploads\/2026\/03\/plu-projet-appro-VLB-Annexe-1.2-servitudes.pdf\">Bijlage 1.2 Plan erfdienstbaarheden<\/a><\/p>\n\n\n\n<p><a href=\"https:\/\/www.villeneuve-les-beziers.fr\/wp-content\/uploads\/2026\/03\/Annexe-1.3_b_Cartographie-PDA.pdf\">Bijlage 1.3_b_Cartografie PDA<\/a><\/p>\n\n\n\n<p><a href=\"https:\/\/www.villeneuve-les-beziers.fr\/wp-content\/uploads\/2026\/03\/Annexe-1.4_c.AC2_Catographie_site_classe_paysages-du-canal-du-Midi.pdf\">Bijlage 1.4_c.AC2_Catografie_geclassificeerde_landschappen van het Canal du Midi<\/a><\/p>\n\n\n\n<p><a href=\"https:\/\/www.villeneuve-les-beziers.fr\/wp-content\/uploads\/2026\/03\/Annexe-1.8a-Arrete-PPRI-VLB.pdf\">Bijlage 1.8a - VLB PPRI-Beschikking<\/a><\/p>\n\n\n\n<p><a href=\"https:\/\/www.villeneuve-les-beziers.fr\/wp-content\/uploads\/2026\/03\/Annexe-1.8b-Reglement-PPRI-VLB.pdf\">Bijlage 1.8b - PPRI VLB voorschriften<\/a><\/p>\n\n\n\n<p><a href=\"https:\/\/www.villeneuve-les-beziers.fr\/wp-content\/uploads\/2026\/03\/Annexe-1.8c-zonage-PPRI-village.pdf\">Bijlage 1.8c - PPRI-dorpszonering<\/a><\/p>\n\n\n\n<p><a href=\"https:\/\/www.villeneuve-les-beziers.fr\/wp-content\/uploads\/2026\/03\/Annexe-1.8d-zonage-PPRI-commune.pdf\">Bijlage 1.8d - Lokale PPRI-zonering<\/a><\/p>\n\n\n\n<p><a href=\"https:\/\/www.villeneuve-les-beziers.fr\/wp-content\/uploads\/2026\/03\/Annexe-1.9-Servitude-PM3_Plan-de-Prevention-des-Risques-Technologiques-PPRT.zip\">Bijlage-1.9-Servitude-PM3_Plan-de-Preventie-des-Risques-Technologiques-PPRT<\/a><\/p>\n\n\n\n<p><a href=\"https:\/\/www.villeneuve-les-beziers.fr\/wp-content\/uploads\/2026\/03\/Annexe-1.10b-carte.pdf\">Bijlage 1.10b - Luchtvaartdienstbaarheidskaart<\/a><\/p>\n\n\n\n<p><strong><a href=\"https:\/\/www.villeneuve-les-beziers.fr\/wp-content\/uploads\/2026\/03\/Annexes-2.zip\">Bijlagen 2<\/a><\/strong> (alle)<\/p>\n\n\n\n<p>Uittreksels :<\/p>\n\n\n\n<p><a href=\"https:\/\/www.villeneuve-les-beziers.fr\/wp-content\/uploads\/2026\/03\/plu-projet-appro-VLB-Annexe-2.1-prescriptions.pdf\">Bijlage 2.1 voorschriftenplan<\/a><\/p>\n\n\n\n<p><a href=\"https:\/\/www.villeneuve-les-beziers.fr\/wp-content\/uploads\/2026\/03\/Annexe-2.5-a_Notice-durbanisme.pdf\">Bijlage 2.5 a_Stadsplanningsbericht<\/a><\/p>\n\n\n\n<p><a href=\"https:\/\/www.villeneuve-les-beziers.fr\/wp-content\/uploads\/2026\/03\/Annexe-2.5-b_Carte-dalea.pdf\">Bijlage 2.5 b_gevarenkaart<\/a><\/p>\n\n\n\n<p><a href=\"http:\/\/Annexe 2.5 c_Carte PHE\">Bijlage 2.5 c_Map PHE<\/a><\/p>\n\n\n\n<p><a href=\"https:\/\/www.villeneuve-les-beziers.fr\/wp-content\/uploads\/2026\/03\/Annexe-2.9-Prescriptions-SDIS.pdf\">Bijlage 2.9 SDIS-vereisten<\/a><\/p>\n\n\n\n<p><strong><a href=\"https:\/\/www.villeneuve-les-beziers.fr\/wp-content\/uploads\/2026\/03\/Annexes-3-et-4.zip\">Bijlagen 3 en 4<\/a><\/strong> (alle)<\/p>\n\n\n\n<p>Uittreksels :<\/p>\n\n\n\n<p><a href=\"https:\/\/www.villeneuve-les-beziers.fr\/wp-content\/uploads\/2026\/03\/Annexe-3.1_b_Reglementzonage-eaux-pluviales-CABM_.pdf\">Bijlage 3.1_b_Reglement&amp;zonage eaux pluviales CABM_ (Alleen Franse versie)<\/a><\/p>\n\n\n\n<p><\/p>\n\n\n\n<p><\/p>\n\n\n\n<h2 class=\"wp-block-heading\">Wat is een P.L.U.?<\/h2>\n\n\n\n<p>Het Stedenbouwkundig Plan verdeelt het gemeentelijk grondgebied in verschillende zones volgens hun kenmerken (wonen, individueel, collectief, stadscentrum, economische activiteit, groene ruimte, natuur, enz. Het legt de algemene regels en erfdienstbaarheden vast voor het grondgebruik in de hele gemeente. De bepalingen zijn van invloed op ons dagelijks leven (huisvesting, vervoer, parkeren, handel, economische activiteit, cultuur, sport, milieu, enz.)<\/p>\n\n\n\n<ul class=\"wp-block-list\">\n<li><strong>Het is een algemeen juridisch document<\/strong> die bindend is voor iedereen (individuen en rechtspersonen) en die gebruikt wordt als basis voor aanvragen voor landgebruik (bouwvergunningen, voorafgaande verklaring).<\/li>\n\n\n\n<li><strong>Het is een regelgevend document<\/strong> dat de stadsplanning in de gemeente regelt het is van toepassing op alle percelen in de gemeente, ongeacht wie de eigenaar is, het specificeert en reguleert het grondgebruik in de hele gemeente het definieert, in het bijzonder, de bouwrechten voor elk perceel in de gemeente.<\/li>\n\n\n\n<li><strong>Het is een stedenbouwkundig document<\/strong> het organiseert en definieert de stedelijke vorm het reserveert land voor de bouw van woningen en openbare voorzieningen (weg, school, sportveld, openbare tuin, enz.).<\/li>\n<\/ul>\n\n\n\n<p>Maar het is geen programmeringsdocument met een tijdschema voor werkzaamheden of ontwikkeling.<\/p>\n\n\n\n<h2 class=\"wp-block-heading\">Uit welke documenten bestaat een P.L.U.?<\/h2>\n\n\n\n<p>Het lokale stadsplanningsprogramma omvat een presentatierapport, een duurzaam ontwikkelingsplan voor de gemeente, verordeningen en grafische documenten. Het kan ook ontwikkelingsrichtlijnen voor wijken of sectoren bevatten, waar nodig vergezeld van grafische documenten.<\/p>\n\n\n\n<ul class=\"wp-block-list\">\n<li><strong>Het presentatierapport<\/strong> bevat een diagnose van de gemeente op een aantal gebieden: demografie, huisvesting, activiteiten, vervoer, openbare voorzieningen, enz. Tot slot worden de voorgestelde stedenbouwkundige keuzes gerechtvaardigd.<\/li>\n\n\n\n<li><strong>De P.A.D.D.<\/strong> definieert de algemene richtlijnen voor ontwikkeling en stedenbouw voor de hele gemeente. Het is het belangrijkste onderdeel van de P.L.U., en alle andere delen van het document moeten ermee verenigbaar zijn. De inhoud is gebaseerd op de drie pijlers van duurzame ontwikkeling:\n<ul class=\"wp-block-list\">\n<li>het handhaven van een evenwicht tussen stedelijke ontwikkeling en de bescherming van natuurgebieden,<\/li>\n\n\n\n<li>zorgen voor sociale en stedelijke diversiteit,<\/li>\n\n\n\n<li>zuinig omspringen met ruimte, natuurlijke hulpbronnen behouden en rekening houden met duurzame ontwikkeling.<\/li>\n<\/ul>\n<\/li>\n<\/ul>\n\n\n\n<ul class=\"wp-block-list\">\n<li><strong>De voorschriften<\/strong> bevat de algemene regels en erfdienstbaarheden voor landgebruik, in overeenstemming met het PDAD.<\/li>\n\n\n\n<li><strong>Grafische documenten<\/strong> (plannen) zijn een grafische vertaling van de verordeningen. Ze tonen met name de \"U\"-stadszones, de \"AU\"-stadsontwikkelingszones, de \"A\"-landbouwzones en de \"N\"-natuurzones.<\/li>\n\n\n\n<li><strong>Richtlijnen voor ontwikkeling<\/strong> met betrekking tot buurten of gebieden die verbeterd, gerenoveerd, gestructureerd of ontwikkeld moeten worden.<\/li>\n<\/ul>\n\n\n\n<p>Bijkomende documenten met informatie over: openbare erfdienstbaarheden (historische en natuurlijke monumenten en locaties, luchtverkeer, risicopreventieplannen, enz.)<\/p>","protected":false},"excerpt":{"rendered":"<p>Le Plan Local d\u2019Urbanisme (P.L.U) a succ\u00e9d\u00e9 au Plan d\u2019Occupation de Sols (P.O.S). Le PLU r\u00e9vis\u00e9 a \u00e9t\u00e9 approuv\u00e9 par le Conseil Municipal le 23 f\u00e9vrier 2026. La totalit\u00e9 du P.L.U est consultable sur le site g\u00e9oportail. Consulter en ligne le PLU D\u00e9lib\u00e9ration du 23 f\u00e9vrier 2026 Pi\u00e8ce 0 &#8211; PG G\u00e9n\u00e9rale&amp;Liste Pi\u00e8ces PLU Pi\u00e8ce [&hellip;]<\/p>\n","protected":false},"author":1,"featured_media":4385,"parent":204,"menu_order":0,"comment_status":"closed","ping_status":"closed","template":"","meta":{"footnotes":""},"class_list":["post-818","page","type-page","status-publish","has-post-thumbnail","hentry"],"_links":{"self":[{"href":"https:\/\/www.villeneuve-les-beziers.fr\/nl\/wp-json\/wp\/v2\/pages\/818","targetHints":{"allow":["GET"]}}],"collection":[{"href":"https:\/\/www.villeneuve-les-beziers.fr\/nl\/wp-json\/wp\/v2\/pages"}],"about":[{"href":"https:\/\/www.villeneuve-les-beziers.fr\/nl\/wp-json\/wp\/v2\/types\/page"}],"author":[{"embeddable":true,"href":"https:\/\/www.villeneuve-les-beziers.fr\/nl\/wp-json\/wp\/v2\/users\/1"}],"replies":[{"embeddable":true,"href":"https:\/\/www.villeneuve-les-beziers.fr\/nl\/wp-json\/wp\/v2\/comments?post=818"}],"version-history":[{"count":9,"href":"https:\/\/www.villeneuve-les-beziers.fr\/nl\/wp-json\/wp\/v2\/pages\/818\/revisions"}],"predecessor-version":[{"id":20693,"href":"https:\/\/www.villeneuve-les-beziers.fr\/nl\/wp-json\/wp\/v2\/pages\/818\/revisions\/20693"}],"up":[{"embeddable":true,"href":"https:\/\/www.villeneuve-les-beziers.fr\/nl\/wp-json\/wp\/v2\/pages\/204"}],"wp:featuredmedia":[{"embeddable":true,"href":"https:\/\/www.villeneuve-les-beziers.fr\/nl\/wp-json\/wp\/v2\/media\/4385"}],"wp:attachment":[{"href":"https:\/\/www.villeneuve-les-beziers.fr\/nl\/wp-json\/wp\/v2\/media?parent=818"}],"curies":[{"name":"wp","href":"https:\/\/api.w.org\/{rel}","templated":true}]}}