{"id":949,"date":"2019-04-15T15:44:53","date_gmt":"2019-04-15T13:44:53","guid":{"rendered":"http:\/\/localhost\/?page_id=949"},"modified":"2025-09-02T10:06:47","modified_gmt":"2025-09-02T08:06:47","slug":"huwelijk","status":"publish","type":"page","link":"https:\/\/www.villeneuve-les-beziers.fr\/nl\/demarches\/le-mariage\/","title":{"rendered":"De bruiloft"},"content":{"rendered":"<h2 class=\"wp-block-heading\">Waar kan de bruiloft plaatsvinden?<\/h2>\n\n\n\n<p>De locatie kan een van de volgende gemeenten zijn:<\/p>\n\n\n\n<ul class=\"wp-block-list\">\n<li>die van de woon- of verblijfplaats van een van de toekomstige echtgenoten,<\/li>\n\n\n\n<li>Dat van de woon- of verblijfplaats van een familielid van de toekomstige echtgenoten.<\/li>\n<\/ul>\n\n\n\n<h2 class=\"wp-block-heading\">Wanneer kunnen huwelijken worden voltrokken?<\/h2>\n\n\n\n<p>Het huwelijk mag niet voor 10 december worden voltrokken.<sup>th<\/sup> dag na publicatie van de bannnen.<\/p>\n\n\n\n<p>De dag van de viering wordt afgesproken met de Mairie.<\/p>\n\n\n\n<p>Te verstrekken documenten :<\/p>\n\n\n\n<ul class=\"wp-block-list\">\n<li>Volledige kopie van geboorteakte\n<ul class=\"wp-block-list\">\n<li>minder dan 3 maanden voor de huwelijksdatum gedateerd is, als het in Frankrijk is afgegeven<\/li>\n\n\n\n<li>minder dan zes maanden voor de huwelijksdatum gedateerd is, indien afgegeven door een consulaat<\/li>\n<\/ul>\n<\/li>\n\n\n\n<li>Een identiteitsbewijs uitgegeven door een overheidsinstantie<\/li>\n\n\n\n<li>Bewijs van adres of woonplaats<\/li>\n\n\n\n<li>Een bewijs van celibaat of niet hertrouwen voor buitenlandse staatsburgers en een bewijs van gewoonte.<\/li>\n\n\n\n<li>Kopie van het identiteitsbewijs van de getuigen (de getuigen moeten meerderjarig zijn; er moeten er minstens 2 en niet meer dan 4 zijn)<\/li>\n\n\n\n<li>Een certificaat van de notaris als er een huwelijkscontract is opgesteld<\/li>\n\n\n\n<li>De formulieren die door de ambtenaar van de burgerlijke stand worden gegeven en door de toekomstige echtgenoten worden ingevuld<\/li>\n<\/ul>\n\n\n\n<h2 class=\"wp-block-heading\">Waar kan ik mijn huwelijksaanvraag ophalen en indienen?<\/h2>\n\n\n\n<p>Bij de afdeling Burgerlijke Stand in het stadhuis, 1 rue de la Marianne.<\/p>\n\n\n\n<h2 class=\"wp-block-heading\">Wanneer kan ik mijn huwelijksaanvraag ophalen en indienen?<\/h2>\n\n\n\n<ul class=\"wp-block-list\">\n<li>Aanvragen kunnen elke dag van maandag tot en met vrijdag van 9.00 tot 12.00 en van 14.00 tot 17.00 worden afgehaald.<\/li>\n\n\n\n<li>Volledige aanvragen kunnen alleen op afspraak worden ingediend.<\/li>\n<\/ul>\n\n\n\n<h2 class=\"wp-block-heading\">Deadlines voor het indienen van aanvragen<\/h2>\n\n\n\n<p>De volledige aanvraag moet worden ingediend :<\/p>\n\n\n\n<ul class=\"wp-block-list\">\n<li>30 dagen voor de trouwdatum als de toekomstige echtgenoten de Franse nationaliteit hebben<\/li>\n\n\n\n<li>45 dagen voor het huwelijk als de echtgenoten buitenlandse onderdanen zijn of in het buitenland wonen<\/li>\n<\/ul>","protected":false},"excerpt":{"rendered":"<p>O\u00f9 le mariage peut-il \u00eatre c\u00e9l\u00e9br\u00e9 ? Le lieu peut \u00eatre l&rsquo;une des communes suivantes : Quand les mariages peuvent-ils \u00eatre c\u00e9l\u00e9br\u00e9s ? Le mariage ne peut pas \u00eatre c\u00e9l\u00e9br\u00e9 avant le 10\u00e8me jour qui suit la publication des bans. Le jour de la c\u00e9l\u00e9bration est fix\u00e9 en accord avec la mairie. Documents \u00e0 fournir [&hellip;]<\/p>\n","protected":false},"author":1,"featured_media":19309,"parent":853,"menu_order":0,"comment_status":"closed","ping_status":"closed","template":"","meta":{"footnotes":""},"class_list":["post-949","page","type-page","status-publish","has-post-thumbnail","hentry"],"_links":{"self":[{"href":"https:\/\/www.villeneuve-les-beziers.fr\/nl\/wp-json\/wp\/v2\/pages\/949","targetHints":{"allow":["GET"]}}],"collection":[{"href":"https:\/\/www.villeneuve-les-beziers.fr\/nl\/wp-json\/wp\/v2\/pages"}],"about":[{"href":"https:\/\/www.villeneuve-les-beziers.fr\/nl\/wp-json\/wp\/v2\/types\/page"}],"author":[{"embeddable":true,"href":"https:\/\/www.villeneuve-les-beziers.fr\/nl\/wp-json\/wp\/v2\/users\/1"}],"replies":[{"embeddable":true,"href":"https:\/\/www.villeneuve-les-beziers.fr\/nl\/wp-json\/wp\/v2\/comments?post=949"}],"version-history":[{"count":1,"href":"https:\/\/www.villeneuve-les-beziers.fr\/nl\/wp-json\/wp\/v2\/pages\/949\/revisions"}],"predecessor-version":[{"id":20335,"href":"https:\/\/www.villeneuve-les-beziers.fr\/nl\/wp-json\/wp\/v2\/pages\/949\/revisions\/20335"}],"up":[{"embeddable":true,"href":"https:\/\/www.villeneuve-les-beziers.fr\/nl\/wp-json\/wp\/v2\/pages\/853"}],"wp:featuredmedia":[{"embeddable":true,"href":"https:\/\/www.villeneuve-les-beziers.fr\/nl\/wp-json\/wp\/v2\/media\/19309"}],"wp:attachment":[{"href":"https:\/\/www.villeneuve-les-beziers.fr\/nl\/wp-json\/wp\/v2\/media?parent=949"}],"curies":[{"name":"wp","href":"https:\/\/api.w.org\/{rel}","templated":true}]}}