{"id":958,"date":"2019-04-15T15:46:29","date_gmt":"2019-04-15T13:46:29","guid":{"rendered":"http:\/\/localhost\/?page_id=958"},"modified":"2024-11-25T17:37:46","modified_gmt":"2024-11-25T16:37:46","slug":"kieslijsten","status":"publish","type":"page","link":"https:\/\/www.villeneuve-les-beziers.fr\/nl\/demarches\/listes-electorales\/","title":{"rendered":"Verkiezingslijst registraties"},"content":{"rendered":"<p>Aanvragen worden het hele jaar door ontvangen bij de Mairie H\u00f4tel de Ville, 1 rue de la Marianne, 34420 Villeneuve-L\u00e8s-B\u00e9ziers.<\/p>\n\n\n\n<h2 class=\"wp-block-heading\">Vereisten<\/h2>\n\n\n\n<ul class=\"wp-block-list\">\n<li>Franse nationaliteit of nationaliteit van een lidstaat van de Europese Gemeenschap<\/li>\n\n\n\n<li>18 jaar oud zijn (of 18 worden voor 1 maart van het volgende jaar)<\/li>\n\n\n\n<li>Uw burgerlijke en politieke rechten mogen u niet zijn ontnomen<\/li>\n<\/ul>\n\n\n\n<h2 class=\"wp-block-heading\">Te verstrekken documenten<\/h2>\n\n\n\n<p>Kiezers met de Franse nationaliteit moeten de volgende documenten overleggen:<\/p>\n\n\n\n<ul class=\"wp-block-list\">\n<li>Een geldige nationale identiteitskaart of paspoort, of een paspoort waarvan de geldigheid is verlopen in het jaar voorafgaand aan de indiening van de registratieaanvraag.<\/li>\n\n\n\n<li>Nationale identiteitskaart of paspoort dat meer dan een jaar geleden is verlopen, vergezeld van een nationaliteitscertificaat<\/li>\n\n\n\n<li>Alle andere identiteitsdocumenten voorzien van een foto in overeenstemming met artikel 1 van het decreet van 19\/12\/2007, vergezeld van een nationaliteitsbewijs of naturalisatiebesluit.<\/li>\n\n\n\n<li>Bewijs van adres (elektriciteits- of waterrekening, etc.) minder dan 3 maanden oud.<\/li>\n<\/ul>\n\n\n\n<h2 class=\"wp-block-heading\">Onderdanen van de Europese Unie<\/h2>\n\n\n\n<p>Onderdanen van de Europese Unie moeten :<\/p>\n\n\n\n<ul class=\"wp-block-list\">\n<li>Een geldige nationale identiteitskaart of geldig paspoort, of een paspoort waarvan de geldigheid is verlopen in het jaar voorafgaand aan de indiening van de aanvraag, afgegeven door de bevoegde autoriteiten van de Staat waarvan de houder een onderdaan is.<\/li>\n\n\n\n<li>Een geldige verblijfsvergunning of een verblijfsvergunning die is verlopen in het jaar voorafgaand aan de aanvraag.<\/li>\n\n\n\n<li>Bewijs van adres (EDF of waterrekening....) minder dan 3 maanden oud.<\/li>\n<\/ul>\n\n\n\n<h2 class=\"wp-block-heading\">Registratie per post<\/h2>\n\n\n\n<p>De volgende documenten zijn vereist:<\/p>\n\n\n\n<ul class=\"wp-block-list\">\n<li>Registratieformulier kiezerslijst (beschikbaar op de website \"service-public.fr\")<\/li>\n\n\n\n<li>Fotokopie van beide zijden van het HUIDIGE identiteitsbewijs<\/li>\n\n\n\n<li>Bewijs van domicilie of woonplaats in de gemeente minder dan 3 maanden oud of bewijs van inschrijving in het lokale belastingregister voor meer dan 5 jaar.<\/li>\n<\/ul>\n\n\n\n<h2 class=\"wp-block-heading\">Adreswijziging in de gemeente<\/h2>\n\n\n\n<p>Adreswijzigingen in de gemeente worden het hele jaar door ontvangen in het H\u00f4tel de Ville, 1 rue de la Marianne, 34420 Villeneuve-L\u00e8s-B\u00e9ziers.<\/p>\n\n\n\n<p>Te verstrekken documenten:<\/p>\n\n\n\n<ul class=\"wp-block-list\">\n<li>Bewijs van minder dan 3 maanden verblijf in de stad (huur-, water-, gas- of elektriciteitsrekening)<\/li>\n\n\n\n<li>Een identiteitsbewijs (geldige identiteitskaart of paspoort of verblijfsvergunning voor EU-burgers)<\/li>\n<\/ul>\n\n\n\n<h2 class=\"wp-block-heading\">Raadpleging van kiezerslijsten<\/h2>\n\n\n\n<p>De lijsten kunnen op het stadhuis worden geraadpleegd door elke kiezer die :<\/p>\n\n\n\n<ul class=\"wp-block-list\">\n<li>hun kiezerskaart overleggen in een gemeente op Frans grondgebied<\/li>\n\n\n\n<li>verbindt zich ertoe deze niet voor commerci\u00eble doeleinden te gebruiken<\/li>\n<\/ul>\n\n\n\n<p>Een kopie kan worden afgegeven tegen betaling van het geldende tarief.<\/p>","protected":false},"excerpt":{"rendered":"<p>Les demandes d&rsquo;inscription sont re\u00e7ues toute l&rsquo;ann\u00e9e en Mairie H\u00f4tel de Ville, 1 rue de la Marianne, 34420 Villeneuve-L\u00e8s-B\u00e9ziers. Conditions requises Pi\u00e8ces \u00e0 fournir Pour les \u00e9lecteurs de nationalit\u00e9 fran\u00e7aise, les documents suivants seront \u00e0 pr\u00e9senter : Ressortissants de l&rsquo;Union europ\u00e9enne Les ressortissants de l&rsquo;Union europ\u00e9enne devront produire : Inscriptions par correspondance Les documents requis [&hellip;]<\/p>\n","protected":false},"author":1,"featured_media":1019,"parent":853,"menu_order":0,"comment_status":"closed","ping_status":"closed","template":"","meta":{"footnotes":""},"class_list":["post-958","page","type-page","status-publish","has-post-thumbnail","hentry"],"_links":{"self":[{"href":"https:\/\/www.villeneuve-les-beziers.fr\/nl\/wp-json\/wp\/v2\/pages\/958","targetHints":{"allow":["GET"]}}],"collection":[{"href":"https:\/\/www.villeneuve-les-beziers.fr\/nl\/wp-json\/wp\/v2\/pages"}],"about":[{"href":"https:\/\/www.villeneuve-les-beziers.fr\/nl\/wp-json\/wp\/v2\/types\/page"}],"author":[{"embeddable":true,"href":"https:\/\/www.villeneuve-les-beziers.fr\/nl\/wp-json\/wp\/v2\/users\/1"}],"replies":[{"embeddable":true,"href":"https:\/\/www.villeneuve-les-beziers.fr\/nl\/wp-json\/wp\/v2\/comments?post=958"}],"version-history":[{"count":1,"href":"https:\/\/www.villeneuve-les-beziers.fr\/nl\/wp-json\/wp\/v2\/pages\/958\/revisions"}],"predecessor-version":[{"id":19440,"href":"https:\/\/www.villeneuve-les-beziers.fr\/nl\/wp-json\/wp\/v2\/pages\/958\/revisions\/19440"}],"up":[{"embeddable":true,"href":"https:\/\/www.villeneuve-les-beziers.fr\/nl\/wp-json\/wp\/v2\/pages\/853"}],"wp:featuredmedia":[{"embeddable":true,"href":"https:\/\/www.villeneuve-les-beziers.fr\/nl\/wp-json\/wp\/v2\/media\/1019"}],"wp:attachment":[{"href":"https:\/\/www.villeneuve-les-beziers.fr\/nl\/wp-json\/wp\/v2\/media?parent=958"}],"curies":[{"name":"wp","href":"https:\/\/api.w.org\/{rel}","templated":true}]}}