{"id":964,"date":"2019-04-15T15:47:12","date_gmt":"2019-04-15T13:47:12","guid":{"rendered":"http:\/\/localhost\/?page_id=964"},"modified":"2024-11-22T15:37:28","modified_gmt":"2024-11-22T14:37:28","slug":"legalisatie-van-handtekening","status":"publish","type":"page","link":"https:\/\/www.villeneuve-les-beziers.fr\/nl\/demarches\/legalisation-de-signature\/","title":{"rendered":"Legalisatie van handtekening"},"content":{"rendered":"<h2 class=\"wp-block-heading\">Wat is het?<\/h2>\n\n\n\n<p>Deze formaliteit bevestigt dat de handtekening op het document overeenkomt met de identiteit van de persoon die het document heeft ondertekend.<\/p>\n\n\n\n<h2 class=\"wp-block-heading\">Waar?<\/h2>\n\n\n\n<p>Aanvragen moeten op het gemeentehuis worden ingediend.<\/p>\n\n\n\n<h2 class=\"wp-block-heading\">Vereisten<\/h2>\n\n\n\n<ul class=\"wp-block-list\">\n<li>De aanvrager moet in aanwezigheid van de bevoegde werknemer tekenen.<\/li>\n\n\n\n<li>Zij moeten hun identiteit bewijzen (nationale identiteitskaart, paspoort, geldige verblijfsvergunning).<\/li>\n\n\n\n<li>Het document in kwestie moet in het Frans geschreven zijn en moet wettig, in het algemeen belang en in overeenstemming met de administratieve regels zijn.<\/li>\n\n\n\n<li>Geen enkel priv\u00e9-document mag als handtekening worden gewaarmerkt<\/li>\n\n\n\n<li>Geen toestemming voor het uitlenen van voertuigen in het buitenland zal worden gelegaliseerd<\/li>\n<\/ul>\n\n\n\n<p>Handtekeningauthenticaties worden niet langer uitgevoerd op documenten die alleen van priv\u00e9belang zijn.<\/p>\n\n\n\n<p>Om een administratieve verplichting tot afgifte van het document aan te tonen: toon de aanvraagbrief van de organisatie die het document aanvraagt.<\/p>\n\n\n\n<p>Lees meer op de offici\u00eble website van de Franse overheid: <a href=\"http:\/\/www.service-public.fr\" target=\"_blank\" rel=\"noopener noreferrer nofollow\">service-public.fr<\/a><\/p>","protected":false},"excerpt":{"rendered":"<p>Qu&rsquo;est-ce que c&rsquo;est ? Cette formalit\u00e9 permet d&rsquo;attester que la signature appos\u00e9e sur le document correspond \u00e0 l&rsquo;identit\u00e9 de la personne qui a sign\u00e9 O\u00f9 ? La demande doit \u00eatre effectu\u00e9e \u00e0 la mairie. Conditions requises Les l\u00e9galisations de signature ne sont d\u00e9sormais plus r\u00e9alis\u00e9es sur des documents ne rev\u00eatant qu&rsquo;un int\u00e9r\u00eat priv\u00e9. Pour justifier [&hellip;]<\/p>\n","protected":false},"author":1,"featured_media":1027,"parent":853,"menu_order":0,"comment_status":"closed","ping_status":"closed","template":"","meta":{"footnotes":""},"class_list":["post-964","page","type-page","status-publish","has-post-thumbnail","hentry"],"_links":{"self":[{"href":"https:\/\/www.villeneuve-les-beziers.fr\/nl\/wp-json\/wp\/v2\/pages\/964","targetHints":{"allow":["GET"]}}],"collection":[{"href":"https:\/\/www.villeneuve-les-beziers.fr\/nl\/wp-json\/wp\/v2\/pages"}],"about":[{"href":"https:\/\/www.villeneuve-les-beziers.fr\/nl\/wp-json\/wp\/v2\/types\/page"}],"author":[{"embeddable":true,"href":"https:\/\/www.villeneuve-les-beziers.fr\/nl\/wp-json\/wp\/v2\/users\/1"}],"replies":[{"embeddable":true,"href":"https:\/\/www.villeneuve-les-beziers.fr\/nl\/wp-json\/wp\/v2\/comments?post=964"}],"version-history":[{"count":0,"href":"https:\/\/www.villeneuve-les-beziers.fr\/nl\/wp-json\/wp\/v2\/pages\/964\/revisions"}],"up":[{"embeddable":true,"href":"https:\/\/www.villeneuve-les-beziers.fr\/nl\/wp-json\/wp\/v2\/pages\/853"}],"wp:featuredmedia":[{"embeddable":true,"href":"https:\/\/www.villeneuve-les-beziers.fr\/nl\/wp-json\/wp\/v2\/media\/1027"}],"wp:attachment":[{"href":"https:\/\/www.villeneuve-les-beziers.fr\/nl\/wp-json\/wp\/v2\/media?parent=964"}],"curies":[{"name":"wp","href":"https:\/\/api.w.org\/{rel}","templated":true}]}}