{"id":979,"date":"2019-04-15T15:49:14","date_gmt":"2019-04-15T13:49:14","guid":{"rendered":"http:\/\/localhost\/?page_id=979"},"modified":"2024-11-22T15:46:18","modified_gmt":"2024-11-22T14:46:18","slug":"verklaring-van-honden","status":"publish","type":"page","link":"https:\/\/www.villeneuve-les-beziers.fr\/nl\/demarches\/declaration-de-chiens\/","title":{"rendered":"Verklaring van honden van de 1e en 2e categorie"},"content":{"rendered":"<p>In overeenstemming met de wet- en regelgeving met betrekking tot gevaarlijke dieren bent u, als eigenaar of houder van honden van de 1e en 2e categorie, sinds 1 januari 2010 verplicht om een bezitsvergunning (voor honden ouder dan 1 jaar) of een voorlopige bezitsvergunning (voor honden jonger dan acht maanden) aan te vragen bij uw gemeentehuis.<\/p>\n\n\n\n<h2 class=\"wp-block-heading\">Procedure<\/h2>\n\n\n\n<p>De afgifte van een van deze vergunningen is afhankelijk van de indiening, bij de Police Municipale, van een dossier met de volgende documenten:<\/p>\n\n\n\n<h2 class=\"wp-block-heading\">Waar?<\/h2>\n\n\n\n<p>Bij de gemeentelijke politie, place Gabriel P\u00e9ri 34420 Villeneuve-l\u00e8s-B\u00e9ziers<br>Tel.: 04.67.39.90.01<\/p>\n\n\n\n<h2 class=\"wp-block-heading\">Wie is het?<\/h2>\n\n\n\n<p>De verklaring moet worden gedaan door de eigenaar van de hond<\/p>\n\n\n\n<h2 class=\"wp-block-heading\">Te presenteren documenten<\/h2>\n\n\n\n<ul class=\"wp-block-list\">\n<li>Hondenboekje<\/li>\n\n\n\n<li>Identiteitskaart (met tatoeagenummer)<\/li>\n\n\n\n<li>Geldig inentingsbewijs tegen hondsdolheid<\/li>\n\n\n\n<li>Geldig verzekeringsbewijs<\/li>\n\n\n\n<li>Voor honden van de 1e categorie: sterilisatiecertificaat<\/li>\n\n\n\n<li>Bekwaamheidscertificaat van de eigenaar, afgegeven door een erkende trainer<\/li>\n\n\n\n<li>Certificaat van gedragsbeoordeling van de hond, afgegeven door een erkende dierenarts. Aangezien dit certificaat alleen kan worden afgegeven voor honden ouder dan 8 maanden, wordt een voorlopige vergunning afgegeven voor dieren jonger dan 8 maanden.<\/li>\n<\/ul>","protected":false},"excerpt":{"rendered":"<p>Conform\u00e9ment aux dispositions l\u00e9gislatives et r\u00e9glementaires relatives aux animaux dangereux, si vous \u00eates propri\u00e9taire ou d\u00e9tenteur de chiens de 1\u00e8re et 2\u00e8me cat\u00e9gorie vous avez, depuis le 1er Janvier 2010, l\u2019obligation d\u2019obtenir aupr\u00e8s de la mairie de votre domicile un permis de d\u00e9tention (pour les chiens de plus de 1 an) ou un permis provisoire [&hellip;]<\/p>\n","protected":false},"author":1,"featured_media":15648,"parent":853,"menu_order":0,"comment_status":"closed","ping_status":"closed","template":"","meta":{"footnotes":""},"class_list":["post-979","page","type-page","status-publish","has-post-thumbnail","hentry"],"_links":{"self":[{"href":"https:\/\/www.villeneuve-les-beziers.fr\/nl\/wp-json\/wp\/v2\/pages\/979","targetHints":{"allow":["GET"]}}],"collection":[{"href":"https:\/\/www.villeneuve-les-beziers.fr\/nl\/wp-json\/wp\/v2\/pages"}],"about":[{"href":"https:\/\/www.villeneuve-les-beziers.fr\/nl\/wp-json\/wp\/v2\/types\/page"}],"author":[{"embeddable":true,"href":"https:\/\/www.villeneuve-les-beziers.fr\/nl\/wp-json\/wp\/v2\/users\/1"}],"replies":[{"embeddable":true,"href":"https:\/\/www.villeneuve-les-beziers.fr\/nl\/wp-json\/wp\/v2\/comments?post=979"}],"version-history":[{"count":0,"href":"https:\/\/www.villeneuve-les-beziers.fr\/nl\/wp-json\/wp\/v2\/pages\/979\/revisions"}],"up":[{"embeddable":true,"href":"https:\/\/www.villeneuve-les-beziers.fr\/nl\/wp-json\/wp\/v2\/pages\/853"}],"wp:featuredmedia":[{"embeddable":true,"href":"https:\/\/www.villeneuve-les-beziers.fr\/nl\/wp-json\/wp\/v2\/media\/15648"}],"wp:attachment":[{"href":"https:\/\/www.villeneuve-les-beziers.fr\/nl\/wp-json\/wp\/v2\/media?parent=979"}],"curies":[{"name":"wp","href":"https:\/\/api.w.org\/{rel}","templated":true}]}}