{"id":986,"date":"2019-04-15T15:50:02","date_gmt":"2019-04-15T13:50:02","guid":{"rendered":"http:\/\/localhost\/?page_id=986"},"modified":"2024-11-22T15:25:55","modified_gmt":"2024-11-22T14:25:55","slug":"militaire-volkstelling","status":"publish","type":"page","link":"https:\/\/www.villeneuve-les-beziers.fr\/nl\/demarches\/recensement-militaire\/","title":{"rendered":"Militaire volkstelling"},"content":{"rendered":"<p><\/p>\n\n\n\n<p>Alle burgers van 16 jaar moeten zich inschrijven bij hun plaatselijke Mairie. Hun wettelijke vertegenwoordiger kan dit namens hen doen. <\/p>\n\n\n\n<p>Sinds 1999 moeten jongens en meisjes die op of na 1 januari 1983 geboren zijn, zich inschrijven in hun geboortemaand.<br>Er wordt een volkstellingscertificaat uitgegeven, samen met een informatieboekje over de nieuwe nationale dienst.<\/p>\n\n\n\n<p>Tentoonstellen :<br>- Familiedossier of geboorteakte<br>- Geldige identiteitskaart.<\/p>\n\n\n\n<p>Als u dit certificaat kwijtraakt, moet u een duplicaat aanvragen bij :<br>Nationaal Dienstencentrum Caserne Mangin<br>BP 60910 - 66020 Perpignan Cedex<br>Tel.: 04 68 35 89 56<\/p>","protected":false},"excerpt":{"rendered":"<p>Tout citoyen \u00e2g\u00e9 de 16 ans est tenu de se faire recenser \u00e0 la mairie de son domicile. Le repr\u00e9sentant l\u00e9gal peut effectuer cette d\u00e9marche \u00e0 sa place. Depuis 1999, les gar\u00e7ons et les filles n\u00e9s \u00e0 partir du 1er janvier 1983 se font recenser dans leur mois d&rsquo;anniversaire.Une attestation de recensement est remise, ainsi [&hellip;]<\/p>\n","protected":false},"author":1,"featured_media":1187,"parent":853,"menu_order":0,"comment_status":"closed","ping_status":"closed","template":"","meta":{"footnotes":""},"class_list":["post-986","page","type-page","status-publish","has-post-thumbnail","hentry"],"_links":{"self":[{"href":"https:\/\/www.villeneuve-les-beziers.fr\/nl\/wp-json\/wp\/v2\/pages\/986","targetHints":{"allow":["GET"]}}],"collection":[{"href":"https:\/\/www.villeneuve-les-beziers.fr\/nl\/wp-json\/wp\/v2\/pages"}],"about":[{"href":"https:\/\/www.villeneuve-les-beziers.fr\/nl\/wp-json\/wp\/v2\/types\/page"}],"author":[{"embeddable":true,"href":"https:\/\/www.villeneuve-les-beziers.fr\/nl\/wp-json\/wp\/v2\/users\/1"}],"replies":[{"embeddable":true,"href":"https:\/\/www.villeneuve-les-beziers.fr\/nl\/wp-json\/wp\/v2\/comments?post=986"}],"version-history":[{"count":0,"href":"https:\/\/www.villeneuve-les-beziers.fr\/nl\/wp-json\/wp\/v2\/pages\/986\/revisions"}],"up":[{"embeddable":true,"href":"https:\/\/www.villeneuve-les-beziers.fr\/nl\/wp-json\/wp\/v2\/pages\/853"}],"wp:featuredmedia":[{"embeddable":true,"href":"https:\/\/www.villeneuve-les-beziers.fr\/nl\/wp-json\/wp\/v2\/media\/1187"}],"wp:attachment":[{"href":"https:\/\/www.villeneuve-les-beziers.fr\/nl\/wp-json\/wp\/v2\/media?parent=986"}],"curies":[{"name":"wp","href":"https:\/\/api.w.org\/{rel}","templated":true}]}}